{"id":717572,"date":"2025-08-27T17:57:04","date_gmt":"2025-08-27T14:57:04","guid":{"rendered":"https:\/\/roveyayinevi.com.tr\/index.php\/urun\/yonetim-ve-spor\/"},"modified":"2025-10-30T12:04:58","modified_gmt":"2025-10-30T09:04:58","slug":"yonetim-ve-spor","status":"publish","type":"product","link":"https:\/\/roveyayinevi.com.tr\/index.php\/urun\/yonetim-ve-spor\/","title":{"rendered":"Y\u00f6netim ve Spor"},"content":{"rendered":"<p>\u0130\u00e7indekiler    K\u0131s\u0131m 1 Y\u00f6netim B\u00f6l\u00fcm 1: Y\u00f6netim Bilimi: Tarihi Geli\u015fim S\u00fcreci ve Alt Dallar\u0131 B\u00f6l\u00fcm 2: Y\u00f6netim Fonksiyonlar\u0131 B\u00f6l\u00fcm 3: Y\u00f6netim Yakla\u015f\u0131mlar\u0131 B\u00f6l\u00fcm 4: Postmodern Y\u00f6netim Yakla\u015f\u0131mlar\u0131 B\u00f6l\u00fcm 5:Y\u00f6netimsel Kavramlar B\u00f6l\u00fcm 6: Halkla \u0130li\u015fkiler B\u00f6l\u00fcm 7: Halkla \u0130li\u015fkiler K\u0131s\u0131m 2 Spor Y\u00f6netimi B\u00f6l\u00fcm 8: T\u00fcrk Spor Y\u00f6netimi B\u00f6l\u00fcm 9: T\u00fcrkiye&#8217;nin Spor Politikalar\u0131 B\u00f6l\u00fcm 10: T\u00fcrkiye&#8217;de Yerel Y\u00f6netimler ve Spor B\u00f6l\u00fcm 11: Spor Ekonomisi B\u00f6l\u00fcm 12: Spor Pazarlamas\u0131 B\u00f6l\u00fcm 13: Spor Sponsorlu\u011fu B\u00f6l\u00fcm 14: Spor Hizmetlerinde Kalite <\/p>\n","protected":false},"excerpt":{"rendered":"<p>\u0130\u00e7indekiler K\u0131s\u0131m 1 Y\u00f6netim B\u00f6l\u00fcm 1: Y\u00f6netim Bilimi: Tarihi Geli\u015fim S\u00fcreci ve Alt Dallar\u0131 B\u00f6l\u00fcm 2: Y\u00f6netim Fonksiyonlar\u0131 B\u00f6l\u00fcm 3: Y\u00f6netim Yakla\u015f\u0131mlar\u0131 B\u00f6l\u00fcm 4: Postmodern Y\u00f6netim<span class=\"excerpt-hellip\"> [\u2026]<\/span><\/p>\n","protected":false},"featured_media":0,"template":"","meta":{"_monsterinsights_skip_tracking":false,"_monsterinsights_sitenote_active":false,"_monsterinsights_sitenote_note":"","_monsterinsights_sitenote_category":0},"product_brand":[],"product_cat":[15563,15564],"product_tag":[],"class_list":{"0":"post-717572","1":"product","2":"type-product","3":"status-publish","5":"product_cat-hobi","6":"product_cat-spor","7":"pa_cilt-ciltsiz","8":"pa_tur-kitap","9":"pa_yayinevi-gazi-kitabevi","10":"pa_yazar-kolektif","12":"first","13":"instock","14":"sale","15":"shipping-taxable","16":"purchasable","17":"product-type-simple"},"_links":{"self":[{"href":"https:\/\/roveyayinevi.com.tr\/index.php\/wp-json\/wp\/v2\/product\/717572","targetHints":{"allow":["GET"]}}],"collection":[{"href":"https:\/\/roveyayinevi.com.tr\/index.php\/wp-json\/wp\/v2\/product"}],"about":[{"href":"https:\/\/roveyayinevi.com.tr\/index.php\/wp-json\/wp\/v2\/types\/product"}],"wp:attachment":[{"href":"https:\/\/roveyayinevi.com.tr\/index.php\/wp-json\/wp\/v2\/media?parent=717572"}],"wp:term":[{"taxonomy":"product_brand","embeddable":true,"href":"https:\/\/roveyayinevi.com.tr\/index.php\/wp-json\/wp\/v2\/product_brand?post=717572"},{"taxonomy":"product_cat","embeddable":true,"href":"https:\/\/roveyayinevi.com.tr\/index.php\/wp-json\/wp\/v2\/product_cat?post=717572"},{"taxonomy":"product_tag","embeddable":true,"href":"https:\/\/roveyayinevi.com.tr\/index.php\/wp-json\/wp\/v2\/product_tag?post=717572"}],"curies":[{"name":"wp","href":"https:\/\/api.w.org\/{rel}","templated":true}]}}