{"id":717571,"date":"2025-08-27T17:57:04","date_gmt":"2025-08-27T14:57:04","guid":{"rendered":"https:\/\/roveyayinevi.com.tr\/index.php\/urun\/hz-yusuf-9-fas\/"},"modified":"2026-04-16T02:25:48","modified_gmt":"2026-04-15T23:25:48","slug":"hz-yusuf-9-fas","status":"publish","type":"product","link":"https:\/\/roveyayinevi.com.tr\/index.php\/urun\/hz-yusuf-9-fas\/","title":{"rendered":"Hz. Yusuf &#8211; 9. Fas"},"content":{"rendered":"<p>\u0130bn Arab\u00ee Hazretleri Y\u00fbsuf Fass\u0131\u2019nda, Y\u00fbsuf Peygamber\u2019in kullu\u011funda nas\u0131l tek\u00e2m\u00fcl etti\u011fini ve k\u00e2mil insan olma seviyesine y\u00fckseldi\u011fini anlat\u0131yor. Bu esnada da Hz. Y\u00fbsuf\u2019un misal \u00e2leminin hak\u00eekatini ke\u015ffetti\u011fini ve Allah\u2019\u0131n izniyle r\u00fcyalar\u0131 yorumlayabildi\u011fini izah ediyor. N\u00fbriyye hikmetinin Y\u00fbsuf kelimesiyle ili\u015fkilendirilmesi, Y\u00fbsuf\u2019un ke\u015ffetti\u011fi \u015feylerin misal \u00e2leminde olu\u015fmas\u0131ndand\u0131r. Varl\u0131\u011fa yay\u0131lm\u0131\u015f idrak edici ak\u0131l olan nur, ke\u015ffeder ve ke\u015ffettirir. Y\u00fbsuf, Allah\u2019tan kendisine tecell\u00ee eden hak\u00eekat-i Muhammed\u00ee\u2019nin nuruyla bu ke\u015fifleri yapabildi. Buna da tabir ilmi dendi. Hz. Peygamber (s.a.s) ise \u201c\u0130nsanlar uykudad\u0131r. \u00d6ld\u00fckten sonra uyan\u0131rlar\u201d buyurarak bu d\u00fcnya hayat\u0131n\u0131 uyku sayd\u0131 ve hayal olan bu d\u00fcnyay\u0131 tabir etti. Z\u00eera, be\u015ferin d\u00fcnya hayat\u0131nda sahip olduklar\u0131 mal, m\u00fclk, her \u015fey burada b\u0131rak\u0131l\u0131r. Aynen r\u00fcyada g\u00f6r\u00fclenlerin ele ge\u00e7memesi gibi e\u015fyan\u0131n hepsi hayalden ibarettir.  Havada u\u00e7an ku\u015fun yerdeki g\u00f6lgesini yakalamaya \u00e7al\u0131\u015fan ahmak avc\u0131 gibi d\u00fcnya gafletine dalm\u0131\u015f kimse bilmez ki pe\u015finden ko\u015ftu\u011fu g\u00f6lge, Hakk\u2019\u0131n esma ve s\u0131fatlar\u0131n\u0131n aksidir. Asl\u0131n\u0131 b\u0131rak\u0131p hayalin pe\u015finde ko\u015fmak, \u00f6mr\u00fc ziyan edip, eli bo\u015f, kalbi karanl\u0131k kalmakt\u0131r. <\/p>\n","protected":false},"excerpt":{"rendered":"<p>\u0130bn Arab\u00ee Hazretleri Y\u00fbsuf Fass\u0131\u2019nda, Y\u00fbsuf Peygamber\u2019in kullu\u011funda nas\u0131l tek\u00e2m\u00fcl etti\u011fini ve k\u00e2mil insan olma seviyesine y\u00fckseldi\u011fini anlat\u0131yor. Bu esnada da Hz. Y\u00fbsuf\u2019un misal \u00e2leminin hak\u00eekatini<span class=\"excerpt-hellip\"> [\u2026]<\/span><\/p>\n","protected":false},"featured_media":0,"template":"","meta":{"_monsterinsights_skip_tracking":false,"_monsterinsights_sitenote_active":false,"_monsterinsights_sitenote_note":"","_monsterinsights_sitenote_category":0},"product_brand":[],"product_cat":[12718,12719,15238],"product_tag":[],"class_list":{"0":"post-717571","1":"product","2":"type-product","3":"status-publish","5":"product_cat-din","6":"product_cat-islam","7":"product_cat-tasavvuf","8":"pa_cilt-ciltsiz","9":"pa_tur-kitap","10":"pa_yayinevi-nefes-yayincilik","11":"pa_yazar-ibnul-arabi","13":"first","14":"instock","15":"sale","16":"shipping-taxable","17":"purchasable","18":"product-type-simple"},"_links":{"self":[{"href":"https:\/\/roveyayinevi.com.tr\/index.php\/wp-json\/wp\/v2\/product\/717571","targetHints":{"allow":["GET"]}}],"collection":[{"href":"https:\/\/roveyayinevi.com.tr\/index.php\/wp-json\/wp\/v2\/product"}],"about":[{"href":"https:\/\/roveyayinevi.com.tr\/index.php\/wp-json\/wp\/v2\/types\/product"}],"wp:attachment":[{"href":"https:\/\/roveyayinevi.com.tr\/index.php\/wp-json\/wp\/v2\/media?parent=717571"}],"wp:term":[{"taxonomy":"product_brand","embeddable":true,"href":"https:\/\/roveyayinevi.com.tr\/index.php\/wp-json\/wp\/v2\/product_brand?post=717571"},{"taxonomy":"product_cat","embeddable":true,"href":"https:\/\/roveyayinevi.com.tr\/index.php\/wp-json\/wp\/v2\/product_cat?post=717571"},{"taxonomy":"product_tag","embeddable":true,"href":"https:\/\/roveyayinevi.com.tr\/index.php\/wp-json\/wp\/v2\/product_tag?post=717571"}],"curies":[{"name":"wp","href":"https:\/\/api.w.org\/{rel}","templated":true}]}}