{"id":717570,"date":"2025-08-27T17:57:03","date_gmt":"2025-08-27T14:57:03","guid":{"rendered":"https:\/\/roveyayinevi.com.tr\/index.php\/urun\/hal-ve-gidis-sifir\/"},"modified":"2026-04-16T02:25:48","modified_gmt":"2026-04-15T23:25:48","slug":"hal-ve-gidis-sifir","status":"publish","type":"product","link":"https:\/\/roveyayinevi.com.tr\/index.php\/urun\/hal-ve-gidis-sifir\/","title":{"rendered":"Hal ve Gidi\u015f S\u0131f\u0131r"},"content":{"rendered":"<p>Hal ve Gidi\u015f S\u0131f\u0131r Jean Vigo\u2019nun kalemi ve objektifinden bir sistem ele\u015ftirisi!   \u201cJean Vigo, d\u00fczyaz\u0131y\u0131 filme \u00e7ekip hi\u00e7 \u00e7aba harcamadan \u015fiire ula\u015f\u0131yor.\u201d Fran\u00e7ois Truffaut <\/p>\n","protected":false},"excerpt":{"rendered":"<p>Hal ve Gidi\u015f S\u0131f\u0131r Jean Vigo\u2019nun kalemi ve objektifinden bir sistem ele\u015ftirisi! \u201cJean Vigo, d\u00fczyaz\u0131y\u0131 filme \u00e7ekip hi\u00e7 \u00e7aba harcamadan \u015fiire ula\u015f\u0131yor.\u201d Fran\u00e7ois Truffaut<\/p>\n","protected":false},"featured_media":0,"template":"","meta":{"_monsterinsights_skip_tracking":false,"_monsterinsights_sitenote_active":false,"_monsterinsights_sitenote_note":"","_monsterinsights_sitenote_category":0},"product_brand":[],"product_cat":[12291,13376],"product_tag":[],"class_list":{"0":"post-717570","1":"product","2":"type-product","3":"status-publish","5":"product_cat-edebiyat","6":"product_cat-fransiz-edebiyati","7":"pa_cilt-ciltsiz","8":"pa_tur-kitap","9":"pa_yayinevi-kirmizi-kedi-yayinevi","10":"pa_yazar-jean-vigo","12":"first","13":"instock","14":"sale","15":"shipping-taxable","16":"purchasable","17":"product-type-simple"},"_links":{"self":[{"href":"https:\/\/roveyayinevi.com.tr\/index.php\/wp-json\/wp\/v2\/product\/717570","targetHints":{"allow":["GET"]}}],"collection":[{"href":"https:\/\/roveyayinevi.com.tr\/index.php\/wp-json\/wp\/v2\/product"}],"about":[{"href":"https:\/\/roveyayinevi.com.tr\/index.php\/wp-json\/wp\/v2\/types\/product"}],"wp:attachment":[{"href":"https:\/\/roveyayinevi.com.tr\/index.php\/wp-json\/wp\/v2\/media?parent=717570"}],"wp:term":[{"taxonomy":"product_brand","embeddable":true,"href":"https:\/\/roveyayinevi.com.tr\/index.php\/wp-json\/wp\/v2\/product_brand?post=717570"},{"taxonomy":"product_cat","embeddable":true,"href":"https:\/\/roveyayinevi.com.tr\/index.php\/wp-json\/wp\/v2\/product_cat?post=717570"},{"taxonomy":"product_tag","embeddable":true,"href":"https:\/\/roveyayinevi.com.tr\/index.php\/wp-json\/wp\/v2\/product_tag?post=717570"}],"curies":[{"name":"wp","href":"https:\/\/api.w.org\/{rel}","templated":true}]}}