{"id":717568,"date":"2025-08-27T17:57:02","date_gmt":"2025-08-27T14:57:02","guid":{"rendered":"https:\/\/roveyayinevi.com.tr\/index.php\/urun\/kamu-yonetiminde-secme-yazilar\/"},"modified":"2026-04-16T02:25:48","modified_gmt":"2026-04-15T23:25:48","slug":"kamu-yonetiminde-secme-yazilar","status":"publish","type":"product","link":"https:\/\/roveyayinevi.com.tr\/index.php\/urun\/kamu-yonetiminde-secme-yazilar\/","title":{"rendered":"Kamu Y\u00f6netiminde Se\u00e7me Yaz\u0131lar"},"content":{"rendered":"<p>\u0130\u00e7indekiler    \u00d6ns\u00f6z Katk\u0131da Bulunanlar Y\u00f6neticilerin Atanmas\u0131 ve Liyakat Sistemi Bir Kamu Hizmeti Olarak Sa\u011fl\u0131k Hizmetlerinde Etik T\u00fcrkiye&#8217;de Havza Y\u00f6netimi  Sava\u015f ve \u00c7evre Devlet ve Devletin Kurumsal Analizi <\/p>\n","protected":false},"excerpt":{"rendered":"<p>\u0130\u00e7indekiler \u00d6ns\u00f6z Katk\u0131da Bulunanlar Y\u00f6neticilerin Atanmas\u0131 ve Liyakat Sistemi Bir Kamu Hizmeti Olarak Sa\u011fl\u0131k Hizmetlerinde Etik T\u00fcrkiye&#8217;de Havza Y\u00f6netimi Sava\u015f ve \u00c7evre Devlet ve Devletin Kurumsal<span class=\"excerpt-hellip\"> [\u2026]<\/span><\/p>\n","protected":false},"featured_media":0,"template":"","meta":{"_monsterinsights_skip_tracking":false,"_monsterinsights_sitenote_active":false,"_monsterinsights_sitenote_note":"","_monsterinsights_sitenote_category":0},"product_brand":[],"product_cat":[15350,17602],"product_tag":[],"class_list":{"0":"post-717568","1":"product","2":"type-product","3":"status-publish","5":"product_cat-hukuk","6":"product_cat-hukuk-uzerine","7":"pa_cilt-ciltsiz","8":"pa_tur-kitap","9":"pa_yayinevi-gazi-kitabevi","10":"pa_yazar-ozlem-taner-koroglu","12":"first","13":"instock","14":"sale","15":"shipping-taxable","16":"purchasable","17":"product-type-simple"},"_links":{"self":[{"href":"https:\/\/roveyayinevi.com.tr\/index.php\/wp-json\/wp\/v2\/product\/717568","targetHints":{"allow":["GET"]}}],"collection":[{"href":"https:\/\/roveyayinevi.com.tr\/index.php\/wp-json\/wp\/v2\/product"}],"about":[{"href":"https:\/\/roveyayinevi.com.tr\/index.php\/wp-json\/wp\/v2\/types\/product"}],"wp:attachment":[{"href":"https:\/\/roveyayinevi.com.tr\/index.php\/wp-json\/wp\/v2\/media?parent=717568"}],"wp:term":[{"taxonomy":"product_brand","embeddable":true,"href":"https:\/\/roveyayinevi.com.tr\/index.php\/wp-json\/wp\/v2\/product_brand?post=717568"},{"taxonomy":"product_cat","embeddable":true,"href":"https:\/\/roveyayinevi.com.tr\/index.php\/wp-json\/wp\/v2\/product_cat?post=717568"},{"taxonomy":"product_tag","embeddable":true,"href":"https:\/\/roveyayinevi.com.tr\/index.php\/wp-json\/wp\/v2\/product_tag?post=717568"}],"curies":[{"name":"wp","href":"https:\/\/api.w.org\/{rel}","templated":true}]}}