{"id":717565,"date":"2025-08-27T17:56:59","date_gmt":"2025-08-27T14:56:59","guid":{"rendered":"https:\/\/roveyayinevi.com.tr\/index.php\/urun\/icimdeki\/"},"modified":"2026-04-16T02:25:48","modified_gmt":"2026-04-15T23:25:48","slug":"icimdeki","status":"publish","type":"product","link":"https:\/\/roveyayinevi.com.tr\/index.php\/urun\/icimdeki\/","title":{"rendered":"\u0130\u00e7imdeki"},"content":{"rendered":"<p>Nefes, h\u0131zla d\u00f6n\u00fc\u015fmekteydi. Ta\u015f\u0131d\u0131\u011f\u0131 genler, onu ger\u00e7ekle ac\u0131mas\u0131zca y\u00fczle\u015ftirirken bug\u00fcne kadar inand\u0131\u011f\u0131 t\u00fcm ger\u00e7ekler y\u0131k\u0131l\u0131yordu. Nefes yeniden do\u011fu\u015funun \u015fafa\u011f\u0131nda, en b\u00fcy\u00fck karanl\u0131\u011f\u0131n\u0131 ya\u015f\u0131yordu&#8230;   Ezberlerle zihnini y\u00f6neten bir insan kopyas\u0131n\u0131n, ger\u00e7ek bir ya\u015fam yaratma \u015fans\u0131 var m\u0131yd\u0131? Sorgulamadan var olman\u0131n bedelini, kendini unutarak m\u0131 \u00f6d\u00fcyordu insan? Ve insan, kendi y\u00fcceli\u011fini idrak etmedik\u00e7e ger\u00e7ek bir ya\u015fam yaratamayacakt\u0131. Evrim&#8230; Her varl\u0131k mutlak potansiyeline do\u011fru evrilirken bu asl\u0131nda de\u011fi\u015fimden \u00f6te d\u00fczeltmedir. D\u0131\u015far\u0131dan tahmin edilemeyen bu mutasyonun alaca\u011f\u0131 son hal, varl\u0131k i\u00e7inde tam krokisiyle kay\u0131tl\u0131d\u0131r. \u0130nsan\u0131n evriminin d\u00fczlemi \u00f6ng\u00f6r\u00fclemese de DNA\u2019s\u0131na kay\u0131tl\u0131 olan \u00f6z program ile ula\u015faca\u011f\u0131 mutlak potansiyeli tanr\u0131sall\u0131kt\u0131r. \u00c7\u00fcnk\u00fc insan bunun i\u00e7in kodlanm\u0131\u015ft\u0131r. En b\u00fcy\u00fck de\u011fi\u015fim de bir engelle kar\u015f\u0131la\u015ft\u0131\u011f\u0131 anda ya\u015fanmaya ba\u015flar. Bunlar da korkular\u0131d\u0131r. Ve insan, zihin hapishanesinden \u00e7\u0131kmaya cesaret ederse, i\u00e7inde kay\u0131tl\u0131 bulunan g\u00fcce ula\u015facakt\u0131r. Soluksuz okuyaca\u011f\u0131n\u0131z bu roman, b\u00fcy\u00fck bir d\u00f6n\u00fc\u015f\u00fcm\u00fcn hik\u00e2yesidir&#8230; Siz de d\u00f6n\u00fc\u015f\u00fcme haz\u0131r m\u0131s\u0131n\u0131z? <\/p>\n","protected":false},"excerpt":{"rendered":"<p>Nefes, h\u0131zla d\u00f6n\u00fc\u015fmekteydi. Ta\u015f\u0131d\u0131\u011f\u0131 genler, onu ger\u00e7ekle ac\u0131mas\u0131zca y\u00fczle\u015ftirirken bug\u00fcne kadar inand\u0131\u011f\u0131 t\u00fcm ger\u00e7ekler y\u0131k\u0131l\u0131yordu. Nefes yeniden do\u011fu\u015funun \u015fafa\u011f\u0131nda, en b\u00fcy\u00fck karanl\u0131\u011f\u0131n\u0131 ya\u015f\u0131yordu&#8230; Ezberlerle zihnini y\u00f6neten<span class=\"excerpt-hellip\"> [\u2026]<\/span><\/p>\n","protected":false},"featured_media":0,"template":"","meta":{"_monsterinsights_skip_tracking":false,"_monsterinsights_sitenote_active":false,"_monsterinsights_sitenote_note":"","_monsterinsights_sitenote_category":0},"product_brand":[],"product_cat":[12291,12711],"product_tag":[],"class_list":{"0":"post-717565","1":"product","2":"type-product","3":"status-publish","5":"product_cat-edebiyat","6":"product_cat-roman-oyku","7":"pa_cilt-ciltsiz","8":"pa_tur-kitap","9":"pa_yayinevi-destek-yayinlari","10":"pa_yazar-ece-ergonenc","12":"first","13":"instock","14":"sale","15":"shipping-taxable","16":"purchasable","17":"product-type-simple"},"_links":{"self":[{"href":"https:\/\/roveyayinevi.com.tr\/index.php\/wp-json\/wp\/v2\/product\/717565","targetHints":{"allow":["GET"]}}],"collection":[{"href":"https:\/\/roveyayinevi.com.tr\/index.php\/wp-json\/wp\/v2\/product"}],"about":[{"href":"https:\/\/roveyayinevi.com.tr\/index.php\/wp-json\/wp\/v2\/types\/product"}],"wp:attachment":[{"href":"https:\/\/roveyayinevi.com.tr\/index.php\/wp-json\/wp\/v2\/media?parent=717565"}],"wp:term":[{"taxonomy":"product_brand","embeddable":true,"href":"https:\/\/roveyayinevi.com.tr\/index.php\/wp-json\/wp\/v2\/product_brand?post=717565"},{"taxonomy":"product_cat","embeddable":true,"href":"https:\/\/roveyayinevi.com.tr\/index.php\/wp-json\/wp\/v2\/product_cat?post=717565"},{"taxonomy":"product_tag","embeddable":true,"href":"https:\/\/roveyayinevi.com.tr\/index.php\/wp-json\/wp\/v2\/product_tag?post=717565"}],"curies":[{"name":"wp","href":"https:\/\/api.w.org\/{rel}","templated":true}]}}