{"id":717563,"date":"2025-08-27T17:56:58","date_gmt":"2025-08-27T14:56:58","guid":{"rendered":"https:\/\/roveyayinevi.com.tr\/index.php\/urun\/varsa-yoksa-iletisim\/"},"modified":"2026-04-16T02:25:48","modified_gmt":"2026-04-15T23:25:48","slug":"varsa-yoksa-iletisim","status":"publish","type":"product","link":"https:\/\/roveyayinevi.com.tr\/index.php\/urun\/varsa-yoksa-iletisim\/","title":{"rendered":"Varsa Yoksa \u0130leti\u015fim"},"content":{"rendered":"<p>Hepimiz kendi ileti\u015fim bi\u00e7imimizden \u00e7ok emin olsak da, asl\u0131nda \u00e7o\u011fu zaman kendi mesajlar\u0131m\u0131z\u0131 sabote ediyor; dinlemeyi engelleyen duygusal tepkiler veriyor; dedikodu, ele\u015ftiri ve \u015fik\u00e2yet aras\u0131ndaki farklar\u0131 bilmiyoruz. Her y\u0131l y\u00fczlerce profesyonele ileti\u015fim e\u011fitimi veren Ba\u015fak Tecer, bu kitapta do\u011fru ileti\u015fim kurma konusunda somut ve \u00e7arp\u0131c\u0131 bilgileri, k\u00fc\u00e7\u00fck dozlarda, ger\u00e7ek\u00e7i ve samimi bir \u015fekilde payla\u015f\u0131yor. D\u00fc\u015f\u00fcnce, duygu ve davran\u0131\u015f aras\u0131ndaki ili\u015fkiyi kavramak, ileti\u015fim kazalar\u0131ndan uzak durmak, yaz\u0131l\u0131 metinlerde ustala\u015fmak, beden dilinin s\u00f6zs\u00fcz ipu\u00e7lar\u0131n\u0131 yakalamak, \u00e7at\u0131\u015fma y\u00f6netimini \u00f6\u011frenmek, dinlemenin kurallar\u0131n\u0131 bilmek ve ya\u015fanm\u0131\u015f \u00f6yk\u00fclerle \u201cileti\u015fimin ruhunu\u201d anlay\u0131p, eskimi\u015f ezberlerini g\u00f6zden ge\u00e7irmek isteyen herkes i\u00e7in&#8230; <\/p>\n","protected":false},"excerpt":{"rendered":"<p>Hepimiz kendi ileti\u015fim bi\u00e7imimizden \u00e7ok emin olsak da, asl\u0131nda \u00e7o\u011fu zaman kendi mesajlar\u0131m\u0131z\u0131 sabote ediyor; dinlemeyi engelleyen duygusal tepkiler veriyor; dedikodu, ele\u015ftiri ve \u015fik\u00e2yet aras\u0131ndaki farklar\u0131<span class=\"excerpt-hellip\"> [\u2026]<\/span><\/p>\n","protected":false},"featured_media":0,"template":"","meta":{"_monsterinsights_skip_tracking":false,"_monsterinsights_sitenote_active":false,"_monsterinsights_sitenote_note":"","_monsterinsights_sitenote_category":0},"product_brand":[],"product_cat":[15983,13488],"product_tag":[],"class_list":{"0":"post-717563","1":"product","2":"type-product","3":"status-publish","5":"product_cat-iletisim-ve-medya","6":"product_cat-toplum-ve-insan","7":"pa_cilt-ciltsiz","8":"pa_tur-kitap","9":"pa_yayinevi-remzi-kitabevi","10":"pa_yazar-basak-tecer","12":"first","13":"instock","14":"sale","15":"shipping-taxable","16":"purchasable","17":"product-type-simple"},"_links":{"self":[{"href":"https:\/\/roveyayinevi.com.tr\/index.php\/wp-json\/wp\/v2\/product\/717563","targetHints":{"allow":["GET"]}}],"collection":[{"href":"https:\/\/roveyayinevi.com.tr\/index.php\/wp-json\/wp\/v2\/product"}],"about":[{"href":"https:\/\/roveyayinevi.com.tr\/index.php\/wp-json\/wp\/v2\/types\/product"}],"wp:attachment":[{"href":"https:\/\/roveyayinevi.com.tr\/index.php\/wp-json\/wp\/v2\/media?parent=717563"}],"wp:term":[{"taxonomy":"product_brand","embeddable":true,"href":"https:\/\/roveyayinevi.com.tr\/index.php\/wp-json\/wp\/v2\/product_brand?post=717563"},{"taxonomy":"product_cat","embeddable":true,"href":"https:\/\/roveyayinevi.com.tr\/index.php\/wp-json\/wp\/v2\/product_cat?post=717563"},{"taxonomy":"product_tag","embeddable":true,"href":"https:\/\/roveyayinevi.com.tr\/index.php\/wp-json\/wp\/v2\/product_tag?post=717563"}],"curies":[{"name":"wp","href":"https:\/\/api.w.org\/{rel}","templated":true}]}}