{"id":717560,"date":"2025-08-27T17:56:56","date_gmt":"2025-08-27T14:56:56","guid":{"rendered":"https:\/\/roveyayinevi.com.tr\/index.php\/urun\/haylazlarin-krali\/"},"modified":"2026-04-16T02:25:48","modified_gmt":"2026-04-15T23:25:48","slug":"haylazlarin-krali","status":"publish","type":"product","link":"https:\/\/roveyayinevi.com.tr\/index.php\/urun\/haylazlarin-krali\/","title":{"rendered":"Haylazlar\u0131n Kral\u0131"},"content":{"rendered":"<p>Okulun ba\u015f belas\u0131 haylazl\u0131k diyetinde! D\u00fcnya \u00e7ocuk ve gen\u00e7lik edebiyat\u0131n\u0131n en \u00f6nemli isimlerinden Andrew Clements, \u00f6\u011frencilik hayat\u0131n\u0131 resmetti\u011fi okul hik\u00e2yelerine bir yenisini ekledi. Bunun Ad\u0131 Findel ve Karne Oyunu gibi romanlar\u0131yla \u00e7ok sevilen yazar, T\u00fcrk\u00e7e&#8217;deki 8. kitab\u0131nda okulun en mes\u0327hur haylaz\u0131n\u0131n bas\u0327\u0131ndan gec\u0327enleri anlat\u0131yor. Okulda sorun \u00e7\u0131kararak a\u011fabeyinin ve arkadas\u0327lar\u0131n\u0131n go\u0308zu\u0308ne gireceg\u0306ini du\u0308s\u0327u\u0308nen bir c\u0327ocug\u0306un deg\u0306is\u0327imini esprili bir dille anlatan roman, \u00e7evrenin davran\u0131s\u0327lar\u0131m\u0131za etkisini es\u0327siz bir yarat\u0131c\u0131l\u0131kla is\u0327liyor. Tu\u0308m du\u0308nyada milyonlarca c\u0327ocug\u0306un duygular\u0131na dokunmay\u0131 bas\u0327aran, o\u0308g\u0306retmenler ve ebeveynler taraf\u0131ndan da ilgiyle okunan Clements&#8217;in e\u015fsiz anlat\u0131m\u0131ndan arkadas\u0327l\u0131g\u0306\u0131n, du\u0308ru\u0308stlu\u0308g\u0306u\u0308n, so\u0308zu\u0308nde durman\u0131n erdemine ilis\u0327kin unutulmaz bir roman.Okuldaki haylazl\u0131klar\u0131yla \u00fcnl\u00fc Clay, \u00e7izdi\u011fi bir portre karikat\u00fcrle barda\u011f\u0131 ta\u015f\u0131r\u0131r. M\u00fcd\u00fcr\u00fcn odas\u0131ndaki azarlardan kurtulsa da, \u00f6vg\u00fcler alaca\u011f\u0131n\u0131 sand\u0131\u011f\u0131 a\u011fabeyinden kurtulamaz. Kendi yapt\u0131\u011f\u0131 hatalar\u0131 karde\u015finin tekrarlamas\u0131n\u0131 istemeyen a\u011fabey, ondan s\u00f6z al\u0131nca, Clay okulda sorun \u00e7\u0131karmamaya \u00e7abalar. Tam ailesinin ve m\u00fcd\u00fcr\u00fcn g\u00fcvenini kazanmak \u00fczereyken yine i\u015fler kar\u0131\u015f\u0131r. Clay, su\u00e7suz oldu\u011funu ispatlamaya \u00e7al\u0131\u015f\u0131rken, ba\u015f\u0131na bela a\u00e7madan durmay\u0131 ba\u015farabilecek midir?..<\/p>\n","protected":false},"excerpt":{"rendered":"<p>Okulun ba\u015f belas\u0131 haylazl\u0131k diyetinde! D\u00fcnya \u00e7ocuk ve gen\u00e7lik edebiyat\u0131n\u0131n en \u00f6nemli isimlerinden Andrew Clements, \u00f6\u011frencilik hayat\u0131n\u0131 resmetti\u011fi okul hik\u00e2yelerine bir yenisini ekledi. Bunun Ad\u0131 Findel<span class=\"excerpt-hellip\"> [\u2026]<\/span><\/p>\n","protected":false},"featured_media":0,"template":"","meta":{"_monsterinsights_skip_tracking":false,"_monsterinsights_sitenote_active":false,"_monsterinsights_sitenote_note":"","_monsterinsights_sitenote_category":0},"product_brand":[],"product_cat":[12275,12274],"product_tag":[],"class_list":{"0":"post-717560","1":"product","2":"type-product","3":"status-publish","5":"product_cat-6-12-yas-kitaplari","6":"product_cat-cocuk-ve-genclik-kitaplari","7":"pa_cilt-ciltsiz","8":"pa_tur-kitap","9":"pa_yayinevi-gunisigi-kitapligi","10":"pa_yazar-andrew-clements","12":"first","13":"instock","14":"sale","15":"shipping-taxable","16":"purchasable","17":"product-type-simple"},"_links":{"self":[{"href":"https:\/\/roveyayinevi.com.tr\/index.php\/wp-json\/wp\/v2\/product\/717560","targetHints":{"allow":["GET"]}}],"collection":[{"href":"https:\/\/roveyayinevi.com.tr\/index.php\/wp-json\/wp\/v2\/product"}],"about":[{"href":"https:\/\/roveyayinevi.com.tr\/index.php\/wp-json\/wp\/v2\/types\/product"}],"wp:attachment":[{"href":"https:\/\/roveyayinevi.com.tr\/index.php\/wp-json\/wp\/v2\/media?parent=717560"}],"wp:term":[{"taxonomy":"product_brand","embeddable":true,"href":"https:\/\/roveyayinevi.com.tr\/index.php\/wp-json\/wp\/v2\/product_brand?post=717560"},{"taxonomy":"product_cat","embeddable":true,"href":"https:\/\/roveyayinevi.com.tr\/index.php\/wp-json\/wp\/v2\/product_cat?post=717560"},{"taxonomy":"product_tag","embeddable":true,"href":"https:\/\/roveyayinevi.com.tr\/index.php\/wp-json\/wp\/v2\/product_tag?post=717560"}],"curies":[{"name":"wp","href":"https:\/\/api.w.org\/{rel}","templated":true}]}}