{"id":717558,"date":"2025-08-27T17:56:55","date_gmt":"2025-08-27T14:56:55","guid":{"rendered":"https:\/\/roveyayinevi.com.tr\/index.php\/urun\/otekilerin-kokeni\/"},"modified":"2026-04-16T02:25:48","modified_gmt":"2026-04-15T23:25:48","slug":"otekilerin-kokeni","status":"publish","type":"product","link":"https:\/\/roveyayinevi.com.tr\/index.php\/urun\/otekilerin-kokeni\/","title":{"rendered":"\u00d6tekilerin K\u00f6keni"},"content":{"rendered":"<p>Nobel \u00d6d\u00fcll\u00fc yazar Toni Morrison, \u00d6tekilerin K\u00f6keni\u2019nde on dokuzuncu y\u00fczy\u0131lda kaleme al\u0131nm\u0131\u015f t\u0131p makalelerinden, k\u00f6le ve efendilerin g\u00fcnl\u00fcklerine, oradan da k\u00f6leli\u011fi romantize eden, ayr\u0131mc\u0131l\u0131\u011f\u0131 ara\u00e7salla\u015ft\u0131ran, yabanc\u0131 olman\u0131n ve yabanc\u0131ya d\u00f6n\u00fc\u015fmenin farkl\u0131 y\u00f6nlerini vurgulayan edebi eserlere kadar \u00e7ok geni\u015f bir yelpazede ufuk a\u00e7\u0131c\u0131 bir gezintiye \u00e7\u0131kar\u0131yor bizleri. Ernest Hemingway, William Faulkner ve Flannery O\u2019Connor gibi yazarlar\u0131n eserlerine \u00f6tekilik sorunu a\u00e7\u0131s\u0131ndan yakla\u015f\u0131rken kendi eserlerini ve ki\u015fisel deneyimlerini de g\u00f6z ard\u0131 etmeden as\u0131rlara yay\u0131lan bir sorunu ustal\u0131kla betimliyor Morrison. Sava\u015flar, zorunlu g\u00f6\u00e7ler ve s\u0131n\u0131rlar d\u00fcnyas\u0131nda m\u00fcthi\u015f \u00fcslubu belleklere kaz\u0131nm\u0131\u015f bir kad\u0131n yazar\u0131n \u00f6tekilik \u00fczerine esasl\u0131 g\u00f6zlemleri ve \u00e7\u00f6z\u00fcmlemeleri okuru da kendisiyle y\u00fczle\u015fmeye davet ediyor. <\/p>\n","protected":false},"excerpt":{"rendered":"<p>Nobel \u00d6d\u00fcll\u00fc yazar Toni Morrison, \u00d6tekilerin K\u00f6keni\u2019nde on dokuzuncu y\u00fczy\u0131lda kaleme al\u0131nm\u0131\u015f t\u0131p makalelerinden, k\u00f6le ve efendilerin g\u00fcnl\u00fcklerine, oradan da k\u00f6leli\u011fi romantize eden, ayr\u0131mc\u0131l\u0131\u011f\u0131 ara\u00e7salla\u015ft\u0131ran, yabanc\u0131<span class=\"excerpt-hellip\"> [\u2026]<\/span><\/p>\n","protected":false},"featured_media":0,"template":"","meta":{"_monsterinsights_skip_tracking":false,"_monsterinsights_sitenote_active":false,"_monsterinsights_sitenote_note":"","_monsterinsights_sitenote_category":0},"product_brand":[],"product_cat":[12777,12291],"product_tag":[],"class_list":{"0":"post-717558","1":"product","2":"type-product","3":"status-publish","5":"product_cat-deneme","6":"product_cat-edebiyat","7":"pa_cilt-ciltsiz","8":"pa_tur-kitap","9":"pa_yayinevi-sel-yayincilik","10":"pa_yazar-toni-morrison","12":"first","13":"instock","14":"sale","15":"shipping-taxable","16":"purchasable","17":"product-type-simple"},"_links":{"self":[{"href":"https:\/\/roveyayinevi.com.tr\/index.php\/wp-json\/wp\/v2\/product\/717558","targetHints":{"allow":["GET"]}}],"collection":[{"href":"https:\/\/roveyayinevi.com.tr\/index.php\/wp-json\/wp\/v2\/product"}],"about":[{"href":"https:\/\/roveyayinevi.com.tr\/index.php\/wp-json\/wp\/v2\/types\/product"}],"wp:attachment":[{"href":"https:\/\/roveyayinevi.com.tr\/index.php\/wp-json\/wp\/v2\/media?parent=717558"}],"wp:term":[{"taxonomy":"product_brand","embeddable":true,"href":"https:\/\/roveyayinevi.com.tr\/index.php\/wp-json\/wp\/v2\/product_brand?post=717558"},{"taxonomy":"product_cat","embeddable":true,"href":"https:\/\/roveyayinevi.com.tr\/index.php\/wp-json\/wp\/v2\/product_cat?post=717558"},{"taxonomy":"product_tag","embeddable":true,"href":"https:\/\/roveyayinevi.com.tr\/index.php\/wp-json\/wp\/v2\/product_tag?post=717558"}],"curies":[{"name":"wp","href":"https:\/\/api.w.org\/{rel}","templated":true}]}}