{"id":717555,"date":"2025-08-27T17:56:53","date_gmt":"2025-08-27T14:56:53","guid":{"rendered":"https:\/\/roveyayinevi.com.tr\/index.php\/urun\/armoni-elementleri-kul-ve-ates-ciltli\/"},"modified":"2026-04-16T02:25:48","modified_gmt":"2026-04-15T23:25:48","slug":"armoni-elementleri-kul-ve-ates-ciltli","status":"publish","type":"product","link":"https:\/\/roveyayinevi.com.tr\/index.php\/urun\/armoni-elementleri-kul-ve-ates-ciltli\/","title":{"rendered":"Armoni Elementleri ;K\u00fcl ve Ate\u015f (Ciltli)"},"content":{"rendered":"<p>O gitti\u011finde her \u015fey de\u011fi\u015fmi\u015fti. \u00dcst\u00fcne \u00fcstl\u00fck k\u00fclleri de \u00e7al\u0131nm\u0131\u015ft\u0131. Melody, intikam ate\u015fiyle yan\u0131p tutu\u015fuyor, bir yandan da Nemesis\u2019teki hayat\u0131n\u0131 yoluna koymaya \u00e7al\u0131\u015f\u0131yordu. \u0130kizi arkas\u0131nda yaln\u0131zl\u0131\u011f\u0131yla ba\u015f etmeye \u00e7al\u0131\u015fan bir karde\u015f, sorunlar\u0131n\u0131 kendi y\u00f6ntemleriyle \u00e7\u00f6zmeye \u00e7al\u0131\u015fan donuk bak\u0131\u015fl\u0131 bir k\u0131z ve insanlardan umudunu kesmi\u015f bir gen\u00e7 adam b\u0131rakm\u0131\u015ft\u0131.  K\u00f6t\u00fcye giden her \u015fey, onlar\u0131 bir araya toplamaya yeter miydi? \u201c\u00d6l\u00fcm\u00fcn f\u0131s\u0131lt\u0131s\u0131n\u0131 ensende hissediyor musun?\u201d Melody\u2019nin ba\u015f\u0131naysa \u015feytan\u0131n ta kendisi \u00fc\u015f\u00fc\u015fm\u00fc\u015ft\u00fc. Hi\u00e7bir \u015fey g\u00f6r\u00fcnd\u00fc\u011f\u00fc gibi de\u011fildi ve g\u00f6r\u00fcnen ger\u00e7ek her zaman do\u011fru olmayabilirdi. Melody, karanl\u0131\u011f\u0131n aras\u0131ndan beliren \u0131\u015f\u0131\u011f\u0131n karanl\u0131ktan daha da karanl\u0131k oldu\u011funu anlad\u0131\u011f\u0131nda irkildi. Ensesinde hissetti\u011fi titrek nefes onu \u00fcrk\u00fct\u00fcyordu. Her \u015feyin ger\u00e7ekle\u015febilece\u011fi tek yerde, tehlikenin i\u00e7inde, araftayd\u0131. \u00dcstelik orada yaln\u0131z da de\u011fildi. Kehanet ile k\u00f6t\u00fcl\u00fck aras\u0131nda duran madalyonun ikinci y\u00fcz\u00fc oydu. Peki, madalyonun ilk y\u00fcz\u00fc kimdi? \u201cSenin i\u00e7in geliyorum.\u201d B\u00fct\u00fcn bunlar her \u015feyin bitti\u011fini d\u00fc\u015f\u00fcnd\u00fc\u011f\u00fcm anda ba\u015flam\u0131\u015ft\u0131. Karde\u015fimin s\u00f6yledi\u011fi do\u011fruydu: Bu bir elveda de\u011fil, bir ba\u015flang\u0131\u00e7t\u0131. Fakat kimsenin bilmedi\u011fi bir \u015fey vard\u0131. Bu, her \u015feyin yeniden nas\u0131l ba\u015flad\u0131\u011f\u0131n\u0131n hik\u00e2yesiydi. Yine de unutulmamal\u0131yd\u0131: HER YEN\u0130 BA\u015eLANGI\u00c7 BERABER\u0130NDE SONU GET\u0130R\u0130RD\u0130. Ben, Melody Valerie Nemesis ve bu, karde\u015fim Melany Nemesis\u2019in hik\u00e2yesi. <\/p>\n","protected":false},"excerpt":{"rendered":"<p>O gitti\u011finde her \u015fey de\u011fi\u015fmi\u015fti. \u00dcst\u00fcne \u00fcstl\u00fck k\u00fclleri de \u00e7al\u0131nm\u0131\u015ft\u0131. Melody, intikam ate\u015fiyle yan\u0131p tutu\u015fuyor, bir yandan da Nemesis\u2019teki hayat\u0131n\u0131 yoluna koymaya \u00e7al\u0131\u015f\u0131yordu. \u0130kizi arkas\u0131nda yaln\u0131zl\u0131\u011f\u0131yla<span class=\"excerpt-hellip\"> [\u2026]<\/span><\/p>\n","protected":false},"featured_media":0,"template":"","meta":{"_monsterinsights_skip_tracking":false,"_monsterinsights_sitenote_active":false,"_monsterinsights_sitenote_note":"","_monsterinsights_sitenote_category":0},"product_brand":[],"product_cat":[12291,14777],"product_tag":[],"class_list":{"0":"post-717555","1":"product","2":"type-product","3":"status-publish","5":"product_cat-edebiyat","6":"product_cat-fantastik","7":"pa_cilt-ciltsiz","8":"pa_tur-kitap","9":"pa_yayinevi-ephesus-yayinlari","10":"pa_yazar-buse-pendaz","12":"first","13":"instock","14":"sale","15":"shipping-taxable","16":"purchasable","17":"product-type-simple"},"_links":{"self":[{"href":"https:\/\/roveyayinevi.com.tr\/index.php\/wp-json\/wp\/v2\/product\/717555","targetHints":{"allow":["GET"]}}],"collection":[{"href":"https:\/\/roveyayinevi.com.tr\/index.php\/wp-json\/wp\/v2\/product"}],"about":[{"href":"https:\/\/roveyayinevi.com.tr\/index.php\/wp-json\/wp\/v2\/types\/product"}],"wp:attachment":[{"href":"https:\/\/roveyayinevi.com.tr\/index.php\/wp-json\/wp\/v2\/media?parent=717555"}],"wp:term":[{"taxonomy":"product_brand","embeddable":true,"href":"https:\/\/roveyayinevi.com.tr\/index.php\/wp-json\/wp\/v2\/product_brand?post=717555"},{"taxonomy":"product_cat","embeddable":true,"href":"https:\/\/roveyayinevi.com.tr\/index.php\/wp-json\/wp\/v2\/product_cat?post=717555"},{"taxonomy":"product_tag","embeddable":true,"href":"https:\/\/roveyayinevi.com.tr\/index.php\/wp-json\/wp\/v2\/product_tag?post=717555"}],"curies":[{"name":"wp","href":"https:\/\/api.w.org\/{rel}","templated":true}]}}