{"id":717551,"date":"2025-08-27T17:56:50","date_gmt":"2025-08-27T14:56:50","guid":{"rendered":"https:\/\/roveyayinevi.com.tr\/index.php\/urun\/guc-tasi-bilim-dedektifleri\/"},"modified":"2026-04-16T02:25:48","modified_gmt":"2026-04-15T23:25:48","slug":"guc-tasi-bilim-dedektifleri","status":"publish","type":"product","link":"https:\/\/roveyayinevi.com.tr\/index.php\/urun\/guc-tasi-bilim-dedektifleri\/","title":{"rendered":"G\u00fc\u00e7 Ta\u015f\u0131 &#8211; Bilim Dedektifleri"},"content":{"rendered":"<p>K\u00fc\u00e7\u00fck sosyal bilimcilerin b\u00fcy\u00fck maceras\u0131 nefes kesmeye devam ediyor. Melis ve Bar\u0131\u015f karde\u015fler bilim panay\u0131r\u0131na haz\u0131rlan\u0131rken bir yandan da kilitli sand\u0131klar\u0131n\u0131 a\u00e7mak i\u00e7in yine yollara d\u00f6k\u00fclecek. Hem de \u00e7oook uzaklara do\u011fru. Bu defa kendini zorla sevdiren k\u00f6pekleri \u00c7amur da pe\u015flerine tak\u0131l\u0131yor.Kahramanlarimiz  Antik Ege\u2019de Aristotales\u2019le beraber b\u00fcy\u00fck bi su\u00e7un gizemini \u00e7\u00f6zerken, Sanayi \u00c7a\u011f\u0131 Avrupa\u2019s\u0131nda \u00e7ocuk i\u015f\u00e7i Thomas\u2019\u0131 kurtarmak i\u00e7in hayatlar\u0131n\u0131 ortaya koyacak. Bir k\u00f6lenin \u00f6zg\u00fcrl\u00fc\u011f\u00fcn\u00fcn bedeli ne olabilir? Stephan Hawking ve Galileo Galilei\u00b4yi panay\u0131rda bulusturan \u015fey ne? M\u00fcd\u00fcr Kam Melis ve Bar\u0131\u015f\u2019\u0131 nihayet \u00c7EK \u00fcyeligine kabul edecek mi? T\u00fcm bu sorular\u0131n cevab\u0131n\u0131 g\u00fc\u00e7 ta\u015flar\u0131n\u0131n aras\u0131nda gezinirken bulacaks\u0131n\u0131z.<\/p>\n","protected":false},"excerpt":{"rendered":"<p>K\u00fc\u00e7\u00fck sosyal bilimcilerin b\u00fcy\u00fck maceras\u0131 nefes kesmeye devam ediyor. Melis ve Bar\u0131\u015f karde\u015fler bilim panay\u0131r\u0131na haz\u0131rlan\u0131rken bir yandan da kilitli sand\u0131klar\u0131n\u0131 a\u00e7mak i\u00e7in yine yollara d\u00f6k\u00fclecek.<span class=\"excerpt-hellip\"> [\u2026]<\/span><\/p>\n","protected":false},"featured_media":0,"template":"","meta":{"_monsterinsights_skip_tracking":false,"_monsterinsights_sitenote_active":false,"_monsterinsights_sitenote_note":"","_monsterinsights_sitenote_category":0},"product_brand":[],"product_cat":[12274,12284],"product_tag":[],"class_list":{"0":"post-717551","1":"product","2":"type-product","3":"status-publish","5":"product_cat-cocuk-ve-genclik-kitaplari","6":"product_cat-hikayeler","7":"pa_cilt-ciltsiz","8":"pa_tur-kitap","9":"pa_yayinevi-genc-timas","10":"pa_yazar-emir-hersan-sevil-bal","12":"first","13":"instock","14":"sale","15":"shipping-taxable","16":"purchasable","17":"product-type-simple"},"_links":{"self":[{"href":"https:\/\/roveyayinevi.com.tr\/index.php\/wp-json\/wp\/v2\/product\/717551","targetHints":{"allow":["GET"]}}],"collection":[{"href":"https:\/\/roveyayinevi.com.tr\/index.php\/wp-json\/wp\/v2\/product"}],"about":[{"href":"https:\/\/roveyayinevi.com.tr\/index.php\/wp-json\/wp\/v2\/types\/product"}],"wp:attachment":[{"href":"https:\/\/roveyayinevi.com.tr\/index.php\/wp-json\/wp\/v2\/media?parent=717551"}],"wp:term":[{"taxonomy":"product_brand","embeddable":true,"href":"https:\/\/roveyayinevi.com.tr\/index.php\/wp-json\/wp\/v2\/product_brand?post=717551"},{"taxonomy":"product_cat","embeddable":true,"href":"https:\/\/roveyayinevi.com.tr\/index.php\/wp-json\/wp\/v2\/product_cat?post=717551"},{"taxonomy":"product_tag","embeddable":true,"href":"https:\/\/roveyayinevi.com.tr\/index.php\/wp-json\/wp\/v2\/product_tag?post=717551"}],"curies":[{"name":"wp","href":"https:\/\/api.w.org\/{rel}","templated":true}]}}