{"id":717549,"date":"2025-08-27T17:56:48","date_gmt":"2025-08-27T14:56:48","guid":{"rendered":"https:\/\/roveyayinevi.com.tr\/index.php\/urun\/oyun-oynayalim-mi\/"},"modified":"2026-04-16T02:25:48","modified_gmt":"2026-04-15T23:25:48","slug":"oyun-oynayalim-mi","status":"publish","type":"product","link":"https:\/\/roveyayinevi.com.tr\/index.php\/urun\/oyun-oynayalim-mi\/","title":{"rendered":"Oyun Oynayal\u0131m M\u0131"},"content":{"rendered":"<p>Bu sadece sar\u0131 bir nokta. Ger\u00e7ekten \u00f6yle mi? \u00c7ocuklar bu ne\u015feli ve macerac\u0131 noktan\u0131n birlikte oyun oynama davetine kar\u015f\u0131 koyamayacaklar. Sanat ve e\u011flenceyle dolu muhte\u015fem bir renk, hareket, \u015fekil ve hayal yolculu\u011funa \u00e7\u0131kacaklar. Fakat bu yolculukta yepyeni bir boyuta s\u0131\u00e7ramaya haz\u0131r olun: Duygular! Sadece akl\u0131m\u0131za de\u011fil ayn\u0131 zamanda kalbimize de ba\u011flanan bu nokta, sayfalarda ilerlerken saklanarak, k\u0131vr\u0131larak, sallanarak ola\u011fan\u00fcst\u00fc bir mizah duygusunu, korkuyu, ne\u015feyi ve daha fazlas\u0131n\u0131 ifade edecek.<\/p>\n","protected":false},"excerpt":{"rendered":"<p>Bu sadece sar\u0131 bir nokta. Ger\u00e7ekten \u00f6yle mi? \u00c7ocuklar bu ne\u015feli ve macerac\u0131 noktan\u0131n birlikte oyun oynama davetine kar\u015f\u0131 koyamayacaklar. Sanat ve e\u011flenceyle dolu muhte\u015fem bir<span class=\"excerpt-hellip\"> [\u2026]<\/span><\/p>\n","protected":false},"featured_media":0,"template":"","meta":{"_monsterinsights_skip_tracking":false,"_monsterinsights_sitenote_active":false,"_monsterinsights_sitenote_note":"","_monsterinsights_sitenote_category":0},"product_brand":[],"product_cat":[12913,12274],"product_tag":[],"class_list":{"0":"post-717549","1":"product","2":"type-product","3":"status-publish","5":"product_cat-3-6-yas-kitaplari","6":"product_cat-cocuk-ve-genclik-kitaplari","7":"pa_cilt-ciltsiz","8":"pa_tur-kitap","9":"pa_yayinevi-timas-cocuk","10":"pa_yazar-herve-tullet","12":"first","13":"instock","14":"sale","15":"shipping-taxable","16":"purchasable","17":"product-type-simple"},"_links":{"self":[{"href":"https:\/\/roveyayinevi.com.tr\/index.php\/wp-json\/wp\/v2\/product\/717549","targetHints":{"allow":["GET"]}}],"collection":[{"href":"https:\/\/roveyayinevi.com.tr\/index.php\/wp-json\/wp\/v2\/product"}],"about":[{"href":"https:\/\/roveyayinevi.com.tr\/index.php\/wp-json\/wp\/v2\/types\/product"}],"wp:attachment":[{"href":"https:\/\/roveyayinevi.com.tr\/index.php\/wp-json\/wp\/v2\/media?parent=717549"}],"wp:term":[{"taxonomy":"product_brand","embeddable":true,"href":"https:\/\/roveyayinevi.com.tr\/index.php\/wp-json\/wp\/v2\/product_brand?post=717549"},{"taxonomy":"product_cat","embeddable":true,"href":"https:\/\/roveyayinevi.com.tr\/index.php\/wp-json\/wp\/v2\/product_cat?post=717549"},{"taxonomy":"product_tag","embeddable":true,"href":"https:\/\/roveyayinevi.com.tr\/index.php\/wp-json\/wp\/v2\/product_tag?post=717549"}],"curies":[{"name":"wp","href":"https:\/\/api.w.org\/{rel}","templated":true}]}}