{"id":717546,"date":"2025-08-27T17:56:46","date_gmt":"2025-08-27T14:56:46","guid":{"rendered":"https:\/\/roveyayinevi.com.tr\/index.php\/urun\/sarilalim\/"},"modified":"2026-04-16T02:25:48","modified_gmt":"2026-04-15T23:25:48","slug":"sarilalim","status":"publish","type":"product","link":"https:\/\/roveyayinevi.com.tr\/index.php\/urun\/sarilalim\/","title":{"rendered":"Sar\u0131lal\u0131m"},"content":{"rendered":"<p>&#8220;Kirpi \u00e7ok mutsuzdu.Bir kirpi ne kadar mutsuz olabilirse o kadar mutsuzdu.O kadar mutsuzdu ki sadece tek bir \u015fey onu mutlu edebilirdi.&#8221; &#8220;Kaplumba\u011fa \u00e7ok mutsuzdu.Bir kaplumba\u011fa ne kadar mutsuz olabilirse o kadar mutsuzdu.O kadar mutsuzdu ki sadece tek bir \u015fey onu mutlu edebilirdi.&#8221; Bir kirpi ve bir kaplumba\u011fa sar\u0131lacaklar\u0131 birilerini ar\u0131yordur. Birbirlerinden habersiz, kar\u015f\u0131la\u015ft\u0131klar\u0131 di\u011fer hayvanlardan kendilerine sar\u0131lmalar\u0131n\u0131 isterler; fakat hepsinin \u00e7e\u015fitli bahaneleri vard\u0131r&#8230;Sar\u0131lal\u0131m, hassas ve duygular\u0131 harekete ge\u00e7iren hik\u00e2yesi ve \u00e7izimleriyle benzersiz ve etkileyici bir kitap.<\/p>\n","protected":false},"excerpt":{"rendered":"<p>&#8220;Kirpi \u00e7ok mutsuzdu.Bir kirpi ne kadar mutsuz olabilirse o kadar mutsuzdu.O kadar mutsuzdu ki sadece tek bir \u015fey onu mutlu edebilirdi.&#8221; &#8220;Kaplumba\u011fa \u00e7ok mutsuzdu.Bir kaplumba\u011fa ne<span class=\"excerpt-hellip\"> [\u2026]<\/span><\/p>\n","protected":false},"featured_media":0,"template":"","meta":{"_monsterinsights_skip_tracking":false,"_monsterinsights_sitenote_active":false,"_monsterinsights_sitenote_note":"","_monsterinsights_sitenote_category":0},"product_brand":[],"product_cat":[12913,12274],"product_tag":[],"class_list":{"0":"post-717546","1":"product","2":"type-product","3":"status-publish","5":"product_cat-3-6-yas-kitaplari","6":"product_cat-cocuk-ve-genclik-kitaplari","7":"pa_cilt-ciltsiz","8":"pa_tur-kitap","9":"pa_yayinevi-timas-yayinlari","10":"pa_yazar-eoin-mclaughlin","12":"first","13":"instock","14":"sale","15":"shipping-taxable","16":"purchasable","17":"product-type-simple"},"_links":{"self":[{"href":"https:\/\/roveyayinevi.com.tr\/index.php\/wp-json\/wp\/v2\/product\/717546","targetHints":{"allow":["GET"]}}],"collection":[{"href":"https:\/\/roveyayinevi.com.tr\/index.php\/wp-json\/wp\/v2\/product"}],"about":[{"href":"https:\/\/roveyayinevi.com.tr\/index.php\/wp-json\/wp\/v2\/types\/product"}],"wp:attachment":[{"href":"https:\/\/roveyayinevi.com.tr\/index.php\/wp-json\/wp\/v2\/media?parent=717546"}],"wp:term":[{"taxonomy":"product_brand","embeddable":true,"href":"https:\/\/roveyayinevi.com.tr\/index.php\/wp-json\/wp\/v2\/product_brand?post=717546"},{"taxonomy":"product_cat","embeddable":true,"href":"https:\/\/roveyayinevi.com.tr\/index.php\/wp-json\/wp\/v2\/product_cat?post=717546"},{"taxonomy":"product_tag","embeddable":true,"href":"https:\/\/roveyayinevi.com.tr\/index.php\/wp-json\/wp\/v2\/product_tag?post=717546"}],"curies":[{"name":"wp","href":"https:\/\/api.w.org\/{rel}","templated":true}]}}