{"id":717542,"date":"2025-08-27T17:56:43","date_gmt":"2025-08-27T14:56:43","guid":{"rendered":"https:\/\/roveyayinevi.com.tr\/index.php\/urun\/israil-sorunu\/"},"modified":"2026-04-16T02:25:48","modified_gmt":"2026-04-15T23:25:48","slug":"israil-sorunu","status":"publish","type":"product","link":"https:\/\/roveyayinevi.com.tr\/index.php\/urun\/israil-sorunu\/","title":{"rendered":"\u0130srail Sorunu"},"content":{"rendered":"<p>Bu kitab\u0131 Paris\u2019te 1983 y\u0131l\u0131nda \u00e7\u0131karan yay\u0131nevi, \u0130srail\u2019in Fransa\u2019daki Siyonist lobisi taraf\u0131ndan iflas ettirildi. O g\u00fcnden bug\u00fcne kadar da hi\u00e7bir yay\u0131nevi bu eseri tekrar basmaya cesaret edemedi.  Garaudy, bu eserinden 13 y\u0131l sonra \u201c\u0130srail, Mitler ve Ter\u00f6r\u201d kitab\u0131n\u0131 yazd\u0131, fakat kimse yay\u0131mlamaya cesaret edemedi\u011fi i\u00e7in, kendi ad\u0131na bast\u0131rd\u0131, haks\u0131z yere cezaya \u00e7arpt\u0131r\u0131ld\u0131, kitab\u0131n sat\u0131\u015f\u0131 ABD ve Avrupa\u2019da yasakland\u0131.Bu eser, asla Yahudilere hakaret etmeyen, sadece siyas\u00ee Siyonistlerin gizli ve a\u00e7\u0131k b\u00fct\u00fcn emellerini g\u00f6zler \u00f6n\u00fcne seren, reddedilmez belgelere ve ink\u00e2r\u0131 m\u00fcmk\u00fcn olmayan bilgilere dayal\u0131 bir dosyad\u0131r.Bu kitap, daha 1980\u2019li y\u0131llar\u0131n ba\u015f\u0131nda, Irak ve Suriye\u2019nin b\u00f6l\u00fcn\u00fcp par\u00e7alanaca\u011f\u0131n\u0131 kesin bir dille haber veriyordu. Yak\u0131nlarda Ortado\u011fu\u2019da ger\u00e7ekle\u015fecek daha ba\u015fka b\u00f6l\u00fcnmelere de dikkat \u00e7ekiyordu.<\/p>\n","protected":false},"excerpt":{"rendered":"<p>Bu kitab\u0131 Paris\u2019te 1983 y\u0131l\u0131nda \u00e7\u0131karan yay\u0131nevi, \u0130srail\u2019in Fransa\u2019daki Siyonist lobisi taraf\u0131ndan iflas ettirildi. O g\u00fcnden bug\u00fcne kadar da hi\u00e7bir yay\u0131nevi bu eseri tekrar basmaya cesaret<span class=\"excerpt-hellip\"> [\u2026]<\/span><\/p>\n","protected":false},"featured_media":0,"template":"","meta":{"_monsterinsights_skip_tracking":false,"_monsterinsights_sitenote_active":false,"_monsterinsights_sitenote_note":"","_monsterinsights_sitenote_category":0},"product_brand":[],"product_cat":[12370,12304],"product_tag":[],"class_list":{"0":"post-717542","1":"product","2":"type-product","3":"status-publish","5":"product_cat-arastirma-inceleme","6":"product_cat-tarih","7":"pa_cilt-ciltsiz","8":"pa_tur-kitap","9":"pa_yayinevi-timas-yayinlari","10":"pa_yazar-roger-garaudy","12":"first","13":"instock","14":"sale","15":"shipping-taxable","16":"purchasable","17":"product-type-simple"},"_links":{"self":[{"href":"https:\/\/roveyayinevi.com.tr\/index.php\/wp-json\/wp\/v2\/product\/717542","targetHints":{"allow":["GET"]}}],"collection":[{"href":"https:\/\/roveyayinevi.com.tr\/index.php\/wp-json\/wp\/v2\/product"}],"about":[{"href":"https:\/\/roveyayinevi.com.tr\/index.php\/wp-json\/wp\/v2\/types\/product"}],"wp:attachment":[{"href":"https:\/\/roveyayinevi.com.tr\/index.php\/wp-json\/wp\/v2\/media?parent=717542"}],"wp:term":[{"taxonomy":"product_brand","embeddable":true,"href":"https:\/\/roveyayinevi.com.tr\/index.php\/wp-json\/wp\/v2\/product_brand?post=717542"},{"taxonomy":"product_cat","embeddable":true,"href":"https:\/\/roveyayinevi.com.tr\/index.php\/wp-json\/wp\/v2\/product_cat?post=717542"},{"taxonomy":"product_tag","embeddable":true,"href":"https:\/\/roveyayinevi.com.tr\/index.php\/wp-json\/wp\/v2\/product_tag?post=717542"}],"curies":[{"name":"wp","href":"https:\/\/api.w.org\/{rel}","templated":true}]}}