{"id":717541,"date":"2025-08-27T17:56:43","date_gmt":"2025-08-27T14:56:43","guid":{"rendered":"https:\/\/roveyayinevi.com.tr\/index.php\/urun\/ortacag-islam-dunyasinda-ekonomik-ekosistem\/"},"modified":"2026-04-16T02:25:48","modified_gmt":"2026-04-15T23:25:48","slug":"ortacag-islam-dunyasinda-ekonomik-ekosistem","status":"publish","type":"product","link":"https:\/\/roveyayinevi.com.tr\/index.php\/urun\/ortacag-islam-dunyasinda-ekonomik-ekosistem\/","title":{"rendered":"Orta\u00e7a\u011f \u0130slam D\u00fcnyas\u0131nda Ekonomik Ekosistem"},"content":{"rendered":"<p>Orta\u00e7a\u011f \u0130slam D\u00fcnyas\u0131nda Ekonomik Ekosistem adl\u0131 bu \u00e7al\u0131\u015fma, Orta\u00e7a\u011f \u0130slam medeniyetinin geli\u015fiminde lokomotif rol\u00fc \u00fcstlenen, ancak ara\u015ft\u0131rmac\u0131lar taraf\u0131ndan en fazla ihmal edilen bir \u00e7al\u0131\u015fma alan\u0131 olan ekonominin i\u015fleyi\u015fi meselesini ele alm\u0131\u015ft\u0131r. Yakla\u015f\u0131k 800 il\u00e2 1400\u2019l\u00fc y\u0131llar aras\u0131ndaki t\u00fcm \u201cEski D\u00fcnya\u201d bu \u00e7al\u0131\u015fman\u0131n kapsama alan\u0131n\u0131 olu\u015fturmaktad\u0131r. Eserde, bu tarihsel s\u00fcre\u00e7 i\u00e7erisinde ve daha \u00e7ok \u0130slam co\u011frafyas\u0131 merkezinde olmak \u00fczere, end\u00fcstriyel altyap\u0131, ticaret yollar\u0131 sistemi ve iktisadi yap\u0131 incelenmektedir. Bu eser, \u0130slam iktisat tarihini \u201c\u0130pekyolu \u00e7ok \u00f6nemliydi\u201d ya da \u201cfilan M\u00fcsl\u00fcman\/T\u00fcrk h\u00fck\u00fcmdar\u0131 ekonomiye \u00e7ok \u00f6nem vermekteydi\u201d basitli\u011finden kurtarmay\u0131 ve ekonominin ger\u00e7ekte nas\u0131l i\u015fledi\u011fini ger\u00e7ek manas\u0131yla ortaya koymay\u0131 hedeflemektedir.Bu kitap ayr\u0131ca, Orta\u00e7a\u011f \u0130slam d\u00fcnyas\u0131nda uzak mesafeler aras\u0131nda ger\u00e7ekle\u015fen ve kendi halinde gibi g\u00f6r\u00fcn\u00fcn basit ticaret vakalar\u0131 ile ticari i\u015flem olgular\u0131n\u0131n esas\u0131nda birbirleriyle ne denli ba\u011flant\u0131l\u0131 olduklar\u0131n\u0131 g\u00f6stermesi a\u00e7\u0131s\u0131ndan \u00e7ok \u00f6nemlidir. Orta\u00e7a\u011fda ticaretin yap\u0131s\u0131n\u0131 ve i\u015fleyi\u015fini de ortaya koyan bu ara\u015ft\u0131rma, \u015feylerden ziyade bunlar\u0131n aras\u0131ndaki kar\u015f\u0131l\u0131kl\u0131 ili\u015fkileri ve statik enstantanelerden ziyade meydana gelen de\u011fi\u015fimlerin kal\u0131plar\u0131n\u0131 anlamland\u0131rmaya gayret sarf ediyor.T\u00fcrkiye\u2019de ve d\u00fcnyada kaynaklara ula\u015f\u0131mdan dolay\u0131 tercih edilmeyen \u201cOrta\u00e7a\u011f \u0130slam Ekonomisi ve T\u00fcccarlar\u201d konusunda yapt\u0131\u011f\u0131 titiz \u00e7al\u0131\u015fmalarla bilinen Ahmet N. \u00d6zdal, takribi 700 kayna\u011f\u0131n tetkikiyle ve be\u015f y\u0131ll\u0131k fas\u0131las\u0131z bir ara\u015ft\u0131rmayla ortaya koydu\u011fu bu \u00e7al\u0131\u015fmas\u0131nda, genel bir konuyu \u00e7ok geni\u015f bir zaman ve mek\u00e2n diliminde, olabildi\u011fince s\u0131rad\u0131\u015f\u0131 bir bak\u0131\u015f a\u00e7\u0131s\u0131yla de\u011ferlendirerek kitapla\u015ft\u0131rd\u0131.<\/p>\n","protected":false},"excerpt":{"rendered":"<p>Orta\u00e7a\u011f \u0130slam D\u00fcnyas\u0131nda Ekonomik Ekosistem adl\u0131 bu \u00e7al\u0131\u015fma, Orta\u00e7a\u011f \u0130slam medeniyetinin geli\u015fiminde lokomotif rol\u00fc \u00fcstlenen, ancak ara\u015ft\u0131rmac\u0131lar taraf\u0131ndan en fazla ihmal edilen bir \u00e7al\u0131\u015fma alan\u0131 olan<span class=\"excerpt-hellip\"> [\u2026]<\/span><\/p>\n","protected":false},"featured_media":0,"template":"","meta":{"_monsterinsights_skip_tracking":false,"_monsterinsights_sitenote_active":false,"_monsterinsights_sitenote_note":"","_monsterinsights_sitenote_category":0},"product_brand":[],"product_cat":[12305,12304],"product_tag":[],"class_list":{"0":"post-717541","1":"product","2":"type-product","3":"status-publish","5":"product_cat-dunya-tarihi","6":"product_cat-tarih","7":"pa_cilt-ciltsiz","8":"pa_tur-kitap","9":"pa_yayinevi-timas-yayinlari","10":"pa_yazar-ahmet-nurullah-ozdal","12":"first","13":"instock","14":"sale","15":"shipping-taxable","16":"purchasable","17":"product-type-simple"},"_links":{"self":[{"href":"https:\/\/roveyayinevi.com.tr\/index.php\/wp-json\/wp\/v2\/product\/717541","targetHints":{"allow":["GET"]}}],"collection":[{"href":"https:\/\/roveyayinevi.com.tr\/index.php\/wp-json\/wp\/v2\/product"}],"about":[{"href":"https:\/\/roveyayinevi.com.tr\/index.php\/wp-json\/wp\/v2\/types\/product"}],"wp:attachment":[{"href":"https:\/\/roveyayinevi.com.tr\/index.php\/wp-json\/wp\/v2\/media?parent=717541"}],"wp:term":[{"taxonomy":"product_brand","embeddable":true,"href":"https:\/\/roveyayinevi.com.tr\/index.php\/wp-json\/wp\/v2\/product_brand?post=717541"},{"taxonomy":"product_cat","embeddable":true,"href":"https:\/\/roveyayinevi.com.tr\/index.php\/wp-json\/wp\/v2\/product_cat?post=717541"},{"taxonomy":"product_tag","embeddable":true,"href":"https:\/\/roveyayinevi.com.tr\/index.php\/wp-json\/wp\/v2\/product_tag?post=717541"}],"curies":[{"name":"wp","href":"https:\/\/api.w.org\/{rel}","templated":true}]}}