{"id":717540,"date":"2025-08-27T17:56:42","date_gmt":"2025-08-27T14:56:42","guid":{"rendered":"https:\/\/roveyayinevi.com.tr\/index.php\/urun\/pendname-2\/"},"modified":"2026-04-16T02:25:48","modified_gmt":"2026-04-15T23:25:48","slug":"pendname-2","status":"publish","type":"product","link":"https:\/\/roveyayinevi.com.tr\/index.php\/urun\/pendname-2\/","title":{"rendered":"Pendname"},"content":{"rendered":"<p>Bu eser, sadece M\u00fcsl\u00fcmanlara de\u011fil; her din, her mezhep ve her me\u015frepten b\u00fct\u00fcn insal\u0131\u011fa seslenen insanca ya\u015fama rehberidir. Do\u011frulu\u011fu, g\u00fczelli\u011fi ve mutlulu\u011fu arayan herkesin ruhunu y\u0131kay\u0131p s\u00fck\u00fbna erdiren bir p\u0131nard\u0131r. Fer\u00eed\u00fcdd\u00een Att\u00e2r hazretleri, evrensel \u00e7apta bir s\u00fbf\u00eedir. O y\u00fczden de sesleni\u015fiyle b\u00fct\u00fcn insanl\u0131\u011f\u0131 kucaklar. &#8220;Evl\u00e2d\u0131m, insanlara sert konu\u015fma yoksa sana s\u0131rt \u00e7evirirler. \u0130yi g\u00fcnlerinde ba\u015fkas\u0131na yard\u0131m edersen, dar g\u00fcnlerinde o da senin imdad\u0131na ko\u015far. \u00d6fkesini tutmak, y\u00fcce ruhlu insan\u0131n harc\u0131d\u0131r. A\u015fa\u011f\u0131l\u0131k biri olmak istemiyorsan, a\u015fa\u011f\u0131l\u0131k birinden bir \u015fey isteme! Birlikte ya\u015fad\u0131\u011f\u0131 insanlarla ge\u00e7inmeyi bilmeyenin yolda\u015f\u0131, s\u0131k\u0131nt\u0131 ve \u0131zd\u0131raplarla dolu g\u00fcnlerdir. Ruhun \u00fcz\u00fcnt\u00fclerle dolsun ve k\u0131vrans\u0131n istemiyorsan, hi\u00e7bir kalbi k\u0131rmamaya bak! Bir toplant\u0131da insanlar\u0131n seni dinlemediklerini g\u00f6r\u00fcrsen, y\u00fczlerce s\u00f6z\u00fcn dahi olsa sak\u0131n s\u00f6yleme!&#8221;<\/p>\n","protected":false},"excerpt":{"rendered":"<p>Bu eser, sadece M\u00fcsl\u00fcmanlara de\u011fil; her din, her mezhep ve her me\u015frepten b\u00fct\u00fcn insal\u0131\u011fa seslenen insanca ya\u015fama rehberidir. Do\u011frulu\u011fu, g\u00fczelli\u011fi ve mutlulu\u011fu arayan herkesin ruhunu y\u0131kay\u0131p<span class=\"excerpt-hellip\"> [\u2026]<\/span><\/p>\n","protected":false},"featured_media":0,"template":"","meta":{"_monsterinsights_skip_tracking":false,"_monsterinsights_sitenote_active":false,"_monsterinsights_sitenote_note":"","_monsterinsights_sitenote_category":0},"product_brand":[],"product_cat":[12718,12719,15238],"product_tag":[],"class_list":{"0":"post-717540","1":"product","2":"type-product","3":"status-publish","5":"product_cat-din","6":"product_cat-islam","7":"product_cat-tasavvuf","8":"pa_cilt-ciltsiz","9":"pa_tur-kitap","10":"pa_yayinevi-sufi-kitap","11":"pa_yazar-feriduddin-attar-filiz-kalyon","13":"first","14":"instock","15":"sale","16":"shipping-taxable","17":"purchasable","18":"product-type-simple"},"_links":{"self":[{"href":"https:\/\/roveyayinevi.com.tr\/index.php\/wp-json\/wp\/v2\/product\/717540","targetHints":{"allow":["GET"]}}],"collection":[{"href":"https:\/\/roveyayinevi.com.tr\/index.php\/wp-json\/wp\/v2\/product"}],"about":[{"href":"https:\/\/roveyayinevi.com.tr\/index.php\/wp-json\/wp\/v2\/types\/product"}],"wp:attachment":[{"href":"https:\/\/roveyayinevi.com.tr\/index.php\/wp-json\/wp\/v2\/media?parent=717540"}],"wp:term":[{"taxonomy":"product_brand","embeddable":true,"href":"https:\/\/roveyayinevi.com.tr\/index.php\/wp-json\/wp\/v2\/product_brand?post=717540"},{"taxonomy":"product_cat","embeddable":true,"href":"https:\/\/roveyayinevi.com.tr\/index.php\/wp-json\/wp\/v2\/product_cat?post=717540"},{"taxonomy":"product_tag","embeddable":true,"href":"https:\/\/roveyayinevi.com.tr\/index.php\/wp-json\/wp\/v2\/product_tag?post=717540"}],"curies":[{"name":"wp","href":"https:\/\/api.w.org\/{rel}","templated":true}]}}