{"id":717539,"date":"2025-08-27T17:56:41","date_gmt":"2025-08-27T14:56:41","guid":{"rendered":"https:\/\/roveyayinevi.com.tr\/index.php\/urun\/tan-yeri-ii-fecir\/"},"modified":"2026-04-16T02:25:48","modified_gmt":"2026-04-15T23:25:48","slug":"tan-yeri-ii-fecir","status":"publish","type":"product","link":"https:\/\/roveyayinevi.com.tr\/index.php\/urun\/tan-yeri-ii-fecir\/","title":{"rendered":"Tan Yeri II &#8211; Fecir"},"content":{"rendered":"<p>&#8220;Haramdan Sak\u0131n&#8221; serisiyle y\u00fcz binlerce okurun d\u00fcnyas\u0131na giren Merve \u00d6zcan, Tan Yeri serisinin ikinci kitab\u0131 Fecir ile tekrar okurlar\u0131yla!Merve \u00d6zcan&#8217;\u0131n \u00e7izdi\u011fi poster ise hediyesi&#8230;Ate\u015foyuk halk\u0131 alevlerin g\u00f6lgesinde, art\u0131k sava\u015f\u0131n \u00e7\u0131\u011fl\u0131klar\u0131n\u0131 dinliyor. K\u0131z\u0131l g\u00f6k ve kara k\u0131\u015f\u0131n ortas\u0131nda kalan t\u00fcm s\u0131rlar, \u00e7orap s\u00f6k\u00fc\u011f\u00fc gibi birer birer \u00e7\u00f6z\u00fclmeye ba\u015fl\u0131yor. S\u0131nanan bir a\u015fk, kaybedilen g\u00fcven ve kap\u0131da bekleyen kay\u0131plar\u0131n hik\u00e2yesi bir kez daha yaz\u0131l\u0131yor\u2026Bir orman yand\u0131.Adamla hayk\u0131rd\u0131, kad\u0131nla sustu, dallar\u0131 aras\u0131nda \u015fafa\u011f\u0131n do\u011fumunu sanc\u0131lad\u0131.Kad\u0131n adam\u0131 vurmu\u015f ama kendi kan\u0131n\u0131 ak\u0131tm\u0131\u015ft\u0131. Adam kad\u0131n\u0131n zihnindeki \u00e7atlaklara s\u0131zmak i\u00e7in her an\u0131 kollad\u0131.Bast\u0131\u011f\u0131 toprak alevlerle yar\u0131l\u0131rken ikisi de iki u\u00e7tan birbirine bakt\u0131, \u00e7\u00fcnk\u00fc ba\u015flayan sava\u015f\u0131n ilk naras\u0131 ikisi aras\u0131nda at\u0131\u015fm\u0131\u015ft\u0131. Ne adam kad\u0131n\u0131 b\u0131rakt\u0131 ne de alevler bir an olsun durup solukland\u0131.\u201cBuraday\u0131m Ars\u0131l Alaz ya da\u2026 Ya da de\u011filim, \u00e7\u00fcnk\u00fc art\u0131k kendime bile g\u00fcvenim yok. Zihnimin bana ihaneti \u00f6yle s\u0131radanla\u015ft\u0131 ki, hat\u0131ralar\u0131m\u0131 s\u0131k\u0131 s\u0131k\u0131 tuttu\u011fum anlarda bile avu\u00e7lar\u0131m\u0131n bombo\u015f kald\u0131\u011f\u0131n\u0131 g\u00f6rebiliyorum.\u201d<\/p>\n","protected":false},"excerpt":{"rendered":"<p>&#8220;Haramdan Sak\u0131n&#8221; serisiyle y\u00fcz binlerce okurun d\u00fcnyas\u0131na giren Merve \u00d6zcan, Tan Yeri serisinin ikinci kitab\u0131 Fecir ile tekrar okurlar\u0131yla!Merve \u00d6zcan&#8217;\u0131n \u00e7izdi\u011fi poster ise hediyesi&#8230;Ate\u015foyuk halk\u0131 alevlerin<span class=\"excerpt-hellip\"> [\u2026]<\/span><\/p>\n","protected":false},"featured_media":0,"template":"","meta":{"_monsterinsights_skip_tracking":false,"_monsterinsights_sitenote_active":false,"_monsterinsights_sitenote_note":"","_monsterinsights_sitenote_category":0},"product_brand":[],"product_cat":[14643,12291],"product_tag":[],"class_list":{"0":"post-717539","1":"product","2":"type-product","3":"status-publish","5":"product_cat-ask","6":"product_cat-edebiyat","7":"pa_cilt-ciltsiz","8":"pa_tur-kitap","9":"pa_yayinevi-portakal-kitap","10":"pa_yazar-merve-ozcan","12":"first","13":"instock","14":"sale","15":"shipping-taxable","16":"purchasable","17":"product-type-simple"},"_links":{"self":[{"href":"https:\/\/roveyayinevi.com.tr\/index.php\/wp-json\/wp\/v2\/product\/717539","targetHints":{"allow":["GET"]}}],"collection":[{"href":"https:\/\/roveyayinevi.com.tr\/index.php\/wp-json\/wp\/v2\/product"}],"about":[{"href":"https:\/\/roveyayinevi.com.tr\/index.php\/wp-json\/wp\/v2\/types\/product"}],"wp:attachment":[{"href":"https:\/\/roveyayinevi.com.tr\/index.php\/wp-json\/wp\/v2\/media?parent=717539"}],"wp:term":[{"taxonomy":"product_brand","embeddable":true,"href":"https:\/\/roveyayinevi.com.tr\/index.php\/wp-json\/wp\/v2\/product_brand?post=717539"},{"taxonomy":"product_cat","embeddable":true,"href":"https:\/\/roveyayinevi.com.tr\/index.php\/wp-json\/wp\/v2\/product_cat?post=717539"},{"taxonomy":"product_tag","embeddable":true,"href":"https:\/\/roveyayinevi.com.tr\/index.php\/wp-json\/wp\/v2\/product_tag?post=717539"}],"curies":[{"name":"wp","href":"https:\/\/api.w.org\/{rel}","templated":true}]}}