{"id":717538,"date":"2025-08-27T17:56:40","date_gmt":"2025-08-27T14:56:40","guid":{"rendered":"https:\/\/roveyayinevi.com.tr\/index.php\/urun\/dunyanin-en-saskin-gladyatorunun-kayip-ve-cok-gizli-gunlugu\/"},"modified":"2026-04-16T02:25:48","modified_gmt":"2026-04-15T23:25:48","slug":"dunyanin-en-saskin-gladyatorunun-kayip-ve-cok-gizli-gunlugu","status":"publish","type":"product","link":"https:\/\/roveyayinevi.com.tr\/index.php\/urun\/dunyanin-en-saskin-gladyatorunun-kayip-ve-cok-gizli-gunlugu\/","title":{"rendered":"D\u00fcnyan\u0131n En \u015ea\u015fk\u0131n Gladyat\u00f6r\u00fcn\u00fcn Kay\u0131p ve \u00c7ok Gizli G\u00fcnl\u00fc\u011f\u00fc"},"content":{"rendered":"<p>Bu yaz\u0131y\u0131 okudu\u011funuza g\u00f6re gizli g\u00fcnl\u00fc\u011f\u00fcm\u00fc bulmu\u015f olmal\u0131s\u0131n\u0131z.   Bu g\u00fcnl\u00fck, talihsiz bir benzerlik sonucu gladyat\u00f6r san\u0131lmam ve bundan kurtulma \u00e7abalar\u0131m hakk\u0131nda.  \u201cKay\u0131p ve \u00c7ok Gizli G\u00fcnl\u00fck\u201d serisiyle \u015fa\u015fk\u0131n insanlar\u0131n e\u011flenceli maceralar\u0131na kat\u0131lmaya ne dersiniz? <\/p>\n","protected":false},"excerpt":{"rendered":"<p>Bu yaz\u0131y\u0131 okudu\u011funuza g\u00f6re gizli g\u00fcnl\u00fc\u011f\u00fcm\u00fc bulmu\u015f olmal\u0131s\u0131n\u0131z. Bu g\u00fcnl\u00fck, talihsiz bir benzerlik sonucu gladyat\u00f6r san\u0131lmam ve bundan kurtulma \u00e7abalar\u0131m hakk\u0131nda. \u201cKay\u0131p ve \u00c7ok Gizli G\u00fcnl\u00fck\u201d<span class=\"excerpt-hellip\"> [\u2026]<\/span><\/p>\n","protected":false},"featured_media":0,"template":"","meta":{"_monsterinsights_skip_tracking":false,"_monsterinsights_sitenote_active":false,"_monsterinsights_sitenote_note":"","_monsterinsights_sitenote_category":0},"product_brand":[],"product_cat":[12274,12284],"product_tag":[],"class_list":{"0":"post-717538","1":"product","2":"type-product","3":"status-publish","5":"product_cat-cocuk-ve-genclik-kitaplari","6":"product_cat-hikayeler","7":"pa_cilt-ciltsiz","8":"pa_tur-kitap","9":"pa_yayinevi-masalperest","10":"pa_yazar-tim-collins","12":"first","13":"instock","14":"sale","15":"shipping-taxable","16":"purchasable","17":"product-type-simple"},"_links":{"self":[{"href":"https:\/\/roveyayinevi.com.tr\/index.php\/wp-json\/wp\/v2\/product\/717538","targetHints":{"allow":["GET"]}}],"collection":[{"href":"https:\/\/roveyayinevi.com.tr\/index.php\/wp-json\/wp\/v2\/product"}],"about":[{"href":"https:\/\/roveyayinevi.com.tr\/index.php\/wp-json\/wp\/v2\/types\/product"}],"wp:attachment":[{"href":"https:\/\/roveyayinevi.com.tr\/index.php\/wp-json\/wp\/v2\/media?parent=717538"}],"wp:term":[{"taxonomy":"product_brand","embeddable":true,"href":"https:\/\/roveyayinevi.com.tr\/index.php\/wp-json\/wp\/v2\/product_brand?post=717538"},{"taxonomy":"product_cat","embeddable":true,"href":"https:\/\/roveyayinevi.com.tr\/index.php\/wp-json\/wp\/v2\/product_cat?post=717538"},{"taxonomy":"product_tag","embeddable":true,"href":"https:\/\/roveyayinevi.com.tr\/index.php\/wp-json\/wp\/v2\/product_tag?post=717538"}],"curies":[{"name":"wp","href":"https:\/\/api.w.org\/{rel}","templated":true}]}}