{"id":717537,"date":"2025-08-27T17:56:40","date_gmt":"2025-08-27T14:56:40","guid":{"rendered":"https:\/\/roveyayinevi.com.tr\/index.php\/urun\/yaklasma\/"},"modified":"2026-04-16T02:25:48","modified_gmt":"2026-04-15T23:25:48","slug":"yaklasma","status":"publish","type":"product","link":"https:\/\/roveyayinevi.com.tr\/index.php\/urun\/yaklasma\/","title":{"rendered":"Yakla\u015fma"},"content":{"rendered":"<p>Bir g\u00fcn uyand\u0131\u011f\u0131n\u0131zda erkeklere kar\u015f\u0131 fobiniz oldu\u011funu fark etseniz ne hissederdiniz? Tuba bu sorunun cevab\u0131n\u0131 \u00e7ok iyi biliyor \u00e7\u00fcnk\u00fc tam olarak bunu ya\u015f\u0131yor. Ba\u015f\u0131na gelen korkun\u00e7 olaylardan sonra erkeklerden korkmaya ba\u015flad\u0131, art\u0131k evinden d\u0131\u015far\u0131 bile \u00e7\u0131kam\u0131yor. Yine de her \u015feye ra\u011fmen kendini toparlay\u0131p fobisini yenmek zorunda. Bunu yapabilmek i\u00e7in ona bir erke\u011fin yard\u0131m etmesi gerek. \u00d6n\u00fcnde tek bir \u015fans\u0131 var: Hi\u00e7 tan\u0131mad\u0131\u011f\u0131, hayat\u0131n\u0131 bildi\u011fi gibi \u015fekillendirmek i\u00e7in u\u011fra\u015fm\u0131\u015f, ba\u015f\u0131na buyruk bir adam; Ege Tekin.  Peki i\u015fler Tuba\u2019n\u0131n d\u00fc\u015f\u00fcnd\u00fc\u011f\u00fc gibi yolunda gidecek mi? Yoksa ge\u00e7mi\u015fte kalan s\u0131rlar bir bir a\u00e7\u0131\u011fa \u00e7\u0131karken korkular\u0131na yenileri mi eklenecek? Ba\u015flar\u0131na gelen b\u00fct\u00fcn k\u00f6t\u00fcl\u00fcklere ra\u011fmen birbirlerinden g\u00fc\u00e7 alarak beraber y\u00fcr\u00fcyen Tuba\u2019yla Ege\u2019nin heyecanl\u0131 ve s\u00fcr\u00fckleyici hik\u00e2yesi\u2026 <\/p>\n","protected":false},"excerpt":{"rendered":"<p>Bir g\u00fcn uyand\u0131\u011f\u0131n\u0131zda erkeklere kar\u015f\u0131 fobiniz oldu\u011funu fark etseniz ne hissederdiniz? Tuba bu sorunun cevab\u0131n\u0131 \u00e7ok iyi biliyor \u00e7\u00fcnk\u00fc tam olarak bunu ya\u015f\u0131yor. Ba\u015f\u0131na gelen korkun\u00e7<span class=\"excerpt-hellip\"> [\u2026]<\/span><\/p>\n","protected":false},"featured_media":0,"template":"","meta":{"_monsterinsights_skip_tracking":false,"_monsterinsights_sitenote_active":false,"_monsterinsights_sitenote_note":"","_monsterinsights_sitenote_category":0},"product_brand":[],"product_cat":[14643,12291],"product_tag":[],"class_list":{"0":"post-717537","1":"product","2":"type-product","3":"status-publish","5":"product_cat-ask","6":"product_cat-edebiyat","7":"pa_cilt-ciltsiz","8":"pa_tur-kitap","9":"pa_yayinevi-epsilon-yayinlari","10":"pa_yazar-elif-yikilmaz","12":"first","13":"instock","14":"sale","15":"shipping-taxable","16":"purchasable","17":"product-type-simple"},"_links":{"self":[{"href":"https:\/\/roveyayinevi.com.tr\/index.php\/wp-json\/wp\/v2\/product\/717537","targetHints":{"allow":["GET"]}}],"collection":[{"href":"https:\/\/roveyayinevi.com.tr\/index.php\/wp-json\/wp\/v2\/product"}],"about":[{"href":"https:\/\/roveyayinevi.com.tr\/index.php\/wp-json\/wp\/v2\/types\/product"}],"wp:attachment":[{"href":"https:\/\/roveyayinevi.com.tr\/index.php\/wp-json\/wp\/v2\/media?parent=717537"}],"wp:term":[{"taxonomy":"product_brand","embeddable":true,"href":"https:\/\/roveyayinevi.com.tr\/index.php\/wp-json\/wp\/v2\/product_brand?post=717537"},{"taxonomy":"product_cat","embeddable":true,"href":"https:\/\/roveyayinevi.com.tr\/index.php\/wp-json\/wp\/v2\/product_cat?post=717537"},{"taxonomy":"product_tag","embeddable":true,"href":"https:\/\/roveyayinevi.com.tr\/index.php\/wp-json\/wp\/v2\/product_tag?post=717537"}],"curies":[{"name":"wp","href":"https:\/\/api.w.org\/{rel}","templated":true}]}}