{"id":717535,"date":"2025-08-27T17:56:38","date_gmt":"2025-08-27T14:56:38","guid":{"rendered":"https:\/\/roveyayinevi.com.tr\/index.php\/urun\/yetisin-cocuklar\/"},"modified":"2026-04-16T02:25:48","modified_gmt":"2026-04-15T23:25:48","slug":"yetisin-cocuklar","status":"publish","type":"product","link":"https:\/\/roveyayinevi.com.tr\/index.php\/urun\/yetisin-cocuklar\/","title":{"rendered":"Yeti\u015fin \u00c7ocuklar"},"content":{"rendered":"<p>\u00c7ocuklar\u0131m\u0131z i\u00e7in her \u015feyi \u201cdo\u011fru\u201d yapman\u0131n re\u00e7etesini ararken \u00e7o\u011funlukla kendimizi strese bo\u011fuyoruz. Bu ger\u00e7eklikten yola \u00e7\u0131kan Prof. Dr. Sel\u00e7uk \u015eirin, 20 y\u0131l s\u00fcren akademik \u00e7al\u0131\u015fmalar\u0131n bir \u00fcr\u00fcn\u00fc olan Yeti\u015fin \u00c7ocuklar\u2019da ebeveyn ve e\u011fitimcilere sesleniyor. \u015eirin, bu kitapla \u00f6zellikle \u201cm\u00fckemmel ebeveynlik\u201d bask\u0131s\u0131n\u0131 hissedenlere bilimsel ve yal\u0131n bir yakla\u015f\u0131mla i\u00e7 ferahlat\u0131c\u0131 bir ba\u015fucu kitab\u0131 sunuyor. Bu kitap \u00e7ocuk yeti\u015ftirirken somut, uygulanabilir \u00e7\u00f6z\u00fcmler arayan herkese \u00e7ok iyi gelecek!    Bebeklerle ilk diyalo\u011fu nas\u0131l kurmal\u0131y\u0131z? Erken ya\u015fta zihinsel geli\u015fimi desteklemek i\u00e7in ne yapmal\u0131y\u0131z? Disiplin ama nereye kadar? \u00c7ocuklara ikinci dil \u00f6\u011fretmenin ideal ya\u015f\u0131 nedir? Tatilde \u00f6\u011frenme kayb\u0131 nas\u0131l \u00f6nlenir? \u00c7ocuklar\u0131 ekran ba\u011f\u0131ml\u0131l\u0131\u011f\u0131ndan nas\u0131l koruyabiliriz? Ergenlerle sa\u011fl\u0131kl\u0131 diyalo\u011fun form\u00fcl\u00fc nedir? Okul tercihinde nelere dikkat etmeli? Gen\u00e7leri hangi ad\u0131mlar zirveye ta\u015f\u0131r? Okul\u00f6ncesinden ergenli\u011fe, T\u00fcrkiye ve d\u00fcnyada pek \u00e7ok bilimsel \u00e7al\u0131\u015fmaya imza atan, ABD Bilimler Akademisi\u2019nin \u00e7ocuk yeti\u015ftirme komisyonunda g\u00f6rev alan Sel\u00e7uk \u015eirin, bu kitab\u0131n hik\u00e2yesini \u015f\u00f6yle anlat\u0131yor: \u201c20 y\u0131l \u00f6nce yazmay\u0131 tasarlad\u0131\u011f\u0131m bu kitab\u0131 ve notlar\u0131m\u0131 kendi \u00e7ocuklar\u0131m\u0131 yeti\u015ftirmeye ba\u015flay\u0131nca rafa kald\u0131rd\u0131m. \u00c7\u00fcnk\u00fc ebeveyn olmak, \u00e7ocuk geli\u015fimi \u00fczerine bildi\u011fim her \u015feyi temize Okul\u00f6ncesinden ergenli\u011fe, T\u00fcrkiye ve d\u00fcnyada pek \u00e7ok bilimsel \u00e7al\u0131\u015fmaya imza atan, ABD Bilimler Akademisi\u2019nin \u00e7ocuk yeti\u015ftirme komisyonunda g\u00f6rev alan Sel\u00e7uk \u015eirin, bu kitab\u0131n hik\u00e2yesini \u015f\u00f6yle anlat\u0131yor: \u201c20 y\u0131l \u00f6nce yazmay\u0131 tasarlad\u0131\u011f\u0131m bu kitab\u0131 ve notlar\u0131m\u0131 kendi \u00e7ocuklar\u0131m\u0131 yeti\u015ftirmeye ba\u015flay\u0131nca rafa kald\u0131rd\u0131m. \u00c7\u00fcnk\u00fc ebeveyn olmak, \u00e7ocuk geli\u015fimi \u00fczerine bildi\u011fim her \u015feyi temize <\/p>\n","protected":false},"excerpt":{"rendered":"<p>\u00c7ocuklar\u0131m\u0131z i\u00e7in her \u015feyi \u201cdo\u011fru\u201d yapman\u0131n re\u00e7etesini ararken \u00e7o\u011funlukla kendimizi strese bo\u011fuyoruz. Bu ger\u00e7eklikten yola \u00e7\u0131kan Prof. Dr. Sel\u00e7uk \u015eirin, 20 y\u0131l s\u00fcren akademik \u00e7al\u0131\u015fmalar\u0131n bir<span class=\"excerpt-hellip\"> [\u2026]<\/span><\/p>\n","protected":false},"featured_media":0,"template":"","meta":{"_monsterinsights_skip_tracking":false,"_monsterinsights_sitenote_active":false,"_monsterinsights_sitenote_note":"","_monsterinsights_sitenote_category":0},"product_brand":[],"product_cat":[17996,12364],"product_tag":[],"class_list":{"0":"post-717535","1":"product","2":"type-product","3":"status-publish","5":"product_cat-ebeveyn-kitaplari","6":"product_cat-genel-konular","7":"pa_cilt-ciltsiz","8":"pa_tur-kitap","9":"pa_yayinevi-dogan-kitap","10":"pa_yazar-selcuk-sirin","12":"first","13":"instock","14":"sale","15":"shipping-taxable","16":"purchasable","17":"product-type-simple"},"_links":{"self":[{"href":"https:\/\/roveyayinevi.com.tr\/index.php\/wp-json\/wp\/v2\/product\/717535","targetHints":{"allow":["GET"]}}],"collection":[{"href":"https:\/\/roveyayinevi.com.tr\/index.php\/wp-json\/wp\/v2\/product"}],"about":[{"href":"https:\/\/roveyayinevi.com.tr\/index.php\/wp-json\/wp\/v2\/types\/product"}],"wp:attachment":[{"href":"https:\/\/roveyayinevi.com.tr\/index.php\/wp-json\/wp\/v2\/media?parent=717535"}],"wp:term":[{"taxonomy":"product_brand","embeddable":true,"href":"https:\/\/roveyayinevi.com.tr\/index.php\/wp-json\/wp\/v2\/product_brand?post=717535"},{"taxonomy":"product_cat","embeddable":true,"href":"https:\/\/roveyayinevi.com.tr\/index.php\/wp-json\/wp\/v2\/product_cat?post=717535"},{"taxonomy":"product_tag","embeddable":true,"href":"https:\/\/roveyayinevi.com.tr\/index.php\/wp-json\/wp\/v2\/product_tag?post=717535"}],"curies":[{"name":"wp","href":"https:\/\/api.w.org\/{rel}","templated":true}]}}