{"id":717534,"date":"2025-08-27T17:56:37","date_gmt":"2025-08-27T14:56:37","guid":{"rendered":"https:\/\/roveyayinevi.com.tr\/index.php\/urun\/durgun-sulardan-uzakta\/"},"modified":"2026-04-13T02:31:57","modified_gmt":"2026-04-12T23:31:57","slug":"durgun-sulardan-uzakta","status":"publish","type":"product","link":"https:\/\/roveyayinevi.com.tr\/index.php\/urun\/durgun-sulardan-uzakta\/","title":{"rendered":"Durgun Sulardan Uzakta"},"content":{"rendered":"<p>Linda ve Ahmet&#8230; Farkl\u0131 d\u00fcnyalara ait olup, ayn\u0131 g\u00fczel yar\u0131nlar\u0131n hayalini kurmu\u015f iki a\u015f\u0131k&#8230; A\u015fklar\u0131n\u0131n meyvesi Arunas&#8230; Bir ihanet&#8230; Kendi hik\u00e2yelerine savrulan ve da\u011f\u0131lan bir aile&#8230; \u0130nsan bir \u00f6m\u00fcrde ka\u00e7 hik\u00e2ye ya\u015fayabilir? A\u015fk\u0131n hayatla, nefretin \u00f6l\u00fcmle s\u0131nand\u0131\u011f\u0131 bir d\u00fcnyada Linda, Ahmet ve Arunas&#8217;\u0131n i\u00e7sesleri, sizi en &#8216;insanca&#8217; duygularla y\u00fczle\u015ftirecek. <\/p>\n","protected":false},"excerpt":{"rendered":"<p>Linda ve Ahmet&#8230; Farkl\u0131 d\u00fcnyalara ait olup, ayn\u0131 g\u00fczel yar\u0131nlar\u0131n hayalini kurmu\u015f iki a\u015f\u0131k&#8230; A\u015fklar\u0131n\u0131n meyvesi Arunas&#8230; Bir ihanet&#8230; Kendi hik\u00e2yelerine savrulan ve da\u011f\u0131lan bir aile&#8230;<span class=\"excerpt-hellip\"> [\u2026]<\/span><\/p>\n","protected":false},"featured_media":0,"template":"","meta":{"_monsterinsights_skip_tracking":false,"_monsterinsights_sitenote_active":false,"_monsterinsights_sitenote_note":"","_monsterinsights_sitenote_category":0},"product_brand":[],"product_cat":[12291,12711],"product_tag":[],"class_list":{"0":"post-717534","1":"product","2":"type-product","3":"status-publish","5":"product_cat-edebiyat","6":"product_cat-roman-oyku","7":"pa_cilt-ciltsiz","8":"pa_tur-kitap","9":"pa_yayinevi-telgrafhane-yayinlari","10":"pa_yazar-fikret-ozkurt","12":"first","13":"instock","14":"sale","15":"shipping-taxable","16":"purchasable","17":"product-type-simple"},"_links":{"self":[{"href":"https:\/\/roveyayinevi.com.tr\/index.php\/wp-json\/wp\/v2\/product\/717534","targetHints":{"allow":["GET"]}}],"collection":[{"href":"https:\/\/roveyayinevi.com.tr\/index.php\/wp-json\/wp\/v2\/product"}],"about":[{"href":"https:\/\/roveyayinevi.com.tr\/index.php\/wp-json\/wp\/v2\/types\/product"}],"wp:attachment":[{"href":"https:\/\/roveyayinevi.com.tr\/index.php\/wp-json\/wp\/v2\/media?parent=717534"}],"wp:term":[{"taxonomy":"product_brand","embeddable":true,"href":"https:\/\/roveyayinevi.com.tr\/index.php\/wp-json\/wp\/v2\/product_brand?post=717534"},{"taxonomy":"product_cat","embeddable":true,"href":"https:\/\/roveyayinevi.com.tr\/index.php\/wp-json\/wp\/v2\/product_cat?post=717534"},{"taxonomy":"product_tag","embeddable":true,"href":"https:\/\/roveyayinevi.com.tr\/index.php\/wp-json\/wp\/v2\/product_tag?post=717534"}],"curies":[{"name":"wp","href":"https:\/\/api.w.org\/{rel}","templated":true}]}}