{"id":717533,"date":"2025-08-27T17:56:37","date_gmt":"2025-08-27T14:56:37","guid":{"rendered":"https:\/\/roveyayinevi.com.tr\/index.php\/urun\/havada-uc-bes-marti\/"},"modified":"2026-04-16T02:25:48","modified_gmt":"2026-04-15T23:25:48","slug":"havada-uc-bes-marti","status":"publish","type":"product","link":"https:\/\/roveyayinevi.com.tr\/index.php\/urun\/havada-uc-bes-marti\/","title":{"rendered":"Havada \u00dc\u00e7 Be\u015f Mart\u0131"},"content":{"rendered":"<p>\u201cDize \u015fiirin omurgas\u0131d\u0131r, hayatla damar ba\u011f\u0131 olmayan dize \u015fiir olmaz. Bazen bir dize \u015fiirdir. \u0130\u015fte G\u00fcven Baykan, bu \u015fiirin yolcusudur!\u201d img src=&#8221;https:\/\/s3-eu-west-1.amazonaws.com\/dia\/kitadagitim\/ckeditor_assets\/pictures\/53\/content_1_original_original.jpg&#8221; alt=&#8221;Tan\u0131t\u0131m Metni&#8221; height=&#8221;15&#8243; width=&#8221;15&#8243; &gt;<span>Tan\u0131t\u0131m Metni<\/span><\/img><\/p>\n","protected":false},"excerpt":{"rendered":"<p>\u201cDize \u015fiirin omurgas\u0131d\u0131r, hayatla damar ba\u011f\u0131 olmayan dize \u015fiir olmaz. Bazen bir dize \u015fiirdir. \u0130\u015fte G\u00fcven Baykan, bu \u015fiirin yolcusudur!\u201d img src=&#8221;https:\/\/s3-eu-west-1.amazonaws.com\/dia\/kitadagitim\/ckeditor_assets\/pictures\/53\/content_1_original_original.jpg&#8221; alt=&#8221;Tan\u0131t\u0131m Metni&#8221; height=&#8221;15&#8243; width=&#8221;15&#8243;<span class=\"excerpt-hellip\"> [\u2026]<\/span><\/p>\n","protected":false},"featured_media":0,"template":"","meta":{"_monsterinsights_skip_tracking":false,"_monsterinsights_sitenote_active":false,"_monsterinsights_sitenote_note":"","_monsterinsights_sitenote_category":0},"product_brand":[],"product_cat":[12291,12509],"product_tag":[],"class_list":{"0":"post-717533","1":"product","2":"type-product","3":"status-publish","5":"product_cat-edebiyat","6":"product_cat-siir","7":"pa_cilt-ciltsiz","8":"pa_tur-kitap","9":"pa_yayinevi-telgrafhane-yayinlari","10":"pa_yazar-guven-baykan","12":"first","13":"instock","14":"sale","15":"shipping-taxable","16":"purchasable","17":"product-type-simple"},"_links":{"self":[{"href":"https:\/\/roveyayinevi.com.tr\/index.php\/wp-json\/wp\/v2\/product\/717533","targetHints":{"allow":["GET"]}}],"collection":[{"href":"https:\/\/roveyayinevi.com.tr\/index.php\/wp-json\/wp\/v2\/product"}],"about":[{"href":"https:\/\/roveyayinevi.com.tr\/index.php\/wp-json\/wp\/v2\/types\/product"}],"wp:attachment":[{"href":"https:\/\/roveyayinevi.com.tr\/index.php\/wp-json\/wp\/v2\/media?parent=717533"}],"wp:term":[{"taxonomy":"product_brand","embeddable":true,"href":"https:\/\/roveyayinevi.com.tr\/index.php\/wp-json\/wp\/v2\/product_brand?post=717533"},{"taxonomy":"product_cat","embeddable":true,"href":"https:\/\/roveyayinevi.com.tr\/index.php\/wp-json\/wp\/v2\/product_cat?post=717533"},{"taxonomy":"product_tag","embeddable":true,"href":"https:\/\/roveyayinevi.com.tr\/index.php\/wp-json\/wp\/v2\/product_tag?post=717533"}],"curies":[{"name":"wp","href":"https:\/\/api.w.org\/{rel}","templated":true}]}}