{"id":717531,"date":"2025-08-27T17:56:35","date_gmt":"2025-08-27T14:56:35","guid":{"rendered":"https:\/\/roveyayinevi.com.tr\/index.php\/urun\/ben-demokrat-degilim\/"},"modified":"2026-04-16T02:25:48","modified_gmt":"2026-04-15T23:25:48","slug":"ben-demokrat-degilim","status":"publish","type":"product","link":"https:\/\/roveyayinevi.com.tr\/index.php\/urun\/ben-demokrat-degilim\/","title":{"rendered":"Ben Demokrat De\u011filim"},"content":{"rendered":"<p>Kemal K\u0131l\u0131\u00e7daro\u011flu: \u00d6d\u00fcns\u00fcz ve yi\u011fit bir \u2018Kemalist\u2019tin. \u00d6lmedin, \u00f6lmeyeceksin. (CHP Genel Ba\u015fkan\u0131)   Prof. Dr. Hikmet Sami T\u00fcrk: T\u00fcrk milleti, Atat\u00fcrk\u00e7\u00fc d\u00fc\u015f\u00fcnce ilkelerine ba\u011fl\u0131l\u0131kla, sald\u0131rganlar\u0131, T\u00fcrkiye\u2019nin ayd\u0131nl\u0131k yolda ilerlemesini engellemek isteyenleri etkisiz k\u0131lacakt\u0131r. (Adalet Bakan\u0131)   Mustafa \u00d6zy\u00fcrek: Sevgili s\u0131n\u0131f arkada\u015f\u0131m K\u0131\u015flal\u0131, huzurunda sayg\u0131 ile e\u011filmeye ve Atat\u00fcrk\u00e7\u00fc, laik \u00e7izgide ayd\u0131nl\u0131k insanlar olarak y\u00fcr\u00fcmeye devam edece\u011fimizi bildirmeye geldik. (T\u00dcRMOB Genel Ba\u015fkan\u0131, milletvekili)   Metin Bostanc\u0131o\u011flu: Laik, demokrat, \u00e7a\u011fda\u015f Atat\u00fcrk\u00e7\u00fc bir ayd\u0131n\u0131m\u0131z\u0131 daha \u015fehit verdik. (Milli E\u011fitim Bakan\u0131)   G\u00fcldal Okuducu: Ayd\u0131nl\u0131\u011f\u0131n\u0131 b\u00fcy\u00fctece\u011fiz. (CHP Kad\u0131n Kollar\u0131 Genel Ba\u015fkan\u0131, millevekili)   Ali Nejat \u00d6l\u00e7en: Topra\u011f\u0131n alt\u0131nda bile sen K\u0131\u015flal\u0131, ayd\u0131nl\u0131ks\u0131n, ayd\u0131nl\u0131ktas\u0131n. (DPT uzman\u0131, yazar, milletvekili)   L\u00fctfi Do\u011fan: K\u0131\u015flal\u0131\u2019n\u0131n izi izimiz olacak; O\u2019nun ulus ya\u015fam\u0131na katt\u0131\u011f\u0131 \u0131\u015f\u0131k, artarak g\u00fc\u00e7lenecektir. T\u00fcrkiye Cumhuriyeti ilelebet payidar olacakt\u0131r. (Bakan, Diyanet \u0130\u015fleri Ba\u015fkan\u0131)   Talip Apayd\u0131n: K\u0131\u015flal\u0131 \u00fclkemizin en iyi yeti\u015fmi\u015f, en iyi d\u00fc\u015f\u00fcnm\u00fc\u015f ayd\u0131nlar\u0131ndan biriydi. (Yazar) c<\/p>\n","protected":false},"excerpt":{"rendered":"<p>Kemal K\u0131l\u0131\u00e7daro\u011flu: \u00d6d\u00fcns\u00fcz ve yi\u011fit bir \u2018Kemalist\u2019tin. \u00d6lmedin, \u00f6lmeyeceksin. (CHP Genel Ba\u015fkan\u0131) Prof. Dr. Hikmet Sami T\u00fcrk: T\u00fcrk milleti, Atat\u00fcrk\u00e7\u00fc d\u00fc\u015f\u00fcnce ilkelerine ba\u011fl\u0131l\u0131kla, sald\u0131rganlar\u0131, T\u00fcrkiye\u2019nin ayd\u0131nl\u0131k<span class=\"excerpt-hellip\"> [\u2026]<\/span><\/p>\n","protected":false},"featured_media":0,"template":"","meta":{"_monsterinsights_skip_tracking":false,"_monsterinsights_sitenote_active":false,"_monsterinsights_sitenote_note":"","_monsterinsights_sitenote_category":0},"product_brand":[],"product_cat":[13072,12291],"product_tag":[],"class_list":{"0":"post-717531","1":"product","2":"type-product","3":"status-publish","5":"product_cat-arastirma-inceleme-referans","6":"product_cat-edebiyat","7":"pa_cilt-ciltsiz","8":"pa_tur-kitap","9":"pa_yayinevi-kirmizi-kedi-yayinevi","10":"pa_yazar-ahmet-taner-kislali","12":"first","13":"instock","14":"sale","15":"shipping-taxable","16":"purchasable","17":"product-type-simple"},"_links":{"self":[{"href":"https:\/\/roveyayinevi.com.tr\/index.php\/wp-json\/wp\/v2\/product\/717531","targetHints":{"allow":["GET"]}}],"collection":[{"href":"https:\/\/roveyayinevi.com.tr\/index.php\/wp-json\/wp\/v2\/product"}],"about":[{"href":"https:\/\/roveyayinevi.com.tr\/index.php\/wp-json\/wp\/v2\/types\/product"}],"wp:attachment":[{"href":"https:\/\/roveyayinevi.com.tr\/index.php\/wp-json\/wp\/v2\/media?parent=717531"}],"wp:term":[{"taxonomy":"product_brand","embeddable":true,"href":"https:\/\/roveyayinevi.com.tr\/index.php\/wp-json\/wp\/v2\/product_brand?post=717531"},{"taxonomy":"product_cat","embeddable":true,"href":"https:\/\/roveyayinevi.com.tr\/index.php\/wp-json\/wp\/v2\/product_cat?post=717531"},{"taxonomy":"product_tag","embeddable":true,"href":"https:\/\/roveyayinevi.com.tr\/index.php\/wp-json\/wp\/v2\/product_tag?post=717531"}],"curies":[{"name":"wp","href":"https:\/\/api.w.org\/{rel}","templated":true}]}}