{"id":717530,"date":"2025-08-27T17:56:34","date_gmt":"2025-08-27T14:56:34","guid":{"rendered":"https:\/\/roveyayinevi.com.tr\/index.php\/urun\/sporun-dna-kodlari\/"},"modified":"2026-04-16T02:25:48","modified_gmt":"2026-04-15T23:25:48","slug":"sporun-dna-kodlari","status":"publish","type":"product","link":"https:\/\/roveyayinevi.com.tr\/index.php\/urun\/sporun-dna-kodlari\/","title":{"rendered":"Sporun DNA Kodlar\u0131"},"content":{"rendered":"<p>Zamanla geli\u015fen bilim her \u015feyi de\u011fi\u015ftirip genelden \u00f6zele indirgemeye ba\u015fard\u0131. Ki\u015fiye \u00f6zel bilgisayarlardan tutunda ki\u015fiye \u00f6zel ekipmanlara kadar bir \u00e7ok cihaz ve uygulama genel de ayn\u0131 amac\u0131 ta\u015f\u0131yor olsa da \u00f6zel de bizim estetik anlay\u0131\u015f\u0131m\u0131z ve ki\u015fisel kayg\u0131lar\u0131m\u0131zla bi\u00e7imlenmekte.T\u0131pk\u0131 ak\u0131ll\u0131 telefonlar\u0131n hepsinde hemen her \u00f6zellik ayn\u0131 olsa da g\u00f6r\u00fcn\u00fc\u015f\u00fcn\u00fc ve i\u00e7eri\u011findeki uygulamalar\u0131n \u00e7e\u015fidi bize kalm\u0131\u015ft\u0131r. 40 numara ayakkab\u0131 herkes i\u00e7in ayn\u0131 boyutta olsa da en sa\u011fl\u0131kl\u0131 olan\u0131 \u00f6zel \u00f6l\u00e7\u00fcmlerle yap\u0131lm\u0131\u015f ve sadece bizim aya\u011f\u0131m\u0131z i\u00e7in imal edilmi\u015f tabanl\u0131klara sahip olanlar\u0131d\u0131r.Hatta bu de\u011fi\u015fimden ila\u00e7lar bile nasibini alm\u0131\u015f, ki\u015finin DNA kodlar\u0131 ile ayn\u0131 do\u011frultuda haz\u0131rlanmakta. Her ilac\u0131n her insan \u00fczerinde ayn\u0131 etkiyi g\u00f6stermemesinin en b\u00fcy\u00fck nedeni olarak DNA\u2019m\u0131zdaki farkl\u0131l\u0131klar g\u00f6sterilmektedir.Hepimiz insan\u0131n temel \u00f6zelliklerini ta\u015f\u0131yor olsak da; v\u00fccut tipimiz, cinsiyetimiz, kilo al\u0131p verme h\u0131z\u0131m\u0131z, kas yap\u0131m\u0131z, ya\u015f\u0131m\u0131z, hormonlar\u0131m\u0131z\u0131n salg\u0131lanma d\u00fczeyi, v\u00fccudumuzun zindeli\u011fi, eklem ve ba\u011fdokular\u0131n esnekli\u011fi, kemik yo\u011funlu\u011fu, kas tonusu bak\u0131m\u0131ndan her birimiz bir di\u011ferimizden farkl\u0131l\u0131k g\u00f6stermektedir.K\u0131saca bir hesaplama yapacak olursak; Genel olarak bak\u0131ld\u0131\u011f\u0131nda kilo al\u0131p verme \u015fekline g\u00f6re 3, ya\u011flanma bi\u00e7imine g\u00f6re 6 da\u011f\u0131l\u0131m anormallerine g\u00f6re 2 ve de her birinin bir biri i\u00e7erisinde da\u011f\u0131l\u0131\u015f bi\u00e7imine g\u00f6re s\u0131n\u0131fland\u0131racak olursak kabaca 3*6*36*6*2 = 7776 tip yapar ki cinsiyet ve ya\u015f fakt\u00f6r\u00fc hen\u00fcz i\u00e7lerine eklenmemi\u015ftir.Halen herkes i\u00e7in genel yanl\u0131\u015flarla devam m\u0131 edeceksiniz? Yoksa \u00f6nce kendinizi tan\u0131y\u0131p s\u0131n\u0131rlar\u0131n\u0131z\u0131 ve ihtiya\u00e7lar\u0131n\u0131z\u0131 belirleyip en m\u00fckemmel halinize mi kavu\u015facaks\u0131n\u0131z?Bu kitap; size uygun spor dal\u0131n\u0131 ve sizi hedefinize ula\u015ft\u0131racak egzersizler i\u00e7in tasarlanm\u0131\u015ft\u0131r.<\/p>\n","protected":false},"excerpt":{"rendered":"<p>Zamanla geli\u015fen bilim her \u015feyi de\u011fi\u015ftirip genelden \u00f6zele indirgemeye ba\u015fard\u0131. Ki\u015fiye \u00f6zel bilgisayarlardan tutunda ki\u015fiye \u00f6zel ekipmanlara kadar bir \u00e7ok cihaz ve uygulama genel de ayn\u0131<span class=\"excerpt-hellip\"> [\u2026]<\/span><\/p>\n","protected":false},"featured_media":0,"template":"","meta":{"_monsterinsights_skip_tracking":false,"_monsterinsights_sitenote_active":false,"_monsterinsights_sitenote_note":"","_monsterinsights_sitenote_category":0},"product_brand":[],"product_cat":[13366,13365],"product_tag":[],"class_list":{"0":"post-717530","1":"product","2":"type-product","3":"status-publish","5":"product_cat-diger-saglik","6":"product_cat-saglik","7":"pa_cilt-ciltsiz","8":"pa_tur-kitap","9":"pa_yayinevi-siyah-kugu","10":"pa_yazar-gokhan-yilmaz","12":"first","13":"instock","14":"sale","15":"shipping-taxable","16":"purchasable","17":"product-type-simple"},"_links":{"self":[{"href":"https:\/\/roveyayinevi.com.tr\/index.php\/wp-json\/wp\/v2\/product\/717530","targetHints":{"allow":["GET"]}}],"collection":[{"href":"https:\/\/roveyayinevi.com.tr\/index.php\/wp-json\/wp\/v2\/product"}],"about":[{"href":"https:\/\/roveyayinevi.com.tr\/index.php\/wp-json\/wp\/v2\/types\/product"}],"wp:attachment":[{"href":"https:\/\/roveyayinevi.com.tr\/index.php\/wp-json\/wp\/v2\/media?parent=717530"}],"wp:term":[{"taxonomy":"product_brand","embeddable":true,"href":"https:\/\/roveyayinevi.com.tr\/index.php\/wp-json\/wp\/v2\/product_brand?post=717530"},{"taxonomy":"product_cat","embeddable":true,"href":"https:\/\/roveyayinevi.com.tr\/index.php\/wp-json\/wp\/v2\/product_cat?post=717530"},{"taxonomy":"product_tag","embeddable":true,"href":"https:\/\/roveyayinevi.com.tr\/index.php\/wp-json\/wp\/v2\/product_tag?post=717530"}],"curies":[{"name":"wp","href":"https:\/\/api.w.org\/{rel}","templated":true}]}}