{"id":717529,"date":"2025-08-27T17:56:34","date_gmt":"2025-08-27T14:56:34","guid":{"rendered":"https:\/\/roveyayinevi.com.tr\/index.php\/urun\/plan-paytak\/"},"modified":"2026-04-16T02:25:48","modified_gmt":"2026-04-15T23:25:48","slug":"plan-paytak","status":"publish","type":"product","link":"https:\/\/roveyayinevi.com.tr\/index.php\/urun\/plan-paytak\/","title":{"rendered":"Plan Paytak"},"content":{"rendered":"<p>Kap\u0131 \u00e7al\u0131yor tak tak! Gelen kaplan. Kap\u0131da bir ses! Belli belirsiz bir ku\u0308kreme sanki. Gelen aslan. Kap\u0131da yine bir ses! Bu seferki o olmal\u0131. Evet o. Penguen. Kap\u0131 \u00e7al\u0131yor. Biri kap\u0131ya bakabilir mi? Hadi a\u00e7\u0131n kitab\u0131n kapa\u011f\u0131n\u0131 da bak\u0131n \u015fu kap\u0131ya, \u00e7ekinmeyin. \u00c7a\u011fda\u015f \u00e7ocuk edebiyat\u0131m\u0131z\u0131n \u00f6nemli yazarlar\u0131ndan G\u00f6k\u00e7e Ate\u015f Aytu\u011f\u2019dan ya\u015fam alan\u0131 \u00fczerine ele\u015ftirel bir \u00f6yk\u00fc. <\/p>\n","protected":false},"excerpt":{"rendered":"<p>Kap\u0131 \u00e7al\u0131yor tak tak! Gelen kaplan. Kap\u0131da bir ses! Belli belirsiz bir ku\u0308kreme sanki. Gelen aslan. Kap\u0131da yine bir ses! Bu seferki o olmal\u0131. Evet o.<span class=\"excerpt-hellip\"> [\u2026]<\/span><\/p>\n","protected":false},"featured_media":0,"template":"","meta":{"_monsterinsights_skip_tracking":false,"_monsterinsights_sitenote_active":false,"_monsterinsights_sitenote_note":"","_monsterinsights_sitenote_category":0},"product_brand":[],"product_cat":[12275,12274],"product_tag":[],"class_list":{"0":"post-717529","1":"product","2":"type-product","3":"status-publish","5":"product_cat-6-12-yas-kitaplari","6":"product_cat-cocuk-ve-genclik-kitaplari","7":"pa_cilt-ciltsiz","8":"pa_tur-kitap","9":"pa_yayinevi-cinar-yayinlari","10":"pa_yazar-gokce-ates-aytug","12":"first","13":"instock","14":"sale","15":"shipping-taxable","16":"purchasable","17":"product-type-simple"},"_links":{"self":[{"href":"https:\/\/roveyayinevi.com.tr\/index.php\/wp-json\/wp\/v2\/product\/717529","targetHints":{"allow":["GET"]}}],"collection":[{"href":"https:\/\/roveyayinevi.com.tr\/index.php\/wp-json\/wp\/v2\/product"}],"about":[{"href":"https:\/\/roveyayinevi.com.tr\/index.php\/wp-json\/wp\/v2\/types\/product"}],"wp:attachment":[{"href":"https:\/\/roveyayinevi.com.tr\/index.php\/wp-json\/wp\/v2\/media?parent=717529"}],"wp:term":[{"taxonomy":"product_brand","embeddable":true,"href":"https:\/\/roveyayinevi.com.tr\/index.php\/wp-json\/wp\/v2\/product_brand?post=717529"},{"taxonomy":"product_cat","embeddable":true,"href":"https:\/\/roveyayinevi.com.tr\/index.php\/wp-json\/wp\/v2\/product_cat?post=717529"},{"taxonomy":"product_tag","embeddable":true,"href":"https:\/\/roveyayinevi.com.tr\/index.php\/wp-json\/wp\/v2\/product_tag?post=717529"}],"curies":[{"name":"wp","href":"https:\/\/api.w.org\/{rel}","templated":true}]}}