{"id":717526,"date":"2025-08-27T17:56:32","date_gmt":"2025-08-27T14:56:32","guid":{"rendered":"https:\/\/roveyayinevi.com.tr\/index.php\/urun\/siirin-ufku\/"},"modified":"2026-04-16T02:25:47","modified_gmt":"2026-04-15T23:25:47","slug":"siirin-ufku","status":"publish","type":"product","link":"https:\/\/roveyayinevi.com.tr\/index.php\/urun\/siirin-ufku\/","title":{"rendered":"\u015eiirin Ufku"},"content":{"rendered":"<p>Tarih boyunca Peygamber edebiyat\u0131, Mu\u0308slu\u0308man edebiyatlar\u0131n en bereketli, en canl\u0131 tema damarlar\u0131ndan birisini te\u015fkil etmi\u015ftir. Bu edebiyat\u0131n mecras\u0131n\u0131 takip etmek, Mu\u0308slu\u0308man hassasiyetinin \u00e7a\u011flar i\u00e7erisindeki \u00e7a\u011flay\u0131\u015f\u0131na da muttali olmak demektir. Ge\u00e7mi\u015fte ve bugu\u0308n\u2026 \u015eiirin Ufku &#8211; Hz. Peygamberi \u015eiirle Sevmek kitab\u0131, Mehmet Akif Ersoy, Necip Faz\u0131l K\u0131sak\u00fcrek, Arif Nihat Asya, Sezai Karako\u00e7, Cahit Zarifo\u011flu, Erdem Bayaz\u0131t, Osman Sar\u0131, A. Akif \u0130nan, Ali Ural, Celal Fedai, Y\u0131lmaz Da\u015f\u00e7\u0131o\u011flu, \u0130brahim Tenekeci, Fatma \u015eengil S\u00fczer, Cahit Koytak Res\u00fblullah\u2019a \u015fiirle y\u00f6neli\u015flerinin tahlil ve yorumunu yapan, bir nevi \u201co g\u00fczellik \u015fehrayininden\u201d \u015fiirimizin ald\u0131\u011f\u0131 hisseyi \u00f6l\u00e7en bir rehberdir. Hazreti Peygamber\u2019e duyulan sevginin modern T\u00fcrk \u015fiirindeki izlerini aramak a\u00e7\u0131s\u0131ndan alan\u0131nda bir ilk olma \u00f6zelli\u011fi de ta\u015f\u0131yan bu k\u0131ymetli \u00e7al\u0131\u015fma ile M. Fatih And\u0131, ar\u015fivlik bir esere imza atm\u0131\u015f oluyor.<\/p>\n","protected":false},"excerpt":{"rendered":"<p>Tarih boyunca Peygamber edebiyat\u0131, Mu\u0308slu\u0308man edebiyatlar\u0131n en bereketli, en canl\u0131 tema damarlar\u0131ndan birisini te\u015fkil etmi\u015ftir. Bu edebiyat\u0131n mecras\u0131n\u0131 takip etmek, Mu\u0308slu\u0308man hassasiyetinin \u00e7a\u011flar i\u00e7erisindeki \u00e7a\u011flay\u0131\u015f\u0131na da<span class=\"excerpt-hellip\"> [\u2026]<\/span><\/p>\n","protected":false},"featured_media":0,"template":"","meta":{"_monsterinsights_skip_tracking":false,"_monsterinsights_sitenote_active":false,"_monsterinsights_sitenote_note":"","_monsterinsights_sitenote_category":0},"product_brand":[],"product_cat":[13072,12291],"product_tag":[],"class_list":{"0":"post-717526","1":"product","2":"type-product","3":"status-publish","5":"product_cat-arastirma-inceleme-referans","6":"product_cat-edebiyat","7":"pa_cilt-ciltsiz","8":"pa_tur-kitap","9":"pa_yayinevi-ketebe-yayinlari","10":"pa_yazar-m-fatih-andi","12":"first","13":"instock","14":"sale","15":"shipping-taxable","16":"purchasable","17":"product-type-simple"},"_links":{"self":[{"href":"https:\/\/roveyayinevi.com.tr\/index.php\/wp-json\/wp\/v2\/product\/717526","targetHints":{"allow":["GET"]}}],"collection":[{"href":"https:\/\/roveyayinevi.com.tr\/index.php\/wp-json\/wp\/v2\/product"}],"about":[{"href":"https:\/\/roveyayinevi.com.tr\/index.php\/wp-json\/wp\/v2\/types\/product"}],"wp:attachment":[{"href":"https:\/\/roveyayinevi.com.tr\/index.php\/wp-json\/wp\/v2\/media?parent=717526"}],"wp:term":[{"taxonomy":"product_brand","embeddable":true,"href":"https:\/\/roveyayinevi.com.tr\/index.php\/wp-json\/wp\/v2\/product_brand?post=717526"},{"taxonomy":"product_cat","embeddable":true,"href":"https:\/\/roveyayinevi.com.tr\/index.php\/wp-json\/wp\/v2\/product_cat?post=717526"},{"taxonomy":"product_tag","embeddable":true,"href":"https:\/\/roveyayinevi.com.tr\/index.php\/wp-json\/wp\/v2\/product_tag?post=717526"}],"curies":[{"name":"wp","href":"https:\/\/api.w.org\/{rel}","templated":true}]}}