{"id":717525,"date":"2025-08-27T17:56:31","date_gmt":"2025-08-27T14:56:31","guid":{"rendered":"https:\/\/roveyayinevi.com.tr\/index.php\/urun\/esbab-i-nuzul\/"},"modified":"2026-04-16T02:25:47","modified_gmt":"2026-04-15T23:25:47","slug":"esbab-i-nuzul","status":"publish","type":"product","link":"https:\/\/roveyayinevi.com.tr\/index.php\/urun\/esbab-i-nuzul\/","title":{"rendered":"Esbab-\u0131 N\u00fcz\u00fcl"},"content":{"rendered":"<p>Muhaddis, fakih, dilbilimci ve \u015fair olan Ebu\u2019l- Hasan el-V\u00e2hid\u00ee ya\u015fad\u0131\u011f\u0131 d\u00f6nemde tefsirde asr\u0131n imam\u0131 olarak nitelenmi\u015f bir m\u00fcfessirdir. \u0130mam Gaz\u00e2l\u00ee kendisinin tefsir alan\u0131ndaki \u00fcst\u00fcnl\u00fc\u011f\u00fcn\u00fc kabul etmi\u015f, hatta tefsir alan\u0131nda bir eser vermemesini V\u00e2hid\u00ee\u2019nin telif ettiklerinin kaf\u00ee olmas\u0131na ba\u011flam\u0131\u015ft\u0131r. Yine b\u00fcy\u00fck bir m\u00fcfessir olan Fahredd\u00een er- R\u00e2z\u00ee, hemen her ayetin tefsirinin ba\u015f\u0131nda Vahid\u00ee\u2019den nakiller yapm\u0131\u015ft\u0131r. Bir \u00e2yetin ini\u015f sebebini bilmeden tefsirini yapman\u0131n m\u00fcmk\u00fcn olmayaca\u011f\u0131n\u0131 savunan V\u00e2hid\u00ee\u2019nin Esb\u00e2b-\u0131 N\u00fcz\u00fbl isimli kitab\u0131 bu alandaki en \u00f6nemli eserlerdendir. \u201c\u00c2yetlerin ini\u015f sebebi\u201d anlam\u0131na gelen Esb\u00e2b-\u0131 N\u00fcz\u00fbl, daha sonra yaz\u0131lan pek \u00e7ok kitaba kaynakl\u0131k etmi\u015ftir. Necdet \u00c7a\u011f\u0131l ve Necati Tetik taraf\u0131ndan T\u00fcrk\u00e7eye kazand\u0131r\u0131lan bu eser, g\u00f6zden ge\u00e7irilmi\u015f yeni bask\u0131s\u0131yla kar\u015f\u0131m\u0131zda.<\/p>\n","protected":false},"excerpt":{"rendered":"<p>Muhaddis, fakih, dilbilimci ve \u015fair olan Ebu\u2019l- Hasan el-V\u00e2hid\u00ee ya\u015fad\u0131\u011f\u0131 d\u00f6nemde tefsirde asr\u0131n imam\u0131 olarak nitelenmi\u015f bir m\u00fcfessirdir. \u0130mam Gaz\u00e2l\u00ee kendisinin tefsir alan\u0131ndaki \u00fcst\u00fcnl\u00fc\u011f\u00fcn\u00fc kabul etmi\u015f,<span class=\"excerpt-hellip\"> [\u2026]<\/span><\/p>\n","protected":false},"featured_media":0,"template":"","meta":{"_monsterinsights_skip_tracking":false,"_monsterinsights_sitenote_active":false,"_monsterinsights_sitenote_note":"","_monsterinsights_sitenote_category":0},"product_brand":[],"product_cat":[12718,12719,17284],"product_tag":[],"class_list":{"0":"post-717525","1":"product","2":"type-product","3":"status-publish","5":"product_cat-din","6":"product_cat-islam","7":"product_cat-kuran-ve-kuran-uzerine","8":"pa_cilt-ciltsiz","9":"pa_tur-kitap","10":"pa_yayinevi-ketebe-yayinlari","11":"pa_yazar-ebul-hasan-el-vahidi","13":"first","14":"instock","15":"sale","16":"shipping-taxable","17":"purchasable","18":"product-type-simple"},"_links":{"self":[{"href":"https:\/\/roveyayinevi.com.tr\/index.php\/wp-json\/wp\/v2\/product\/717525","targetHints":{"allow":["GET"]}}],"collection":[{"href":"https:\/\/roveyayinevi.com.tr\/index.php\/wp-json\/wp\/v2\/product"}],"about":[{"href":"https:\/\/roveyayinevi.com.tr\/index.php\/wp-json\/wp\/v2\/types\/product"}],"wp:attachment":[{"href":"https:\/\/roveyayinevi.com.tr\/index.php\/wp-json\/wp\/v2\/media?parent=717525"}],"wp:term":[{"taxonomy":"product_brand","embeddable":true,"href":"https:\/\/roveyayinevi.com.tr\/index.php\/wp-json\/wp\/v2\/product_brand?post=717525"},{"taxonomy":"product_cat","embeddable":true,"href":"https:\/\/roveyayinevi.com.tr\/index.php\/wp-json\/wp\/v2\/product_cat?post=717525"},{"taxonomy":"product_tag","embeddable":true,"href":"https:\/\/roveyayinevi.com.tr\/index.php\/wp-json\/wp\/v2\/product_tag?post=717525"}],"curies":[{"name":"wp","href":"https:\/\/api.w.org\/{rel}","templated":true}]}}