{"id":717524,"date":"2025-08-27T17:56:30","date_gmt":"2025-08-27T14:56:30","guid":{"rendered":"https:\/\/roveyayinevi.com.tr\/index.php\/urun\/misakin-aynalari\/"},"modified":"2026-04-16T02:25:47","modified_gmt":"2026-04-15T23:25:47","slug":"misakin-aynalari","status":"publish","type":"product","link":"https:\/\/roveyayinevi.com.tr\/index.php\/urun\/misakin-aynalari\/","title":{"rendered":"Misak&#8217;\u0131n Aynalar\u0131"},"content":{"rendered":"<p>Misak\u2019\u0131n Aynalar\u0131\u2019nda gen\u00e7 bir \u00f6yk\u00fcc\u00fcn\u00fcn \u201cAnadolu\u2019dan manzaralar\u201d sundu\u011fu s\u00f6ylenebilir ama bu s\u00f6yleyi\u015f fazlas\u0131yla kestirme ve \u00f6zensiz bir yorumdan \u00f6teye gitmez. \u00c7\u00fcnk\u00fc M. Fatih Kutlubay, bu kitaptaki \u00f6yk\u00fclerinde \u00d6mer Seyfettin\u2019in, Sabahattin Ali\u2019nin, Abbas Sayar\u2019\u0131n hatta Cengiz Aytmatov\u2019un Anadolu\u2019sunu bir pencereden g\u00f6rmeyi ba\u015fararak dikkate de\u011fer bir \u00f6yk\u00fc toplam\u0131 ortaya koyuyor. Balkanlar\u2019\u0131 da, Akdeniz\u2019i de Kafkaslar\u2019\u0131 da Karadeniz\u2019i de ku\u015fatan bir mek\u00e2n ve s\u00f6ylenti haritas\u0131ndan bahsediyoruz. Son y\u0131llarda \u00e7ok fazla anlat\u0131lan k\u0131r\u0131lgan, naif biraz da romantize edilmi\u015f Anadolu hik\u00e2yelerine, ayn\u0131 anda hem masals\u0131 bir yumu\u015fakl\u0131\u011fa hem ger\u00e7ek\u00e7i bir sertli\u011fe sahip olabilen kendine has bir bak\u0131\u015f a\u00e7\u0131s\u0131 ekliyor Kutlubay. Parlak bir \u00f6yk\u00fcc\u00fcden y\u0131lk\u0131 atlar\u0131, atmaca avlar\u0131, define aray\u0131\u015flar\u0131, \u00e7ingene masallar\u0131, Milli M\u00fccadele destanlar\u0131yla \u00f6r\u00fcl\u00fc d\u00f6rt ba\u015f\u0131 mamur T\u00fcrkiye hik\u00e2yeleri dinlemek f\u0131rsat\u0131n\u0131 kim ka\u00e7\u0131rmak ister ki?\u201cMuazzezlerin soka\u011f\u0131na girince portakal \u00e7i\u00e7e\u011fi kokuyor. Buras\u0131 Muazzez var diye b\u00f6yle gu\u0308zel. Yanl\u0131\u015f sokakta da var oysa portakal a\u011fac\u0131. Yanl\u0131\u015f sokakta da mevsim bahar. Yok, oras\u0131 b\u00f6yle gu\u0308zel kokmuyor. Muazzez. Derdi i\u00e7in k\u0131rk da\u011f\u0131 s\u0131rtlan\u0131r\u0131m. Muazzez. Her sabah uyan\u0131r uyanmaz kar\u015f\u0131ma dikilen suret. Muazzez. G\u00f6zleri Mu\u0308jgan\u2019dan bile mavi. Ad\u0131ndan i\u015fte. Adam\u0131n sevdi\u011fi ne varsa ad\u0131 Muazzez.\u201d<\/p>\n","protected":false},"excerpt":{"rendered":"<p>Misak\u2019\u0131n Aynalar\u0131\u2019nda gen\u00e7 bir \u00f6yk\u00fcc\u00fcn\u00fcn \u201cAnadolu\u2019dan manzaralar\u201d sundu\u011fu s\u00f6ylenebilir ama bu s\u00f6yleyi\u015f fazlas\u0131yla kestirme ve \u00f6zensiz bir yorumdan \u00f6teye gitmez. \u00c7\u00fcnk\u00fc M. Fatih Kutlubay, bu kitaptaki<span class=\"excerpt-hellip\"> [\u2026]<\/span><\/p>\n","protected":false},"featured_media":0,"template":"","meta":{"_monsterinsights_skip_tracking":false,"_monsterinsights_sitenote_active":false,"_monsterinsights_sitenote_note":"","_monsterinsights_sitenote_category":0},"product_brand":[],"product_cat":[12291,12711],"product_tag":[],"class_list":{"0":"post-717524","1":"product","2":"type-product","3":"status-publish","5":"product_cat-edebiyat","6":"product_cat-roman-oyku","7":"pa_cilt-ciltsiz","8":"pa_tur-kitap","9":"pa_yayinevi-ketebe-yayinlari","10":"pa_yazar-m-fatih-kutlubay","12":"first","13":"instock","14":"sale","15":"shipping-taxable","16":"purchasable","17":"product-type-simple"},"_links":{"self":[{"href":"https:\/\/roveyayinevi.com.tr\/index.php\/wp-json\/wp\/v2\/product\/717524","targetHints":{"allow":["GET"]}}],"collection":[{"href":"https:\/\/roveyayinevi.com.tr\/index.php\/wp-json\/wp\/v2\/product"}],"about":[{"href":"https:\/\/roveyayinevi.com.tr\/index.php\/wp-json\/wp\/v2\/types\/product"}],"wp:attachment":[{"href":"https:\/\/roveyayinevi.com.tr\/index.php\/wp-json\/wp\/v2\/media?parent=717524"}],"wp:term":[{"taxonomy":"product_brand","embeddable":true,"href":"https:\/\/roveyayinevi.com.tr\/index.php\/wp-json\/wp\/v2\/product_brand?post=717524"},{"taxonomy":"product_cat","embeddable":true,"href":"https:\/\/roveyayinevi.com.tr\/index.php\/wp-json\/wp\/v2\/product_cat?post=717524"},{"taxonomy":"product_tag","embeddable":true,"href":"https:\/\/roveyayinevi.com.tr\/index.php\/wp-json\/wp\/v2\/product_tag?post=717524"}],"curies":[{"name":"wp","href":"https:\/\/api.w.org\/{rel}","templated":true}]}}