{"id":717523,"date":"2025-08-27T17:56:29","date_gmt":"2025-08-27T14:56:29","guid":{"rendered":"https:\/\/roveyayinevi.com.tr\/index.php\/urun\/idrisin-idris\/"},"modified":"2026-04-16T02:25:47","modified_gmt":"2026-04-15T23:25:47","slug":"idrisin-idris","status":"publish","type":"product","link":"https:\/\/roveyayinevi.com.tr\/index.php\/urun\/idrisin-idris\/","title":{"rendered":"\u0130dris\u2019in \u0130dris"},"content":{"rendered":"<p>\u201c\u0130dris\u2019in \u0130dris\u201d \u00f6yk\u00fcs\u00fc, 1977 y\u0131l\u0131nda Edebiyat dergisinde yay\u0131mland\u0131\u011f\u0131nda, bu bir edebiyat olay\u0131 say\u0131lm\u0131\u015ft\u0131. \u00c7\u00fcnk\u00fc derginin yay\u0131n y\u00f6netmeni Nuri Pakdil, Edebiyat\u2019\u0131n Ocak say\u0131s\u0131n\u0131 sadece bu \u00f6yk\u00fcye hasretmi\u015fti. Ard\u0131ndan \u015eubat ay\u0131nda \u00f6yk\u00fcn\u00fcn kalan\u0131, Nisan 1977 say\u0131s\u0131nda ise bu kitaptaki di\u011fer \u00f6yk\u00fc olan \u201cAr\u0131nmak Art\u0131k Azg\u0131n Alazda\u201d \u00f6yk\u00fcs\u00fc yay\u0131mlanm\u0131\u015ft\u0131. \u00d6zellikle \u00fcslup ve kullan\u0131lan anlat\u0131m teknikleri a\u00e7\u0131s\u0131ndan yaz\u0131ld\u0131\u011f\u0131 d\u00f6nemin \u00e7ok rahatl\u0131kla ilerisinde say\u0131labilecek bu iki uzun \u00f6yk\u00fc, T\u00fcrk \u00f6yk\u00fcc\u00fcl\u00fc\u011f\u00fcn\u00fcn y\u00fcz ak\u0131 \u00f6yk\u00fcc\u00fclerinden Ya\u015far Kaplan\u2019\u0131n b\u00fct\u00fcn \u00f6yk\u00fcleri serisinin ikinci kitab\u0131 olarak y\u0131llar sonra yeniden okurunun kar\u015f\u0131s\u0131nda.\u201cDediler, idris olsun, idris olsun, gencecikken meyveye dursun. Dediler baht\u0131 baht, go\u0308nlu\u0308 taht olsun. Ad\u0131 benzesin kaderi benzemesin. Go\u0308rmesin go\u0308rdu\u0308klerini, duymas\u0131n duyduklar\u0131n\u0131. Yas\u0327as\u0131n yas\u0327ayamad\u0131klar\u0131n\u0131, yas\u0327ats\u0131n yas\u0327atamad\u0131klar\u0131n\u0131. Dediler, kokusu ruha dolsun, ad\u0131 da I\u0307dris olsun, I\u0307dris olsun.<\/p>\n","protected":false},"excerpt":{"rendered":"<p>\u201c\u0130dris\u2019in \u0130dris\u201d \u00f6yk\u00fcs\u00fc, 1977 y\u0131l\u0131nda Edebiyat dergisinde yay\u0131mland\u0131\u011f\u0131nda, bu bir edebiyat olay\u0131 say\u0131lm\u0131\u015ft\u0131. \u00c7\u00fcnk\u00fc derginin yay\u0131n y\u00f6netmeni Nuri Pakdil, Edebiyat\u2019\u0131n Ocak say\u0131s\u0131n\u0131 sadece bu \u00f6yk\u00fcye hasretmi\u015fti.<span class=\"excerpt-hellip\"> [\u2026]<\/span><\/p>\n","protected":false},"featured_media":0,"template":"","meta":{"_monsterinsights_skip_tracking":false,"_monsterinsights_sitenote_active":false,"_monsterinsights_sitenote_note":"","_monsterinsights_sitenote_category":0},"product_brand":[],"product_cat":[12291,12711],"product_tag":[],"class_list":{"0":"post-717523","1":"product","2":"type-product","3":"status-publish","5":"product_cat-edebiyat","6":"product_cat-roman-oyku","7":"pa_cilt-ciltsiz","8":"pa_tur-kitap","9":"pa_yayinevi-ketebe-yayinlari","10":"pa_yazar-yasar-kaplan","12":"first","13":"instock","14":"sale","15":"shipping-taxable","16":"purchasable","17":"product-type-simple"},"_links":{"self":[{"href":"https:\/\/roveyayinevi.com.tr\/index.php\/wp-json\/wp\/v2\/product\/717523","targetHints":{"allow":["GET"]}}],"collection":[{"href":"https:\/\/roveyayinevi.com.tr\/index.php\/wp-json\/wp\/v2\/product"}],"about":[{"href":"https:\/\/roveyayinevi.com.tr\/index.php\/wp-json\/wp\/v2\/types\/product"}],"wp:attachment":[{"href":"https:\/\/roveyayinevi.com.tr\/index.php\/wp-json\/wp\/v2\/media?parent=717523"}],"wp:term":[{"taxonomy":"product_brand","embeddable":true,"href":"https:\/\/roveyayinevi.com.tr\/index.php\/wp-json\/wp\/v2\/product_brand?post=717523"},{"taxonomy":"product_cat","embeddable":true,"href":"https:\/\/roveyayinevi.com.tr\/index.php\/wp-json\/wp\/v2\/product_cat?post=717523"},{"taxonomy":"product_tag","embeddable":true,"href":"https:\/\/roveyayinevi.com.tr\/index.php\/wp-json\/wp\/v2\/product_tag?post=717523"}],"curies":[{"name":"wp","href":"https:\/\/api.w.org\/{rel}","templated":true}]}}