{"id":717521,"date":"2025-08-27T17:56:28","date_gmt":"2025-08-27T14:56:28","guid":{"rendered":"https:\/\/roveyayinevi.com.tr\/index.php\/urun\/defnenin-dijital-kimligi\/"},"modified":"2026-04-16T02:25:47","modified_gmt":"2026-04-15T23:25:47","slug":"defnenin-dijital-kimligi","status":"publish","type":"product","link":"https:\/\/roveyayinevi.com.tr\/index.php\/urun\/defnenin-dijital-kimligi\/","title":{"rendered":"Defne&#8217;nin Dijital Kimli\u011fi"},"content":{"rendered":"<p>Mesajlar, payla\u015f\u0131mlar, yorumlar, like\u2019lar\u2026 Defne internette d\u00fc\u015f\u00fcncelerini payla\u015fmaktan asla \u00e7ekinmiyordu. \u00d6yle ki art\u0131k bir siber zorbaya d\u00f6n\u00fc\u015ft\u00fc\u011f\u00fcn\u00fcn fark\u0131nda bile de\u011fildi. Bir g\u00fcn ya\u015fad\u0131\u011f\u0131 garip bir olay ona sosyal medyada yapt\u0131\u011f\u0131 payla\u015f\u0131mlar\u0131n asl\u0131nda en \u00e7ok kendisine zarar verdi\u011fini ve internetin bilin\u00e7li kullan\u0131lmas\u0131 gerekti\u011fini \u00f6\u011fretti. \u00dcstelik bu sorumlulu\u011fun bir de ad\u0131 vard\u0131: Dijital ayak izi!\u00c7ocuklar s\u00f6z konusu internet oldu\u011funda \u00f6zg\u00fcr davranabileceklerini d\u00fc\u015f\u00fcn\u00fcrler. Oysa durum tam tersidir. Payla\u015f\u0131mlar\u0131 hem ba\u015fkalar\u0131n\u0131 \u00fczebilir hem de g\u00fcvenliklerini tehdit edebilir. Defne\u2019nin Dijital Kimli\u011fi, \u00e7ocuklar\u0131m\u0131za teknolojinin sundu\u011fu dijital imkanlar\u0131n nas\u0131l kullan\u0131laca\u011f\u0131n\u0131 anlatan keyifli bir rehber! <\/p>\n","protected":false},"excerpt":{"rendered":"<p>Mesajlar, payla\u015f\u0131mlar, yorumlar, like\u2019lar\u2026 Defne internette d\u00fc\u015f\u00fcncelerini payla\u015fmaktan asla \u00e7ekinmiyordu. \u00d6yle ki art\u0131k bir siber zorbaya d\u00f6n\u00fc\u015ft\u00fc\u011f\u00fcn\u00fcn fark\u0131nda bile de\u011fildi. Bir g\u00fcn ya\u015fad\u0131\u011f\u0131 garip bir olay<span class=\"excerpt-hellip\"> [\u2026]<\/span><\/p>\n","protected":false},"featured_media":0,"template":"","meta":{"_monsterinsights_skip_tracking":false,"_monsterinsights_sitenote_active":false,"_monsterinsights_sitenote_note":"","_monsterinsights_sitenote_category":0},"product_brand":[],"product_cat":[12274,12284],"product_tag":[],"class_list":{"0":"post-717521","1":"product","2":"type-product","3":"status-publish","5":"product_cat-cocuk-ve-genclik-kitaplari","6":"product_cat-hikayeler","7":"pa_cilt-ciltsiz","8":"pa_tur-kitap","9":"pa_yayinevi-ideal-kultur-yayincilik","10":"pa_yazar-aysegul-liman-kaban","12":"first","13":"instock","14":"sale","15":"shipping-taxable","16":"purchasable","17":"product-type-simple"},"_links":{"self":[{"href":"https:\/\/roveyayinevi.com.tr\/index.php\/wp-json\/wp\/v2\/product\/717521","targetHints":{"allow":["GET"]}}],"collection":[{"href":"https:\/\/roveyayinevi.com.tr\/index.php\/wp-json\/wp\/v2\/product"}],"about":[{"href":"https:\/\/roveyayinevi.com.tr\/index.php\/wp-json\/wp\/v2\/types\/product"}],"wp:attachment":[{"href":"https:\/\/roveyayinevi.com.tr\/index.php\/wp-json\/wp\/v2\/media?parent=717521"}],"wp:term":[{"taxonomy":"product_brand","embeddable":true,"href":"https:\/\/roveyayinevi.com.tr\/index.php\/wp-json\/wp\/v2\/product_brand?post=717521"},{"taxonomy":"product_cat","embeddable":true,"href":"https:\/\/roveyayinevi.com.tr\/index.php\/wp-json\/wp\/v2\/product_cat?post=717521"},{"taxonomy":"product_tag","embeddable":true,"href":"https:\/\/roveyayinevi.com.tr\/index.php\/wp-json\/wp\/v2\/product_tag?post=717521"}],"curies":[{"name":"wp","href":"https:\/\/api.w.org\/{rel}","templated":true}]}}