{"id":717519,"date":"2025-08-27T17:56:27","date_gmt":"2025-08-27T14:56:27","guid":{"rendered":"https:\/\/roveyayinevi.com.tr\/index.php\/urun\/cocuklar-icin-edebiyat-egitimi\/"},"modified":"2026-04-16T02:25:47","modified_gmt":"2026-04-15T23:25:47","slug":"cocuklar-icin-edebiyat-egitimi","status":"publish","type":"product","link":"https:\/\/roveyayinevi.com.tr\/index.php\/urun\/cocuklar-icin-edebiyat-egitimi\/","title":{"rendered":"\u00c7ocuklar \u0130\u00e7in Edebiyat E\u011fitimi"},"content":{"rendered":"<p>\u00c7ocuklar her \u015fart ve zamanda hem bilim hem de sanat dallar\u0131n\u0131n ilgi oda\u011f\u0131 olmu\u015ftur. Kimi zaman bir ara\u015ft\u0131rmaya konu olmu\u015f kimi zaman da bir sanat dal\u0131n\u0131n esinlendi\u011fi kaynak olmu\u015ftur. Birbiri ile anla\u015famayan bilim dallar\u0131 ya da sanat dallar\u0131, s\u00f6z konusu \u00e7ocuk olunca ortak noktada bulu\u015fma \u00e7abas\u0131n\u0131 g\u00f6stermi\u015flerdir. Bu durum \u00f6zellikle sanat dallar\u0131nda kendisini daha iyi g\u00f6stermektedir. Bunun en belirgin yerlerden birisi de edebiyat alan\u0131d\u0131r. \u00c7\u00fcnk\u00fc \u00e7ocuk, edebiyat\u0131n her alan\u0131nda vard\u0131r ve olmaya devam edecektir.\u00c7ocuk \u015fiirde vard\u0131r \u00e7\u00fcnk\u00fc her bir \u015fair, \u00e7ocukluk an\u0131lar\u0131 ile \u015fekillenen bir hayata sahiptir ve bu hayat\u0131n tecr\u00fcbeleri ile \u015fair olmaktad\u0131r. \u00c7ocukluk y\u0131llar\u0131nda kazand\u0131\u011f\u0131 dil becerisi ve kelime hazinesi sayesinde \u015fiir denilen sanat ile u\u011fra\u015fmaya \u00e7al\u0131\u015fmaktad\u0131r. \u00c7\u00fcnk\u00fc \u015fairli\u011fin temeli \u00e7ocukluk \u00e7a\u011f\u0131nda at\u0131lm\u0131\u015ft\u0131r.\u00c7ocuk nesirde vard\u0131r \u00e7\u00fcnk\u00fc her bir yazar, kendisini merkeze alarak yazmaya heveslenmektedir. Sonra bu yazd\u0131klar\u0131na yeni \u015feyler katmaktad\u0131r. \u00c7ocukken kazand\u0131\u011f\u0131 bu birikim sayesinde geli\u015ftirdikleri ile yazar olma yolunda ilerlemektedir. Bu ilerleme ile birlikte kendine has biri olmaktad\u0131r.Bu kitap yaz\u0131l\u0131rken ba\u015fta e\u011fitim fak\u00fclteleri olmak \u00fczere &#8220;\u00c7ocuk Edebiyat\u0131&#8221; alan\u0131na yeni ve farkl\u0131 bir bilimsel eser kazand\u0131rmak ama\u00e7lanm\u0131\u015ft\u0131r. Ayr\u0131ca ailelerin \u00e7ocuk edebiyat\u0131 ve e\u011fitimi hakk\u0131nda bilgilenmelerine katk\u0131 sunacak bir eser \u00fcretmek hedeflenmi\u015ftir. &#8220;\u00c7ocuklar \u0130\u00e7in Edebiyat E\u011fitimi&#8221; kitab\u0131n\u0131 T\u00fcrk\u00e7e ve edebiyat alan\u0131nda uzmanla\u015fm\u0131\u015f ve farkl\u0131 \u00fcniversitelerin farkl\u0131 kademelerinde g\u00f6rev yapan yazarlar\u0131n bilgi ve birikimini bir araya getirebilme ve bu birikimi esere yans\u0131tma planlanm\u0131\u015ft\u0131r.Ayr\u0131ca \u00e7al\u0131\u015fmam\u0131z \u00f6zellikle \u00e7ocuk edebiyat\u0131 ile ilgili teorik bilgi ile birlikte bu bilgiyi aktarma ve \u00e7ocuklar\u0131 bu y\u00f6nde e\u011fitme hedefine katk\u0131 sunmay\u0131 ama\u00e7lamaktad\u0131r.<\/p>\n","protected":false},"excerpt":{"rendered":"<p>\u00c7ocuklar her \u015fart ve zamanda hem bilim hem de sanat dallar\u0131n\u0131n ilgi oda\u011f\u0131 olmu\u015ftur. Kimi zaman bir ara\u015ft\u0131rmaya konu olmu\u015f kimi zaman da bir sanat dal\u0131n\u0131n<span class=\"excerpt-hellip\"> [\u2026]<\/span><\/p>\n","protected":false},"featured_media":0,"template":"","meta":{"_monsterinsights_skip_tracking":false,"_monsterinsights_sitenote_active":false,"_monsterinsights_sitenote_note":"","_monsterinsights_sitenote_category":0},"product_brand":[],"product_cat":[12567,12566],"product_tag":[],"class_list":{"0":"post-717519","1":"product","2":"type-product","3":"status-publish","5":"product_cat-diger-egitim","6":"product_cat-egitim","7":"pa_cilt-ciltsiz","8":"pa_tur-kitap","9":"pa_yayinevi-ani-yayincilik","10":"pa_yazar-kolektif","12":"first","13":"instock","14":"sale","15":"shipping-taxable","16":"purchasable","17":"product-type-simple"},"_links":{"self":[{"href":"https:\/\/roveyayinevi.com.tr\/index.php\/wp-json\/wp\/v2\/product\/717519","targetHints":{"allow":["GET"]}}],"collection":[{"href":"https:\/\/roveyayinevi.com.tr\/index.php\/wp-json\/wp\/v2\/product"}],"about":[{"href":"https:\/\/roveyayinevi.com.tr\/index.php\/wp-json\/wp\/v2\/types\/product"}],"wp:attachment":[{"href":"https:\/\/roveyayinevi.com.tr\/index.php\/wp-json\/wp\/v2\/media?parent=717519"}],"wp:term":[{"taxonomy":"product_brand","embeddable":true,"href":"https:\/\/roveyayinevi.com.tr\/index.php\/wp-json\/wp\/v2\/product_brand?post=717519"},{"taxonomy":"product_cat","embeddable":true,"href":"https:\/\/roveyayinevi.com.tr\/index.php\/wp-json\/wp\/v2\/product_cat?post=717519"},{"taxonomy":"product_tag","embeddable":true,"href":"https:\/\/roveyayinevi.com.tr\/index.php\/wp-json\/wp\/v2\/product_tag?post=717519"}],"curies":[{"name":"wp","href":"https:\/\/api.w.org\/{rel}","templated":true}]}}