{"id":717515,"date":"2025-08-27T17:56:24","date_gmt":"2025-08-27T14:56:24","guid":{"rendered":"https:\/\/roveyayinevi.com.tr\/index.php\/urun\/felsefeye-giris-icin-bir-baslangic\/"},"modified":"2026-04-16T02:25:47","modified_gmt":"2026-04-15T23:25:47","slug":"felsefeye-giris-icin-bir-baslangic","status":"publish","type":"product","link":"https:\/\/roveyayinevi.com.tr\/index.php\/urun\/felsefeye-giris-icin-bir-baslangic\/","title":{"rendered":"Felsefeye Giri\u015f \u0130\u00e7in Bir Ba\u015flang\u0131\u00e7"},"content":{"rendered":"<p>\u201cBu kitaba \u2018Felsefeye giri\u015f i\u00e7in bir ba\u015flang\u0131\u00e7\u2019 ad\u0131n\u0131 verin. \u015eu an sadece bir taraf\u0131 in\u015fa edilmi\u015f bir kemere benzeyen sistemimi bu kitapla tamamlamay\u0131 umdu\u011fumu s\u00f6yleyin.\u201d \u00d6l\u00fcm\u00fcnden birka\u00e7 y\u0131l \u00f6nce Profes\u00f6r William James \u00f6zellikle felsefe okurlar\u0131na hitap eden bir kitapta metafizi\u011fin belli problemleri hakk\u0131nda kendi d\u00fc\u015f\u00fcncelerini belirtme amac\u0131 g\u00fctt\u00fc. Bir zamanlar s\u00f6yledi\u011fi gibi bu \u201cmetafizik \u00f6\u011frencileri i\u00e7in giri\u015f niteli\u011finde bir ders kitab\u0131n\u0131\u201d fiilen yazmaya 1909\u2019un Mart ay\u0131nda ba\u015flad\u0131 ve en g\u00f6zde hedefi bunu sonunda tamamlamakt\u0131. Ancak hastal\u0131k ve azalan kuvvetinin kald\u0131ramayaca\u011f\u0131 ba\u015fka zorluklar bu hedefi engellemeye devam etti, \u015fimdi yay\u0131nlanan bu kitap ise A\u011fustos 1910\u2019da \u00f6ld\u00fc\u011f\u00fc vakte kadar yazmay\u0131 ba\u015fard\u0131klar\u0131n\u0131n toplam\u0131n\u0131 kapsar.<\/p>\n","protected":false},"excerpt":{"rendered":"<p>\u201cBu kitaba \u2018Felsefeye giri\u015f i\u00e7in bir ba\u015flang\u0131\u00e7\u2019 ad\u0131n\u0131 verin. \u015eu an sadece bir taraf\u0131 in\u015fa edilmi\u015f bir kemere benzeyen sistemimi bu kitapla tamamlamay\u0131 umdu\u011fumu s\u00f6yleyin.\u201d \u00d6l\u00fcm\u00fcnden<span class=\"excerpt-hellip\"> [\u2026]<\/span><\/p>\n","protected":false},"featured_media":0,"template":"","meta":{"_monsterinsights_skip_tracking":false,"_monsterinsights_sitenote_active":false,"_monsterinsights_sitenote_note":"","_monsterinsights_sitenote_category":0},"product_brand":[],"product_cat":[12389,12388],"product_tag":[],"class_list":{"0":"post-717515","1":"product","2":"type-product","3":"status-publish","5":"product_cat-diger-felsefe","6":"product_cat-felsefe","7":"pa_cilt-ciltsiz","8":"pa_tur-kitap","9":"pa_yayinevi-pinhan-yayincilik","10":"pa_yazar-william-james","12":"first","13":"instock","14":"sale","15":"shipping-taxable","16":"purchasable","17":"product-type-simple"},"_links":{"self":[{"href":"https:\/\/roveyayinevi.com.tr\/index.php\/wp-json\/wp\/v2\/product\/717515","targetHints":{"allow":["GET"]}}],"collection":[{"href":"https:\/\/roveyayinevi.com.tr\/index.php\/wp-json\/wp\/v2\/product"}],"about":[{"href":"https:\/\/roveyayinevi.com.tr\/index.php\/wp-json\/wp\/v2\/types\/product"}],"wp:attachment":[{"href":"https:\/\/roveyayinevi.com.tr\/index.php\/wp-json\/wp\/v2\/media?parent=717515"}],"wp:term":[{"taxonomy":"product_brand","embeddable":true,"href":"https:\/\/roveyayinevi.com.tr\/index.php\/wp-json\/wp\/v2\/product_brand?post=717515"},{"taxonomy":"product_cat","embeddable":true,"href":"https:\/\/roveyayinevi.com.tr\/index.php\/wp-json\/wp\/v2\/product_cat?post=717515"},{"taxonomy":"product_tag","embeddable":true,"href":"https:\/\/roveyayinevi.com.tr\/index.php\/wp-json\/wp\/v2\/product_tag?post=717515"}],"curies":[{"name":"wp","href":"https:\/\/api.w.org\/{rel}","templated":true}]}}