{"id":717513,"date":"2025-08-27T17:56:23","date_gmt":"2025-08-27T14:56:23","guid":{"rendered":"https:\/\/roveyayinevi.com.tr\/index.php\/urun\/sosyal-sorunlarda-guncel-tartismalar\/"},"modified":"2026-04-16T02:25:47","modified_gmt":"2026-04-15T23:25:47","slug":"sosyal-sorunlarda-guncel-tartismalar","status":"publish","type":"product","link":"https:\/\/roveyayinevi.com.tr\/index.php\/urun\/sosyal-sorunlarda-guncel-tartismalar\/","title":{"rendered":"Sosyal Sorunlarda G\u00fcncel Tart\u0131\u015fmalar"},"content":{"rendered":"<p>Toplumlar eskiye nazaran daha h\u0131zl\u0131 toplumsal de\u011fi\u015fme i\u00e7erisindedir. Bu h\u0131zl\u0131 de\u011fi\u015fim ister istemez bir\u00e7ok sosyal sorunu beraberinde getirmektedir. Sosyal, siyas\u00ee, ekonomik, k\u00fclt\u00fcrel ve teknolojik de\u011fi\u015fimler, toplumlar\u0131n refah seviyesinin y\u00fckselmesine katk\u0131 sa\u011flad\u0131klar\u0131 kadar bir\u00e7ok sosyal sorunun ortaya \u00e7\u0131kmas\u0131na yol a\u00e7makta ya da var olan sorunlar\u0131 daha da kronik hale getirmektedir. Yoksulluk, gelir da\u011f\u0131l\u0131m\u0131 adaletsizli\u011fi, istismar, \u015fiddet, cinsiyet e\u015fitsizli\u011fi ve ayr\u0131mc\u0131l\u0131\u011f\u0131, su\u00e7, bo\u015fanma, ba\u011f\u0131ml\u0131l\u0131k, g\u00f6\u00e7 ve sosyal d\u0131\u015flanma gibi bir\u00e7ok sorun, bu h\u0131zl\u0131 de\u011fi\u015fim ve d\u00f6n\u00fc\u015f\u00fcm\u00fcn \u00fcr\u00fcn\u00fcd\u00fcr.  \u0130\u00e7inde ya\u015fad\u0131\u011f\u0131m\u0131z d\u00fcnyan\u0131n bir\u00e7ok sosyal sorunu vard\u0131r. \u00d6rne\u011fin i\u015fsizlik d\u00fcn oldu\u011fu gibi bug\u00fcn de varl\u0131\u011f\u0131n\u0131 devam ettirmekte ve toplumun genelini tehdit etmektedir. Onca m\u00fccadeleye ra\u011fmen yoksulluk azalmak yerine etkisini daha da art\u0131rmaktad\u0131r. Gelir da\u011f\u0131l\u0131m\u0131 adaletsizli\u011fi u\u00e7urum boyutuna ula\u015fm\u0131\u015f, vars\u0131llar daha vars\u0131l, yoksullar daha yoksul hale gelmi\u015ftir. \u015eiddet ve istismar hayat\u0131n her alan\u0131nda eskisinden daha \u015fiddetli hale gelmi\u015f, g\u00fcn ge\u00e7mesin ki bir kad\u0131n cinayete kurban gitmesin ya da bir \u00e7ocuk istismara maruz kalmas\u0131n. Ayr\u0131mc\u0131l\u0131k, \u00f6zellikle de cinsiyet ayr\u0131mc\u0131l\u0131\u011f\u0131, bir\u00e7ok toplumsal sorunun nedeni oldu\u011fu kadar sonucu haline de gelmi\u015ftir. Uluslararas\u0131 g\u00f6\u00e7, g\u00f6\u00e7 alan\u0131 da vereni de etkisi alt\u0131na alm\u0131\u015f ve \u00f6nlenemez bir y\u00fckseli\u015fe ge\u00e7mi\u015ftir. Sava\u015flar devam etti\u011fi s\u00fcrece bu y\u00fckseli\u015fin devam edece\u011fi a\u015fik\u00e2rd\u0131r. En yeni ve en taze sorunlar\u0131m\u0131zdan ba\u011f\u0131ml\u0131l\u0131k, hem madde hem de dijital, bir\u00e7ok insan\u00ee ili\u015fkileri sonland\u0131rarak, bizatihi sonu\u00e7 olmaktan \u00e7\u0131k\u0131p neden haline gelmektedir. B\u00fct\u00fcn bunlara ba\u011fl\u0131 olarak su\u00e7 oranlar\u0131 da y\u00fckselme e\u011filimindedir. Di\u011fer taraftan ya\u015fl\u0131l\u0131\u011f\u0131n kendisi de bir sorun alan\u0131 olu\u015fturmakta ve en sonunda sosyal d\u0131\u015flanma ortaya \u00e7\u0131kmaktad\u0131r. Aile ve e\u011fitim b\u00fct\u00fcn bu sorunlara \u00e7\u00f6z\u00fcm olarak d\u00fc\u015f\u00fcn\u00fcl\u00fcrken, sorun kayna\u011f\u0131 haline gelmektedir.Sosyal sorunlar \u00e7ok boyutlu olup bir disiplin taraf\u0131ndan \u00e7\u00f6z\u00fcm \u00fcretilmesi m\u00fcmk\u00fcn de\u011fildir. Bu ger\u00e7eklikten hareketle kitab\u0131n konusunu olu\u015fturan sosyal sorunlar, multidisipliner bak\u0131\u015f a\u00e7\u0131s\u0131yla ele al\u0131nm\u0131\u015f ve \u00e7\u00f6z\u00fcm \u00fcretilmeye \u00e7al\u0131\u015f\u0131lm\u0131\u015ft\u0131r. Alan\u0131nda uzman akademisyenlerin bir araya gelmesiyle haz\u0131rlanan bu \u00e7al\u0131\u015fmada, hem d\u00fcnyan\u0131n hem de T\u00fcrkiye\u2019nin toplumsal yap\u0131s\u0131nda uzunca y\u0131llar var olan yoksulluk, i\u015fsizlik, toplumsal cinsiyet, ba\u011f\u0131ml\u0131l\u0131k, uluslararas\u0131 g\u00f6\u00e7, \u015fiddet, su\u00e7, ya\u015fl\u0131l\u0131k, sosyal d\u0131\u015flanma ve istismar gibi sorunlar derinlemesine analiz edilmi\u015f, mevcut durum ele al\u0131nm\u0131\u015f ve \u00e7\u00f6z\u00fcm \u00f6nerileri geli\u015ftirilmi\u015ftir.<\/p>\n","protected":false},"excerpt":{"rendered":"<p>Toplumlar eskiye nazaran daha h\u0131zl\u0131 toplumsal de\u011fi\u015fme i\u00e7erisindedir. Bu h\u0131zl\u0131 de\u011fi\u015fim ister istemez bir\u00e7ok sosyal sorunu beraberinde getirmektedir. Sosyal, siyas\u00ee, ekonomik, k\u00fclt\u00fcrel ve teknolojik de\u011fi\u015fimler, toplumlar\u0131n<span class=\"excerpt-hellip\"> [\u2026]<\/span><\/p>\n","protected":false},"featured_media":0,"template":"","meta":{"_monsterinsights_skip_tracking":false,"_monsterinsights_sitenote_active":false,"_monsterinsights_sitenote_note":"","_monsterinsights_sitenote_category":0},"product_brand":[],"product_cat":[12365,12364],"product_tag":[],"class_list":{"0":"post-717513","1":"product","2":"type-product","3":"status-publish","5":"product_cat-diger-genel-konular","6":"product_cat-genel-konular","7":"pa_cilt-ciltsiz","8":"pa_tur-kitap","9":"pa_yayinevi-ani-yayincilik","10":"pa_yazar-kollektif","12":"first","13":"instock","14":"sale","15":"shipping-taxable","16":"purchasable","17":"product-type-simple"},"_links":{"self":[{"href":"https:\/\/roveyayinevi.com.tr\/index.php\/wp-json\/wp\/v2\/product\/717513","targetHints":{"allow":["GET"]}}],"collection":[{"href":"https:\/\/roveyayinevi.com.tr\/index.php\/wp-json\/wp\/v2\/product"}],"about":[{"href":"https:\/\/roveyayinevi.com.tr\/index.php\/wp-json\/wp\/v2\/types\/product"}],"wp:attachment":[{"href":"https:\/\/roveyayinevi.com.tr\/index.php\/wp-json\/wp\/v2\/media?parent=717513"}],"wp:term":[{"taxonomy":"product_brand","embeddable":true,"href":"https:\/\/roveyayinevi.com.tr\/index.php\/wp-json\/wp\/v2\/product_brand?post=717513"},{"taxonomy":"product_cat","embeddable":true,"href":"https:\/\/roveyayinevi.com.tr\/index.php\/wp-json\/wp\/v2\/product_cat?post=717513"},{"taxonomy":"product_tag","embeddable":true,"href":"https:\/\/roveyayinevi.com.tr\/index.php\/wp-json\/wp\/v2\/product_tag?post=717513"}],"curies":[{"name":"wp","href":"https:\/\/api.w.org\/{rel}","templated":true}]}}