{"id":717512,"date":"2025-08-27T17:56:22","date_gmt":"2025-08-27T14:56:22","guid":{"rendered":"https:\/\/roveyayinevi.com.tr\/index.php\/urun\/ilham-veren-cumhuriyet-kahramanlari-oncu-erkekler\/"},"modified":"2026-04-16T02:25:47","modified_gmt":"2026-04-15T23:25:47","slug":"ilham-veren-cumhuriyet-kahramanlari-oncu-erkekler","status":"publish","type":"product","link":"https:\/\/roveyayinevi.com.tr\/index.php\/urun\/ilham-veren-cumhuriyet-kahramanlari-oncu-erkekler\/","title":{"rendered":"\u0130lham Veren Cumhuriyet Kahramanlar\u0131 &#8211; \u00d6nc\u00fc Erkekler"},"content":{"rendered":"<p>\u201cBir cumhuriyet kad\u0131n\u0131, cumhuriyetin \u00f6nc\u00fclerini anlat\u0131yor&#8230;Deneyimli gazeteci, yazar, s\u00f6yle\u015fi uzman\u0131 \u00d6zlem \u00d6zdemir bu kitab\u0131nda bir din\/tar\u0131m toplumundan \u00e7a\u011fda\u015f bir end\u00fcstriyel\/kentsel toplum yaratan devrimin \u00f6nc\u00fclerini anlat\u0131yor. Cumhuriyetin ger\u00e7ek \u00e7a\u011fda\u015fla\u015fma tarihinin ve onun yarat\u0131c\u0131s\u0131 olan Mustafa Kemal Atat\u00fcrk\u2019\u00fcn yozla\u015ft\u0131r\u0131ld\u0131\u011f\u0131 ve birtak\u0131m temel yanl\u0131\u015flar\u0131n topluma dayat\u0131ld\u0131\u011f\u0131 bir d\u00f6nemde, hakiki \u00f6yk\u00fclerin yeni ku\u015faklara aktar\u0131lmas\u0131 \u00f6nemli bir g\u00f6rev. \u00d6zlem \u00d6zdemir sapt\u0131r\u0131lmaya \u00e7al\u0131\u015f\u0131lan cumhuriyet tarihinin ger\u00e7ekleri ile gen\u00e7 ku\u015faklar aras\u0131nda sa\u011fl\u0131kl\u0131 ili\u015fkiler kurulmas\u0131 i\u00e7in b\u00fcy\u00fck \u00e7aba harcayan bir yazar. Bu \u00e7al\u0131\u015fmas\u0131, cumhuriyet tarihine yap\u0131lm\u0131\u015f olan \u00e7ok \u00f6nemli bir katk\u0131 olarak raflardaki yerini alacakt\u0131r.\u201dEmre Kongar<\/p>\n","protected":false},"excerpt":{"rendered":"<p>\u201cBir cumhuriyet kad\u0131n\u0131, cumhuriyetin \u00f6nc\u00fclerini anlat\u0131yor&#8230;Deneyimli gazeteci, yazar, s\u00f6yle\u015fi uzman\u0131 \u00d6zlem \u00d6zdemir bu kitab\u0131nda bir din\/tar\u0131m toplumundan \u00e7a\u011fda\u015f bir end\u00fcstriyel\/kentsel toplum yaratan devrimin \u00f6nc\u00fclerini anlat\u0131yor. Cumhuriyetin<span class=\"excerpt-hellip\"> [\u2026]<\/span><\/p>\n","protected":false},"featured_media":0,"template":"","meta":{"_monsterinsights_skip_tracking":false,"_monsterinsights_sitenote_active":false,"_monsterinsights_sitenote_note":"","_monsterinsights_sitenote_category":0},"product_brand":[],"product_cat":[14009,12291],"product_tag":[],"class_list":{"0":"post-717512","1":"product","2":"type-product","3":"status-publish","5":"product_cat-biyografi-otobiyografi-edebiyat","6":"product_cat-edebiyat","7":"pa_cilt-ciltsiz","8":"pa_tur-kitap","9":"pa_yayinevi-kirmizi-kedi-yayinevi","10":"pa_yazar-ozlem-ozdemir","12":"first","13":"instock","14":"sale","15":"shipping-taxable","16":"purchasable","17":"product-type-simple"},"_links":{"self":[{"href":"https:\/\/roveyayinevi.com.tr\/index.php\/wp-json\/wp\/v2\/product\/717512","targetHints":{"allow":["GET"]}}],"collection":[{"href":"https:\/\/roveyayinevi.com.tr\/index.php\/wp-json\/wp\/v2\/product"}],"about":[{"href":"https:\/\/roveyayinevi.com.tr\/index.php\/wp-json\/wp\/v2\/types\/product"}],"wp:attachment":[{"href":"https:\/\/roveyayinevi.com.tr\/index.php\/wp-json\/wp\/v2\/media?parent=717512"}],"wp:term":[{"taxonomy":"product_brand","embeddable":true,"href":"https:\/\/roveyayinevi.com.tr\/index.php\/wp-json\/wp\/v2\/product_brand?post=717512"},{"taxonomy":"product_cat","embeddable":true,"href":"https:\/\/roveyayinevi.com.tr\/index.php\/wp-json\/wp\/v2\/product_cat?post=717512"},{"taxonomy":"product_tag","embeddable":true,"href":"https:\/\/roveyayinevi.com.tr\/index.php\/wp-json\/wp\/v2\/product_tag?post=717512"}],"curies":[{"name":"wp","href":"https:\/\/api.w.org\/{rel}","templated":true}]}}