{"id":717510,"date":"2025-08-27T17:56:21","date_gmt":"2025-08-27T14:56:21","guid":{"rendered":"https:\/\/roveyayinevi.com.tr\/index.php\/urun\/anakronik\/"},"modified":"2026-04-16T02:25:47","modified_gmt":"2026-04-15T23:25:47","slug":"anakronik","status":"publish","type":"product","link":"https:\/\/roveyayinevi.com.tr\/index.php\/urun\/anakronik\/","title":{"rendered":"Anakronik"},"content":{"rendered":"<p>Hem ger\u00e7ekli\u011fe hem kurmacaya musallat, zihnin zifirini ak\u0131tan bir geceyaz\u0131. Hik\u00e2yesiz, insans\u0131z, yersiz, m\u00fczmin bir zamans\u0131z ama tam da bu y\u00fczden zaman\u0131n\u0131n insan\u0131, kronik bir anakroni\u011fin ters yoldan son s\u00fcrat tirad\u0131! <\/p>\n","protected":false},"excerpt":{"rendered":"<p>Hem ger\u00e7ekli\u011fe hem kurmacaya musallat, zihnin zifirini ak\u0131tan bir geceyaz\u0131. Hik\u00e2yesiz, insans\u0131z, yersiz, m\u00fczmin bir zamans\u0131z ama tam da bu y\u00fczden zaman\u0131n\u0131n insan\u0131, kronik bir anakroni\u011fin<span class=\"excerpt-hellip\"> [\u2026]<\/span><\/p>\n","protected":false},"featured_media":0,"template":"","meta":{"_monsterinsights_skip_tracking":false,"_monsterinsights_sitenote_active":false,"_monsterinsights_sitenote_note":"","_monsterinsights_sitenote_category":0},"product_brand":[],"product_cat":[18545,12291],"product_tag":[],"class_list":{"0":"post-717510","1":"product","2":"type-product","3":"status-publish","5":"product_cat-anlati","6":"product_cat-edebiyat","7":"pa_cilt-ciltsiz","8":"pa_tur-kitap","9":"pa_yayinevi-kirmizi-kedi-yayinevi","10":"pa_yazar-oguz-tecimen","12":"first","13":"instock","14":"sale","15":"shipping-taxable","16":"purchasable","17":"product-type-simple"},"_links":{"self":[{"href":"https:\/\/roveyayinevi.com.tr\/index.php\/wp-json\/wp\/v2\/product\/717510","targetHints":{"allow":["GET"]}}],"collection":[{"href":"https:\/\/roveyayinevi.com.tr\/index.php\/wp-json\/wp\/v2\/product"}],"about":[{"href":"https:\/\/roveyayinevi.com.tr\/index.php\/wp-json\/wp\/v2\/types\/product"}],"wp:attachment":[{"href":"https:\/\/roveyayinevi.com.tr\/index.php\/wp-json\/wp\/v2\/media?parent=717510"}],"wp:term":[{"taxonomy":"product_brand","embeddable":true,"href":"https:\/\/roveyayinevi.com.tr\/index.php\/wp-json\/wp\/v2\/product_brand?post=717510"},{"taxonomy":"product_cat","embeddable":true,"href":"https:\/\/roveyayinevi.com.tr\/index.php\/wp-json\/wp\/v2\/product_cat?post=717510"},{"taxonomy":"product_tag","embeddable":true,"href":"https:\/\/roveyayinevi.com.tr\/index.php\/wp-json\/wp\/v2\/product_tag?post=717510"}],"curies":[{"name":"wp","href":"https:\/\/api.w.org\/{rel}","templated":true}]}}