{"id":717509,"date":"2025-08-27T17:56:20","date_gmt":"2025-08-27T14:56:20","guid":{"rendered":"https:\/\/roveyayinevi.com.tr\/index.php\/urun\/70inde-bir-cocuk\/"},"modified":"2026-04-16T02:25:47","modified_gmt":"2026-04-15T23:25:47","slug":"70inde-bir-cocuk","status":"publish","type":"product","link":"https:\/\/roveyayinevi.com.tr\/index.php\/urun\/70inde-bir-cocuk\/","title":{"rendered":"70&#8217;inde Bir \u00c7ocuk"},"content":{"rendered":"<p>Vakittir, dedim\u2026 G\u00f6rd\u00fc\u011f\u00fcm, ge\u00e7irdi\u011fim, ya\u015fad\u0131\u011f\u0131m, ya\u015fatt\u0131\u011f\u0131m ne varsa yazmal\u0131y\u0131m art\u0131k, dedim ve elinizdeki kitap \u00e7\u0131kt\u0131 ortaya\u2026Mesle\u011fim di\u015f tabipli\u011fi; uzun y\u0131llar, mesle\u011fimle m\u00fczi\u011fi yan yana y\u00fcr\u00fctt\u00fcm ve adeta iliklerime i\u015fleyen Anadolu ezgilerinden de hi\u00e7 ayr\u0131 d\u00fc\u015fmedim. Ruhunun sesini dinlemekten vazge\u00e7meyenlerden olan Rus yazar Anton \u00c7ehov\u2019un me\u015fhur s\u00f6z\u00fcn\u00fc anmak isterim burada: \u201cMesle\u011fim olan doktorluk kar\u0131m, yazarl\u0131k metresimdir; ama son y\u0131llarda kar\u0131m\u0131 g\u00f6remez oldum!\u201dD\u00fcnyam\u0131z, yery\u00fcz\u00fcne de\u011fmemden itibaren g\u00fcne\u015f etraf\u0131nda tam 73 tur att\u0131 ve ben kendimi bildim bileli t\u00fcrk\u00fclere can vermeye, onlar\u0131 terenn\u00fcm etmeye doyam\u0131yorum\u2026 Siz beni zaten bu y\u00f6n\u00fcmle tan\u0131yorsunuz ve \u00f6mr\u00fcm oldu\u011fu s\u00fcrece de sesimi size ula\u015ft\u0131rmaya niyetliyim.Sizi \u015fimdi, biriktirdi\u011fim an\u0131lar ve g\u00fczel dostlarla\/dostluklarla ba\u015f ba\u015fa b\u0131rakay\u0131m\u2026<\/p>\n","protected":false},"excerpt":{"rendered":"<p>Vakittir, dedim\u2026 G\u00f6rd\u00fc\u011f\u00fcm, ge\u00e7irdi\u011fim, ya\u015fad\u0131\u011f\u0131m, ya\u015fatt\u0131\u011f\u0131m ne varsa yazmal\u0131y\u0131m art\u0131k, dedim ve elinizdeki kitap \u00e7\u0131kt\u0131 ortaya\u2026Mesle\u011fim di\u015f tabipli\u011fi; uzun y\u0131llar, mesle\u011fimle m\u00fczi\u011fi yan yana y\u00fcr\u00fctt\u00fcm ve<span class=\"excerpt-hellip\"> [\u2026]<\/span><\/p>\n","protected":false},"featured_media":0,"template":"","meta":{"_monsterinsights_skip_tracking":false,"_monsterinsights_sitenote_active":false,"_monsterinsights_sitenote_note":"","_monsterinsights_sitenote_category":0},"product_brand":[],"product_cat":[14009,12291],"product_tag":[],"class_list":{"0":"post-717509","1":"product","2":"type-product","3":"status-publish","5":"product_cat-biyografi-otobiyografi-edebiyat","6":"product_cat-edebiyat","7":"pa_cilt-ciltsiz","8":"pa_tur-kitap","9":"pa_yayinevi-alfa-yayinlari","10":"pa_yazar-bedri-ayseli","12":"first","13":"instock","14":"sale","15":"shipping-taxable","16":"purchasable","17":"product-type-simple"},"_links":{"self":[{"href":"https:\/\/roveyayinevi.com.tr\/index.php\/wp-json\/wp\/v2\/product\/717509","targetHints":{"allow":["GET"]}}],"collection":[{"href":"https:\/\/roveyayinevi.com.tr\/index.php\/wp-json\/wp\/v2\/product"}],"about":[{"href":"https:\/\/roveyayinevi.com.tr\/index.php\/wp-json\/wp\/v2\/types\/product"}],"wp:attachment":[{"href":"https:\/\/roveyayinevi.com.tr\/index.php\/wp-json\/wp\/v2\/media?parent=717509"}],"wp:term":[{"taxonomy":"product_brand","embeddable":true,"href":"https:\/\/roveyayinevi.com.tr\/index.php\/wp-json\/wp\/v2\/product_brand?post=717509"},{"taxonomy":"product_cat","embeddable":true,"href":"https:\/\/roveyayinevi.com.tr\/index.php\/wp-json\/wp\/v2\/product_cat?post=717509"},{"taxonomy":"product_tag","embeddable":true,"href":"https:\/\/roveyayinevi.com.tr\/index.php\/wp-json\/wp\/v2\/product_tag?post=717509"}],"curies":[{"name":"wp","href":"https:\/\/api.w.org\/{rel}","templated":true}]}}