{"id":717508,"date":"2025-08-27T17:56:19","date_gmt":"2025-08-27T14:56:19","guid":{"rendered":"https:\/\/roveyayinevi.com.tr\/index.php\/urun\/montauk\/"},"modified":"2026-04-16T02:25:47","modified_gmt":"2026-04-15T23:25:47","slug":"montauk","status":"publish","type":"product","link":"https:\/\/roveyayinevi.com.tr\/index.php\/urun\/montauk\/","title":{"rendered":"Montauk"},"content":{"rendered":"<p>Anlat\u0131c\u0131 Max, kitab\u0131n\u0131n tan\u0131t\u0131m\u0131 i\u00e7in gitti\u011fi New York\u2019ta, yay\u0131nevinde \u00e7al\u0131\u015fan, kendisinden ya\u015f\u00e7a epey gen\u00e7 Lynn ile tan\u0131\u015f\u0131r. \u0130kisi de birbirinden etkilenir ve hafta sonunu birlikte Long Island\u2019\u0131n ucundaki Montauk\u2019ta ge\u00e7irirler. Bu k\u0131sa birliktelik, anlat\u0131c\u0131 Max\u2019\u0131n ya\u015fam\u0131 boyunca kad\u0131nlarla ili\u015fkisini irdelemesine yol a\u00e7ar. Yazar, May\u0131s 1974\u2019te ya\u015fad\u0131\u011f\u0131 bu romantik ili\u015fkiyi \u00f6zya\u015fam\u00f6yk\u00fcsel \u00e7er\u00e7evede aktar\u0131rken, kendisini \u00fc\u00e7\u00fcnc\u00fc ki\u015fi olarak konumlar, belirli bir kronolojiye ba\u011fl\u0131 kalmaks\u0131z\u0131n pek \u00e7ok k\u00fc\u00e7\u00fck par\u00e7aya b\u00f6ld\u00fc\u011f\u00fc anlat\u0131y\u0131, an\u0131larla, g\u00fcnl\u00fc\u011f\u00fcnden notlarla, kendine d\u00f6n\u00fck ele\u015ftirilerle, ilk kar\u0131s\u0131, \u00e7ocuklar\u0131, sevgilileri ve \u00f6zellikle Ingeborg Bachmann\u2019a olan tutkulu a\u015fk\u0131yla mozaik gibi i\u015fler.   Montauk, Max Frisch\u2019in en ki\u015fisel kitab\u0131. Ya\u015fanm\u0131\u015fl\u0131kla ve okurla ku\u015fku mesafesini koruyabilen, mahrem ve \u00e7ok \u00f6zel bir hesapla\u015fma.   Frisch daha \u00f6nce hi\u00e7 bu kadar k\u0131sa, bu kadar k\u0131t s\u00f6zc\u00fckle, ama ayn\u0131 zamanda bu kadar a\u00e7\u0131k ve \u00f6zl\u00fc, bu kadar canl\u0131 ve co\u015fturucu yazmam\u0131\u015ft\u0131r. MONTAUK \u015fiirsel bir bilan\u00e7odur; kayg\u0131n\u0131n yazar\u0131n\u0131n elinden \u00e7\u0131km\u0131\u015f a\u015fka dair bir kitapt\u0131r. Marcel Reich-Ranicki   S\u0131rad\u0131\u015f\u0131 bi\u00e7imi ve tekni\u011fiyle, k\u0131sa bir a\u015fk maceras\u0131n\u0131n bu ac\u0131-tatl\u0131 kayd\u0131 ayn\u0131 zamanda b\u00fcy\u00fcleyici bir \u00f6zya\u015fam\u00f6yk\u00fcsel eskiz &#8230; ac\u0131 verici bi\u00e7imde d\u00fcr\u00fcst, dokunakl\u0131 bir an\u0131. Publishers Weekly   Hayatta ba\u015far\u0131l\u0131 bir adam bir su ayg\u0131r\u0131 gibi g\u00f6r\u00fcnebilir, kad\u0131nlar kendilerini ona teslim etmekle kalmazlar, \u00e7ekiciliklerini hi\u00e7 \u00e7ekinmeden, seve seve ortaya koyarlar. Ancak sokaktayken, kalabal\u0131\u011f\u0131n aras\u0131na kar\u0131\u015fm\u0131\u015fken kendimi yine tamam\u0131yla su ayg\u0131r\u0131 gibi hissediyorum. Max Frisch <\/p>\n","protected":false},"excerpt":{"rendered":"<p>Anlat\u0131c\u0131 Max, kitab\u0131n\u0131n tan\u0131t\u0131m\u0131 i\u00e7in gitti\u011fi New York\u2019ta, yay\u0131nevinde \u00e7al\u0131\u015fan, kendisinden ya\u015f\u00e7a epey gen\u00e7 Lynn ile tan\u0131\u015f\u0131r. \u0130kisi de birbirinden etkilenir ve hafta sonunu birlikte Long<span class=\"excerpt-hellip\"> [\u2026]<\/span><\/p>\n","protected":false},"featured_media":0,"template":"","meta":{"_monsterinsights_skip_tracking":false,"_monsterinsights_sitenote_active":false,"_monsterinsights_sitenote_note":"","_monsterinsights_sitenote_category":0},"product_brand":[],"product_cat":[18545,12291],"product_tag":[],"class_list":{"0":"post-717508","1":"product","2":"type-product","3":"status-publish","5":"product_cat-anlati","6":"product_cat-edebiyat","7":"pa_cilt-ciltsiz","8":"pa_tur-kitap","9":"pa_yayinevi-yapi-kredi-yayinlari","10":"pa_yazar-max-frisch","12":"first","13":"instock","14":"sale","15":"shipping-taxable","16":"purchasable","17":"product-type-simple"},"_links":{"self":[{"href":"https:\/\/roveyayinevi.com.tr\/index.php\/wp-json\/wp\/v2\/product\/717508","targetHints":{"allow":["GET"]}}],"collection":[{"href":"https:\/\/roveyayinevi.com.tr\/index.php\/wp-json\/wp\/v2\/product"}],"about":[{"href":"https:\/\/roveyayinevi.com.tr\/index.php\/wp-json\/wp\/v2\/types\/product"}],"wp:attachment":[{"href":"https:\/\/roveyayinevi.com.tr\/index.php\/wp-json\/wp\/v2\/media?parent=717508"}],"wp:term":[{"taxonomy":"product_brand","embeddable":true,"href":"https:\/\/roveyayinevi.com.tr\/index.php\/wp-json\/wp\/v2\/product_brand?post=717508"},{"taxonomy":"product_cat","embeddable":true,"href":"https:\/\/roveyayinevi.com.tr\/index.php\/wp-json\/wp\/v2\/product_cat?post=717508"},{"taxonomy":"product_tag","embeddable":true,"href":"https:\/\/roveyayinevi.com.tr\/index.php\/wp-json\/wp\/v2\/product_tag?post=717508"}],"curies":[{"name":"wp","href":"https:\/\/api.w.org\/{rel}","templated":true}]}}