{"id":717507,"date":"2025-08-27T17:56:18","date_gmt":"2025-08-27T14:56:18","guid":{"rendered":"https:\/\/roveyayinevi.com.tr\/index.php\/urun\/troyali-helena-ile-paris-ve-tahta-at-efsanesi\/"},"modified":"2026-04-16T02:25:47","modified_gmt":"2026-04-15T23:25:47","slug":"troyali-helena-ile-paris-ve-tahta-at-efsanesi","status":"publish","type":"product","link":"https:\/\/roveyayinevi.com.tr\/index.php\/urun\/troyali-helena-ile-paris-ve-tahta-at-efsanesi\/","title":{"rendered":"Troya\u2019l\u0131 Helena ile Paris ve Tahta At Efsanesi"},"content":{"rendered":"<p>3000 y\u0131ll\u0131k destanlar\u0131n gizemli \u00f6yk\u00fcs\u00fc Troya Sava\u015f\u0131, Homeros\u2019un \u0130lyada destan\u0131nda, Hektor\u2019un \u00f6l\u00fcm\u00fcyle sona erer; Odysseia\u2019da ise Odysseus\u2019un \u00fclkesi \u0130thake\u2019ye d\u00f6nerken ba\u015f\u0131ndan ge\u00e7enler anlat\u0131l\u0131r. \u0130lyada\u2019da kentin y\u0131k\u0131l\u0131\u015f\u0131ndan ve Epeios adl\u0131 biri taraf\u0131ndan yap\u0131ld\u0131\u011f\u0131 s\u00f6ylenen \u201ctahta at\u201dtan hi\u00e7 s\u00f6z edilmez. Tahta At Efsanesi\u2019ni, Odysseia\u2019n\u0131n 8. b\u00f6l\u00fcm, 490. \u00f6zdekinden, Odysseus\u2019un iste\u011fi \u00fczerine Ozan Demodokos\u2019un s\u00f6yledi\u011fi bir ezginin s\u00f6zlerinden \u00f6\u011freniriz. \u201c\u0130lyon\u2019un destan\u0131\u201d da denen \u0130lyada\u2019da, sava\u015ftan sonra Kral Priamos, Hekabe, Paris, Helena, Andromakhe ve o\u011flundan, pek \u00e7ok komutan ve askerin ba\u015f\u0131na gelenlerden, Troya halk\u0131ndan hi\u00e7s\u00f6z edilmez. \u00d6l\u00fcml\u00fc tek yan\u0131 olan topu\u011fundan vurularak \u00f6ld\u00fcr\u00fclen Akhilleus\u2019tan, ada krallar\u0131ndan, Paris\u2019in \u00f6l\u00fcm\u00fcnden ve Helena\u2019n\u0131n ba\u015f\u0131na neler geldi\u011finden de&#8230; Troya Sava\u015f\u0131\u2019ndan sonra ya\u015fananlar\u0131, sava\u015fa kat\u0131lan ve sava\u015f\u0131 yazan Frigyal\u0131 Dares\u2019ten, Troya\u2019dan ka\u00e7\u0131p \u0130talya\u2019ya kadar giden Kral Priamos\u2019un karde\u015fi ve ye\u011feninin s\u00f6ylencelerini de Latin \u015fair Vergilius\u2019un Aeneas destan\u0131ndan \u00f6\u011freniriz. \u00c7ocuk ve gen\u00e7lik edebiyat\u0131m\u0131z\u0131n usta yazar\u0131 Yalva\u00e7 Ural, Troya Sava\u015f\u0131\u2019n\u0131 ve Tahta At Efsanesi\u2019ni, s\u00f6zl\u00fc-yaz\u0131l\u0131 anlat\u0131mlarla g\u00fcn\u00fcm\u00fcze ula\u015fan pek \u00e7ok kaynaktan ve ayr\u0131ml\u0131 metinlerden yola \u00e7\u0131karak, \u00e7ocuklar, gen\u00e7ler ve yeti\u015fkinler i\u00e7in \u015fiirsel bir dille kaleme ald\u0131. <\/p>\n","protected":false},"excerpt":{"rendered":"<p>3000 y\u0131ll\u0131k destanlar\u0131n gizemli \u00f6yk\u00fcs\u00fc Troya Sava\u015f\u0131, Homeros\u2019un \u0130lyada destan\u0131nda, Hektor\u2019un \u00f6l\u00fcm\u00fcyle sona erer; Odysseia\u2019da ise Odysseus\u2019un \u00fclkesi \u0130thake\u2019ye d\u00f6nerken ba\u015f\u0131ndan ge\u00e7enler anlat\u0131l\u0131r. \u0130lyada\u2019da kentin y\u0131k\u0131l\u0131\u015f\u0131ndan<span class=\"excerpt-hellip\"> [\u2026]<\/span><\/p>\n","protected":false},"featured_media":0,"template":"","meta":{"_monsterinsights_skip_tracking":false,"_monsterinsights_sitenote_active":false,"_monsterinsights_sitenote_note":"","_monsterinsights_sitenote_category":0},"product_brand":[],"product_cat":[12274,12467],"product_tag":[],"class_list":{"0":"post-717507","1":"product","2":"type-product","3":"status-publish","5":"product_cat-cocuk-ve-genclik-kitaplari","6":"product_cat-dunya-klasikleri","7":"pa_cilt-ciltsiz","8":"pa_tur-kitap","9":"pa_yayinevi-yapi-kredi-yayinlari","10":"pa_yazar-yalvac-ural","12":"first","13":"instock","14":"sale","15":"shipping-taxable","16":"purchasable","17":"product-type-simple"},"_links":{"self":[{"href":"https:\/\/roveyayinevi.com.tr\/index.php\/wp-json\/wp\/v2\/product\/717507","targetHints":{"allow":["GET"]}}],"collection":[{"href":"https:\/\/roveyayinevi.com.tr\/index.php\/wp-json\/wp\/v2\/product"}],"about":[{"href":"https:\/\/roveyayinevi.com.tr\/index.php\/wp-json\/wp\/v2\/types\/product"}],"wp:attachment":[{"href":"https:\/\/roveyayinevi.com.tr\/index.php\/wp-json\/wp\/v2\/media?parent=717507"}],"wp:term":[{"taxonomy":"product_brand","embeddable":true,"href":"https:\/\/roveyayinevi.com.tr\/index.php\/wp-json\/wp\/v2\/product_brand?post=717507"},{"taxonomy":"product_cat","embeddable":true,"href":"https:\/\/roveyayinevi.com.tr\/index.php\/wp-json\/wp\/v2\/product_cat?post=717507"},{"taxonomy":"product_tag","embeddable":true,"href":"https:\/\/roveyayinevi.com.tr\/index.php\/wp-json\/wp\/v2\/product_tag?post=717507"}],"curies":[{"name":"wp","href":"https:\/\/api.w.org\/{rel}","templated":true}]}}