{"id":717506,"date":"2025-08-27T17:56:17","date_gmt":"2025-08-27T14:56:17","guid":{"rendered":"https:\/\/roveyayinevi.com.tr\/index.php\/urun\/gizli-anilar-kuyusu\/"},"modified":"2026-04-16T02:25:47","modified_gmt":"2026-04-15T23:25:47","slug":"gizli-anilar-kuyusu","status":"publish","type":"product","link":"https:\/\/roveyayinevi.com.tr\/index.php\/urun\/gizli-anilar-kuyusu\/","title":{"rendered":"Gizli An\u0131lar Kuyusu"},"content":{"rendered":"<p>\u201cAraaaas, hadi ama, bak hayattay\u0131m!\u201d Aras o yaz babaannesinin evinde ilk kez annesiyle babas\u0131 olmadan kalacakt\u0131r. Arkada\u015flar\u0131yla e\u011flenceli ge\u00e7en yaz tatili Nergis\u2019in kuyuya d\u00fc\u015fmesiyle g\u00f6lgelenir. Nergis kuyudan sa\u011f salim \u00e7\u0131kar \u00e7\u0131kmas\u0131na ama Aras\u2019\u0131n anlayamad\u0131\u011f\u0131 bir ruh haline b\u00fcr\u00fcn\u00fcr. Gizli An\u0131lar Kuyusu insan\u0131n ya\u015f\u0131 ne olursa olsun hayat\u0131n getirdikleri kar\u015f\u0131s\u0131nda ne kadar dayan\u0131kl\u0131 olabilece\u011fini bize hat\u0131rlatan, gizemlerle \u00f6r\u00fcl\u00fc, s\u00fcr\u00fckleyici bir hik\u00e2ye. <\/p>\n","protected":false},"excerpt":{"rendered":"<p>\u201cAraaaas, hadi ama, bak hayattay\u0131m!\u201d Aras o yaz babaannesinin evinde ilk kez annesiyle babas\u0131 olmadan kalacakt\u0131r. Arkada\u015flar\u0131yla e\u011flenceli ge\u00e7en yaz tatili Nergis\u2019in kuyuya d\u00fc\u015fmesiyle g\u00f6lgelenir. Nergis<span class=\"excerpt-hellip\"> [\u2026]<\/span><\/p>\n","protected":false},"featured_media":0,"template":"","meta":{"_monsterinsights_skip_tracking":false,"_monsterinsights_sitenote_active":false,"_monsterinsights_sitenote_note":"","_monsterinsights_sitenote_category":0},"product_brand":[],"product_cat":[12274,12284],"product_tag":[],"class_list":{"0":"post-717506","1":"product","2":"type-product","3":"status-publish","5":"product_cat-cocuk-ve-genclik-kitaplari","6":"product_cat-hikayeler","7":"pa_cilt-ciltsiz","8":"pa_tur-kitap","9":"pa_yayinevi-yapi-kredi-yayinlari","10":"pa_yazar-filiz-ozdem","12":"first","13":"instock","14":"sale","15":"shipping-taxable","16":"purchasable","17":"product-type-simple"},"_links":{"self":[{"href":"https:\/\/roveyayinevi.com.tr\/index.php\/wp-json\/wp\/v2\/product\/717506","targetHints":{"allow":["GET"]}}],"collection":[{"href":"https:\/\/roveyayinevi.com.tr\/index.php\/wp-json\/wp\/v2\/product"}],"about":[{"href":"https:\/\/roveyayinevi.com.tr\/index.php\/wp-json\/wp\/v2\/types\/product"}],"wp:attachment":[{"href":"https:\/\/roveyayinevi.com.tr\/index.php\/wp-json\/wp\/v2\/media?parent=717506"}],"wp:term":[{"taxonomy":"product_brand","embeddable":true,"href":"https:\/\/roveyayinevi.com.tr\/index.php\/wp-json\/wp\/v2\/product_brand?post=717506"},{"taxonomy":"product_cat","embeddable":true,"href":"https:\/\/roveyayinevi.com.tr\/index.php\/wp-json\/wp\/v2\/product_cat?post=717506"},{"taxonomy":"product_tag","embeddable":true,"href":"https:\/\/roveyayinevi.com.tr\/index.php\/wp-json\/wp\/v2\/product_tag?post=717506"}],"curies":[{"name":"wp","href":"https:\/\/api.w.org\/{rel}","templated":true}]}}