{"id":717503,"date":"2025-08-27T17:56:15","date_gmt":"2025-08-27T14:56:15","guid":{"rendered":"https:\/\/roveyayinevi.com.tr\/index.php\/urun\/gemide-yer-yok\/"},"modified":"2026-04-16T02:25:47","modified_gmt":"2026-04-15T23:25:47","slug":"gemide-yer-yok","status":"publish","type":"product","link":"https:\/\/roveyayinevi.com.tr\/index.php\/urun\/gemide-yer-yok\/","title":{"rendered":"Gemide Yer Yok"},"content":{"rendered":"<p>\u201cHer \u015feye ra\u011fmen \u015fimdiye dek ya\u015fad\u0131klar\u0131m\u0131za, bildi\u011fimize tutunmaya \u00e7al\u0131\u015f\u0131yoruz, ge\u00e7mi\u015fimizden ba\u015fka bir \u015feyimiz yok. Tutunacak ba\u015fka bir \u015fey yok.\u201d \u201cBu durumda sokaktaki bilinmez ve d\u00fc\u015fman g\u00f6lgelerden biri de ben olurdum. Karga\u015fan\u0131n kahramanlar\u0131ndan birisi. Sinsice apartmanlar\u0131n camlar\u0131n\u0131 g\u00f6zetleyen, k\u00f6\u015fe ba\u015flar\u0131nda n\u00f6bet tutanlar\u0131 kollayan di\u011fer g\u00f6lgeler gibi bir g\u00f6lge. Karga\u015fan\u0131n asli bir unsuru olarak, karga\u015fan\u0131n \u00f6znelerinden biri olarak sarho\u015flu\u011fa do\u011fru s\u00fcr\u00fcklenerek bilin\u00e7siz de olsa y\u0131k\u0131m\u0131 h\u0131zland\u0131rmaya u\u011fra\u015f\u0131rd\u0131m. Bunun canl\u0131l\u0131k ve hayatiyet oldu\u011funu kabul ediyorum ama bunlar\u0131n hi\u00e7birisini yapam\u0131yorum, hatta \u015fu kad\u0131n\u0131 bile s\u00fcr\u00fckleyip d\u0131\u015far\u0131 atam\u0131yorum, ya\u015fam\u0131n kurallara g\u00f6re akt\u0131\u011f\u0131 fikrine sar\u0131lmaya devam ediyorum. Ge\u00e7mi\u015fe ve kurallara sar\u0131lmak \u00f6l\u00fcmc\u00fcld\u00fcr.\u201d Gemide Yer Yok \u00d6mer F. Oyal\u2019in beklense de haz\u0131rl\u0131ks\u0131z yakalan\u0131lan bir i\u00e7 sava\u015f\u0131 bir i\u00e7 konu\u015fma, g\u00fcndelik olaylar, k\u00fc\u00e7\u00fck ama hayati ayr\u0131nt\u0131lar \u00fczerinden anlatt\u0131\u011f\u0131 \u00e7arp\u0131c\u0131 bir roman. B\u00fct\u00fcn hayatlar\u0131n ve mek\u00e2nlar\u0131n i\u015fgal edildi\u011fi, yeti\u015fkinlerin h\u0131zla zalimle\u015fti\u011fi, \u00e7ocuklar\u0131n h\u0131zla b\u00fcy\u00fcd\u00fc\u011f\u00fc, yar\u0131n duygusunun herkesin avucundan kay\u0131p gitti\u011fi, umutsuzca bir bilinmeze yelken a\u00e7\u0131lan bir hayatta kalma m\u00fccadelesi\u2026 <\/p>\n","protected":false},"excerpt":{"rendered":"<p>\u201cHer \u015feye ra\u011fmen \u015fimdiye dek ya\u015fad\u0131klar\u0131m\u0131za, bildi\u011fimize tutunmaya \u00e7al\u0131\u015f\u0131yoruz, ge\u00e7mi\u015fimizden ba\u015fka bir \u015feyimiz yok. Tutunacak ba\u015fka bir \u015fey yok.\u201d \u201cBu durumda sokaktaki bilinmez ve d\u00fc\u015fman g\u00f6lgelerden<span class=\"excerpt-hellip\"> [\u2026]<\/span><\/p>\n","protected":false},"featured_media":0,"template":"","meta":{"_monsterinsights_skip_tracking":false,"_monsterinsights_sitenote_active":false,"_monsterinsights_sitenote_note":"","_monsterinsights_sitenote_category":0},"product_brand":[],"product_cat":[12291,12711],"product_tag":[],"class_list":{"0":"post-717503","1":"product","2":"type-product","3":"status-publish","5":"product_cat-edebiyat","6":"product_cat-roman-oyku","7":"pa_cilt-ciltsiz","8":"pa_tur-kitap","9":"pa_yayinevi-yapi-kredi-yayinlari","10":"pa_yazar-omer-f-oyal","12":"first","13":"instock","14":"sale","15":"shipping-taxable","16":"purchasable","17":"product-type-simple"},"_links":{"self":[{"href":"https:\/\/roveyayinevi.com.tr\/index.php\/wp-json\/wp\/v2\/product\/717503","targetHints":{"allow":["GET"]}}],"collection":[{"href":"https:\/\/roveyayinevi.com.tr\/index.php\/wp-json\/wp\/v2\/product"}],"about":[{"href":"https:\/\/roveyayinevi.com.tr\/index.php\/wp-json\/wp\/v2\/types\/product"}],"wp:attachment":[{"href":"https:\/\/roveyayinevi.com.tr\/index.php\/wp-json\/wp\/v2\/media?parent=717503"}],"wp:term":[{"taxonomy":"product_brand","embeddable":true,"href":"https:\/\/roveyayinevi.com.tr\/index.php\/wp-json\/wp\/v2\/product_brand?post=717503"},{"taxonomy":"product_cat","embeddable":true,"href":"https:\/\/roveyayinevi.com.tr\/index.php\/wp-json\/wp\/v2\/product_cat?post=717503"},{"taxonomy":"product_tag","embeddable":true,"href":"https:\/\/roveyayinevi.com.tr\/index.php\/wp-json\/wp\/v2\/product_tag?post=717503"}],"curies":[{"name":"wp","href":"https:\/\/api.w.org\/{rel}","templated":true}]}}