{"id":717500,"date":"2025-08-27T17:56:13","date_gmt":"2025-08-27T14:56:13","guid":{"rendered":"https:\/\/roveyayinevi.com.tr\/index.php\/urun\/idilin-sarkisi\/"},"modified":"2026-04-16T02:25:47","modified_gmt":"2026-04-15T23:25:47","slug":"idilin-sarkisi","status":"publish","type":"product","link":"https:\/\/roveyayinevi.com.tr\/index.php\/urun\/idilin-sarkisi\/","title":{"rendered":"\u0130dil&#8217;in \u015eark\u0131s\u0131"},"content":{"rendered":"<p>Pembe bir bal\u0131k, \u201cKum kadar param olsun!\u201d diyen bal\u0131k\u00e7\u0131, tatl\u0131 m\u0131 tatl\u0131 bir k\u0131z&#8230;Bal\u0131k\u00e7\u0131 Amca, Pembe Bal\u0131k\u2019\u0131n pembe pullar\u0131n\u0131n pe\u015finde. K\u00fc\u00e7\u00fck \u0130dil ise bal\u0131k dostunu kurtarmaya kararl\u0131! Bakal\u0131m s\u0131k\u0131 dostlar bu i\u015fi ba\u015faracak m\u0131?<\/p>\n","protected":false},"excerpt":{"rendered":"<p>Pembe bir bal\u0131k, \u201cKum kadar param olsun!\u201d diyen bal\u0131k\u00e7\u0131, tatl\u0131 m\u0131 tatl\u0131 bir k\u0131z&#8230;Bal\u0131k\u00e7\u0131 Amca, Pembe Bal\u0131k\u2019\u0131n pembe pullar\u0131n\u0131n pe\u015finde. K\u00fc\u00e7\u00fck \u0130dil ise bal\u0131k dostunu kurtarmaya<span class=\"excerpt-hellip\"> [\u2026]<\/span><\/p>\n","protected":false},"featured_media":0,"template":"","meta":{"_monsterinsights_skip_tracking":false,"_monsterinsights_sitenote_active":false,"_monsterinsights_sitenote_note":"","_monsterinsights_sitenote_category":0},"product_brand":[],"product_cat":[12913,12274],"product_tag":[],"class_list":{"0":"post-717500","1":"product","2":"type-product","3":"status-publish","5":"product_cat-3-6-yas-kitaplari","6":"product_cat-cocuk-ve-genclik-kitaplari","7":"pa_cilt-ciltsiz","8":"pa_tur-kitap","9":"pa_yayinevi-is-bankasi-kultur-yayinlari","10":"pa_yazar-seza-kutlar-aksoy","12":"first","13":"instock","14":"sale","15":"shipping-taxable","16":"purchasable","17":"product-type-simple"},"_links":{"self":[{"href":"https:\/\/roveyayinevi.com.tr\/index.php\/wp-json\/wp\/v2\/product\/717500","targetHints":{"allow":["GET"]}}],"collection":[{"href":"https:\/\/roveyayinevi.com.tr\/index.php\/wp-json\/wp\/v2\/product"}],"about":[{"href":"https:\/\/roveyayinevi.com.tr\/index.php\/wp-json\/wp\/v2\/types\/product"}],"wp:attachment":[{"href":"https:\/\/roveyayinevi.com.tr\/index.php\/wp-json\/wp\/v2\/media?parent=717500"}],"wp:term":[{"taxonomy":"product_brand","embeddable":true,"href":"https:\/\/roveyayinevi.com.tr\/index.php\/wp-json\/wp\/v2\/product_brand?post=717500"},{"taxonomy":"product_cat","embeddable":true,"href":"https:\/\/roveyayinevi.com.tr\/index.php\/wp-json\/wp\/v2\/product_cat?post=717500"},{"taxonomy":"product_tag","embeddable":true,"href":"https:\/\/roveyayinevi.com.tr\/index.php\/wp-json\/wp\/v2\/product_tag?post=717500"}],"curies":[{"name":"wp","href":"https:\/\/api.w.org\/{rel}","templated":true}]}}