{"id":717499,"date":"2025-08-27T17:56:12","date_gmt":"2025-08-27T14:56:12","guid":{"rendered":"https:\/\/roveyayinevi.com.tr\/index.php\/urun\/dogada-resimli-sozlugum-dunyayi-ogreniyorum\/"},"modified":"2026-04-16T02:25:47","modified_gmt":"2026-04-15T23:25:47","slug":"dogada-resimli-sozlugum-dunyayi-ogreniyorum","status":"publish","type":"product","link":"https:\/\/roveyayinevi.com.tr\/index.php\/urun\/dogada-resimli-sozlugum-dunyayi-ogreniyorum\/","title":{"rendered":"Do\u011fada Resimli S\u00f6zl\u00fc\u011f\u00fcm &#8211; D\u00fcnyay\u0131 \u00d6\u011freniyorum"},"content":{"rendered":"<p>G\u00f6lde, ormanda, \u00e7ay\u0131rda veya denizde, yani \u00e7e\u015fitli ya\u015fam alanlar\u0131nda heyecan verici bitkiler ve hayvanlar sizi bekliyor. Karahindiba nas\u0131l bir bitkidir? Porsuk ailesi nas\u0131l bir evde ya\u015far? Alaca bayku\u015f gecenin karanl\u0131\u011f\u0131nda ne yapar? Pisi bal\u0131\u011f\u0131 kediye mi benzer? \u00c7ocuklar do\u011fayla ilgili kavramlar\u0131 ve s\u00f6zc\u00fckleri e\u011flenerek ke\u015ffedecekler.<\/p>\n","protected":false},"excerpt":{"rendered":"<p>G\u00f6lde, ormanda, \u00e7ay\u0131rda veya denizde, yani \u00e7e\u015fitli ya\u015fam alanlar\u0131nda heyecan verici bitkiler ve hayvanlar sizi bekliyor. Karahindiba nas\u0131l bir bitkidir? Porsuk ailesi nas\u0131l bir evde ya\u015far?<span class=\"excerpt-hellip\"> [\u2026]<\/span><\/p>\n","protected":false},"featured_media":0,"template":"","meta":{"_monsterinsights_skip_tracking":false,"_monsterinsights_sitenote_active":false,"_monsterinsights_sitenote_note":"","_monsterinsights_sitenote_category":0},"product_brand":[],"product_cat":[12274,12518],"product_tag":[],"class_list":{"0":"post-717499","1":"product","2":"type-product","3":"status-publish","5":"product_cat-cocuk-ve-genclik-kitaplari","6":"product_cat-okul-oncesi-kitaplar","7":"pa_cilt-ciltsiz","8":"pa_tur-kitap","9":"pa_yayinevi-is-bankasi-kultur-yayinlari","10":"pa_yazar-barbel-oftring","12":"first","13":"instock","14":"sale","15":"shipping-taxable","16":"purchasable","17":"product-type-simple"},"_links":{"self":[{"href":"https:\/\/roveyayinevi.com.tr\/index.php\/wp-json\/wp\/v2\/product\/717499","targetHints":{"allow":["GET"]}}],"collection":[{"href":"https:\/\/roveyayinevi.com.tr\/index.php\/wp-json\/wp\/v2\/product"}],"about":[{"href":"https:\/\/roveyayinevi.com.tr\/index.php\/wp-json\/wp\/v2\/types\/product"}],"wp:attachment":[{"href":"https:\/\/roveyayinevi.com.tr\/index.php\/wp-json\/wp\/v2\/media?parent=717499"}],"wp:term":[{"taxonomy":"product_brand","embeddable":true,"href":"https:\/\/roveyayinevi.com.tr\/index.php\/wp-json\/wp\/v2\/product_brand?post=717499"},{"taxonomy":"product_cat","embeddable":true,"href":"https:\/\/roveyayinevi.com.tr\/index.php\/wp-json\/wp\/v2\/product_cat?post=717499"},{"taxonomy":"product_tag","embeddable":true,"href":"https:\/\/roveyayinevi.com.tr\/index.php\/wp-json\/wp\/v2\/product_tag?post=717499"}],"curies":[{"name":"wp","href":"https:\/\/api.w.org\/{rel}","templated":true}]}}