{"id":717495,"date":"2025-08-27T17:56:09","date_gmt":"2025-08-27T14:56:09","guid":{"rendered":"https:\/\/roveyayinevi.com.tr\/index.php\/urun\/ingiliz-edebiyati-101\/"},"modified":"2026-04-16T02:25:47","modified_gmt":"2026-04-15T23:25:47","slug":"ingiliz-edebiyati-101","status":"publish","type":"product","link":"https:\/\/roveyayinevi.com.tr\/index.php\/urun\/ingiliz-edebiyati-101\/","title":{"rendered":"\u0130ngiliz Edebiyat\u0131 101"},"content":{"rendered":"<p>Chaucer\u2019dan Orwell\u2019a Beowulf\u2019tan Y\u00fcz\u00fcklerin Efendisi\u2019ne dek belli ba\u015fl\u0131 yazar ve eserleri k\u0131sa k\u0131sa inceleyen \u0130ngiliz Edebiyat\u0131 101 yakla\u015f\u0131k 1500 y\u0131ll\u0131k bir s\u00fcre i\u00e7inde \u0130ngiltere\u2019de hangi edebiyat bi\u00e7im, \u00fcslup ve tekniklerinin, hangi fikir ve temalar\u0131n kullan\u0131ld\u0131\u011f\u0131 konusunda sizi ayd\u0131nlat\u0131yor. Ayn\u0131 zamanda yazar ve \u015fairlerin ya\u015famlar\u0131ndan \u00e7ok ilgin\u00e7 kesitlere de yer veriyor, \u00f6nemli eserlerin nas\u0131l ve hangi ko\u015fullarda yaz\u0131ld\u0131klar\u0131na \u0131\u015f\u0131k tutuyor. Mary Shelley, Charles Dickens, Jane Austen ve Daniel Defoe gibi yazarlar\u0131 Frankenstein, Ebenezer Scrooge, Bay Darcy ve Robinson Crusoe gibi evrenselle\u015fmi\u015f karakterleri yaratmaya iten motivasyonlar\u0131 ele al\u0131yor. Edebiyat merakl\u0131lar\u0131 bir okuma k\u0131lavuzu niteli\u011fini de ta\u015f\u0131yan bu kitab\u0131 \u00e7ok be\u011fenecek. <\/p>\n","protected":false},"excerpt":{"rendered":"<p>Chaucer\u2019dan Orwell\u2019a Beowulf\u2019tan Y\u00fcz\u00fcklerin Efendisi\u2019ne dek belli ba\u015fl\u0131 yazar ve eserleri k\u0131sa k\u0131sa inceleyen \u0130ngiliz Edebiyat\u0131 101 yakla\u015f\u0131k 1500 y\u0131ll\u0131k bir s\u00fcre i\u00e7inde \u0130ngiltere\u2019de hangi edebiyat<span class=\"excerpt-hellip\"> [\u2026]<\/span><\/p>\n","protected":false},"featured_media":0,"template":"","meta":{"_monsterinsights_skip_tracking":false,"_monsterinsights_sitenote_active":false,"_monsterinsights_sitenote_note":"","_monsterinsights_sitenote_category":0},"product_brand":[],"product_cat":[12370,12304],"product_tag":[],"class_list":{"0":"post-717495","1":"product","2":"type-product","3":"status-publish","5":"product_cat-arastirma-inceleme","6":"product_cat-tarih","7":"pa_cilt-ciltsiz","8":"pa_tur-kitap","9":"pa_yayinevi-say-yayinlari","10":"pa_yazar-brian-boone","12":"first","13":"instock","14":"sale","15":"shipping-taxable","16":"purchasable","17":"product-type-simple"},"_links":{"self":[{"href":"https:\/\/roveyayinevi.com.tr\/index.php\/wp-json\/wp\/v2\/product\/717495","targetHints":{"allow":["GET"]}}],"collection":[{"href":"https:\/\/roveyayinevi.com.tr\/index.php\/wp-json\/wp\/v2\/product"}],"about":[{"href":"https:\/\/roveyayinevi.com.tr\/index.php\/wp-json\/wp\/v2\/types\/product"}],"wp:attachment":[{"href":"https:\/\/roveyayinevi.com.tr\/index.php\/wp-json\/wp\/v2\/media?parent=717495"}],"wp:term":[{"taxonomy":"product_brand","embeddable":true,"href":"https:\/\/roveyayinevi.com.tr\/index.php\/wp-json\/wp\/v2\/product_brand?post=717495"},{"taxonomy":"product_cat","embeddable":true,"href":"https:\/\/roveyayinevi.com.tr\/index.php\/wp-json\/wp\/v2\/product_cat?post=717495"},{"taxonomy":"product_tag","embeddable":true,"href":"https:\/\/roveyayinevi.com.tr\/index.php\/wp-json\/wp\/v2\/product_tag?post=717495"}],"curies":[{"name":"wp","href":"https:\/\/api.w.org\/{rel}","templated":true}]}}