{"id":717490,"date":"2025-08-27T17:56:06","date_gmt":"2025-08-27T14:56:06","guid":{"rendered":"https:\/\/roveyayinevi.com.tr\/index.php\/urun\/cizgi-tamamlama-etkinlikleri-a3\/"},"modified":"2025-12-30T10:20:20","modified_gmt":"2025-12-30T07:20:20","slug":"cizgi-tamamlama-etkinlikleri-a3","status":"publish","type":"product","link":"https:\/\/roveyayinevi.com.tr\/index.php\/urun\/cizgi-tamamlama-etkinlikleri-a3\/","title":{"rendered":"\u00c7izgi Tamamlama Etkinlikleri (A3)"},"content":{"rendered":"<p>Bu kitap, 5-7 ya\u015f \u00e7ocuklar\u0131n\u0131n yarat\u0131c\u0131l\u0131\u011f\u0131n\u0131 geli\u015ftirmek amac\u0131yla haz\u0131rlanm\u0131\u015ft\u0131r. Kitab\u0131m\u0131z\u0131n her sayfas\u0131nda tamamlanmam\u0131\u015f \u00e7izgiler ve \u015fekiller vard\u0131r. \u00e7ocuklardan bu \u00e7izgileri veya \u015fekilleri hayal g\u00fc\u00e7lerini ve yarat\u0131c\u0131l\u0131klar\u0131n\u0131 kullanarak tamamlay\u0131p resim yapmalar\u0131 istenmektedir. Bu kitab\u0131m\u0131zda \u00e7ocuklara K\u0131t\u0131r ile P\u0131t\u0131r isimli iki kedi e\u015flik etmektedir. K\u0131t\u0131r ile P\u0131t\u0131r \u0131n y\u00f6nlendirmelerine g\u00f6re \u00e7ocuklar\u0131n \u00e7izgileri tamamlay\u0131p resim yapmas\u0131 istenmektedir. Verilen \u00e7izgiyi \u00e7ocuk ilk \u00f6nceleri bir \u015feylere d\u00f6n\u00fc\u015ft\u00fcrmekte veya benzetmekte zorlanabilir. \u00e7ocuklardan \u00f6nce \u00e7izgiyi dikkatli bir \u015fekilde incelemeleri istenmelidir. Daha sonra y\u00f6nerge onlara dikkatli bir \u015fekilde okunmal\u0131d\u0131r. \u0130lk \u00e7al\u0131\u015fmalarda gerekirse y\u00f6nerge biraz daha ayr\u0131nt\u0131l\u0131 a\u00e7\u0131klanmal\u0131 ve ipu\u00e7lar\u0131 verilmelidir. Ama asla do\u011frudan fikir verilmemelidir.<\/p>\n","protected":false},"excerpt":{"rendered":"<p>Bu kitap, 5-7 ya\u015f \u00e7ocuklar\u0131n\u0131n yarat\u0131c\u0131l\u0131\u011f\u0131n\u0131 geli\u015ftirmek amac\u0131yla haz\u0131rlanm\u0131\u015ft\u0131r. Kitab\u0131m\u0131z\u0131n her sayfas\u0131nda tamamlanmam\u0131\u015f \u00e7izgiler ve \u015fekiller vard\u0131r. \u00e7ocuklardan bu \u00e7izgileri veya \u015fekilleri hayal g\u00fc\u00e7lerini ve yarat\u0131c\u0131l\u0131klar\u0131n\u0131<span class=\"excerpt-hellip\"> [\u2026]<\/span><\/p>\n","protected":false},"featured_media":0,"template":"","meta":{"_monsterinsights_skip_tracking":false,"_monsterinsights_sitenote_active":false,"_monsterinsights_sitenote_note":"","_monsterinsights_sitenote_category":0},"product_brand":[],"product_cat":[12274,12631],"product_tag":[],"class_list":{"0":"post-717490","1":"product","2":"type-product","3":"status-publish","5":"product_cat-cocuk-ve-genclik-kitaplari","6":"product_cat-diger-cocuk-ve-genclik-kitaplari","7":"pa_cilt-ciltsiz","8":"pa_tur-kitap","9":"pa_yayinevi-kok-yayinevi","10":"pa_yazar-vesile-yildiz","12":"first","13":"instock","14":"sale","15":"shipping-taxable","16":"purchasable","17":"product-type-simple"},"_links":{"self":[{"href":"https:\/\/roveyayinevi.com.tr\/index.php\/wp-json\/wp\/v2\/product\/717490","targetHints":{"allow":["GET"]}}],"collection":[{"href":"https:\/\/roveyayinevi.com.tr\/index.php\/wp-json\/wp\/v2\/product"}],"about":[{"href":"https:\/\/roveyayinevi.com.tr\/index.php\/wp-json\/wp\/v2\/types\/product"}],"wp:attachment":[{"href":"https:\/\/roveyayinevi.com.tr\/index.php\/wp-json\/wp\/v2\/media?parent=717490"}],"wp:term":[{"taxonomy":"product_brand","embeddable":true,"href":"https:\/\/roveyayinevi.com.tr\/index.php\/wp-json\/wp\/v2\/product_brand?post=717490"},{"taxonomy":"product_cat","embeddable":true,"href":"https:\/\/roveyayinevi.com.tr\/index.php\/wp-json\/wp\/v2\/product_cat?post=717490"},{"taxonomy":"product_tag","embeddable":true,"href":"https:\/\/roveyayinevi.com.tr\/index.php\/wp-json\/wp\/v2\/product_tag?post=717490"}],"curies":[{"name":"wp","href":"https:\/\/api.w.org\/{rel}","templated":true}]}}