{"id":717489,"date":"2025-08-27T17:56:05","date_gmt":"2025-08-27T14:56:05","guid":{"rendered":"https:\/\/roveyayinevi.com.tr\/index.php\/urun\/sevimli-kedi-evini-kesfediyor\/"},"modified":"2026-04-16T02:25:47","modified_gmt":"2026-04-15T23:25:47","slug":"sevimli-kedi-evini-kesfediyor","status":"publish","type":"product","link":"https:\/\/roveyayinevi.com.tr\/index.php\/urun\/sevimli-kedi-evini-kesfediyor\/","title":{"rendered":"Sevimli Kedi Evini Ke\u015ffediyor"},"content":{"rendered":"<p>\u00c7ocu\u011funuza bu kitaptaki canl\u0131 resimlerle ge\u00e7en ev e\u015fyalar\u0131n\u0131 bulmas\u0131na yard\u0131m edin.E\u011flenerek \u00e7ocu\u011funuzun geli\u015fimi ve \u00f6\u011frenmesini destekledi\u011finizde , onunla vakit ge\u00e7irmek sizin de ho\u015funuza gidecektir.<\/p>\n","protected":false},"excerpt":{"rendered":"<p>\u00c7ocu\u011funuza bu kitaptaki canl\u0131 resimlerle ge\u00e7en ev e\u015fyalar\u0131n\u0131 bulmas\u0131na yard\u0131m edin.E\u011flenerek \u00e7ocu\u011funuzun geli\u015fimi ve \u00f6\u011frenmesini destekledi\u011finizde , onunla vakit ge\u00e7irmek sizin de ho\u015funuza gidecektir.<\/p>\n","protected":false},"featured_media":0,"template":"","meta":{"_monsterinsights_skip_tracking":false,"_monsterinsights_sitenote_active":false,"_monsterinsights_sitenote_note":"","_monsterinsights_sitenote_category":0},"product_brand":[],"product_cat":[15192,12274],"product_tag":[],"class_list":{"0":"post-717489","1":"product","2":"type-product","3":"status-publish","5":"product_cat-1-3-yas-kitaplari","6":"product_cat-cocuk-ve-genclik-kitaplari","7":"pa_cilt-ciltsiz","8":"pa_tur-kitap","9":"pa_yayinevi-dikkat-atolyesi-yayinlari","10":"pa_yazar-kolektif","12":"first","13":"instock","14":"sale","15":"shipping-taxable","16":"purchasable","17":"product-type-simple"},"_links":{"self":[{"href":"https:\/\/roveyayinevi.com.tr\/index.php\/wp-json\/wp\/v2\/product\/717489","targetHints":{"allow":["GET"]}}],"collection":[{"href":"https:\/\/roveyayinevi.com.tr\/index.php\/wp-json\/wp\/v2\/product"}],"about":[{"href":"https:\/\/roveyayinevi.com.tr\/index.php\/wp-json\/wp\/v2\/types\/product"}],"wp:attachment":[{"href":"https:\/\/roveyayinevi.com.tr\/index.php\/wp-json\/wp\/v2\/media?parent=717489"}],"wp:term":[{"taxonomy":"product_brand","embeddable":true,"href":"https:\/\/roveyayinevi.com.tr\/index.php\/wp-json\/wp\/v2\/product_brand?post=717489"},{"taxonomy":"product_cat","embeddable":true,"href":"https:\/\/roveyayinevi.com.tr\/index.php\/wp-json\/wp\/v2\/product_cat?post=717489"},{"taxonomy":"product_tag","embeddable":true,"href":"https:\/\/roveyayinevi.com.tr\/index.php\/wp-json\/wp\/v2\/product_tag?post=717489"}],"curies":[{"name":"wp","href":"https:\/\/api.w.org\/{rel}","templated":true}]}}