{"id":717487,"date":"2025-08-27T17:56:04","date_gmt":"2025-08-27T14:56:04","guid":{"rendered":"https:\/\/roveyayinevi.com.tr\/index.php\/urun\/uyku-zamani\/"},"modified":"2026-04-16T02:25:47","modified_gmt":"2026-04-15T23:25:47","slug":"uyku-zamani","status":"publish","type":"product","link":"https:\/\/roveyayinevi.com.tr\/index.php\/urun\/uyku-zamani\/","title":{"rendered":"Uyku Zaman\u0131"},"content":{"rendered":"<p>Bebekler ve \u00e7ocuklar i\u00e7in geli\u015ftirirlen bu kitaptaki bulmaca ve hikayeleri okurken \u00e7ocu\u011funuza nesneleri bulmada yard\u0131mc\u0131 olun.Ayr\u0131ca bu kitapta \u00e7ocu\u011funuza ilk defa gizli objeleri bulma deneyiminde anlamas\u0131n\u0131 sa\u011flayacak , size yol g\u00f6sterecek ipu\u00e7lar\u0131n\u0131 bulacaks\u0131n\u0131z.<\/p>\n","protected":false},"excerpt":{"rendered":"<p>Bebekler ve \u00e7ocuklar i\u00e7in geli\u015ftirirlen bu kitaptaki bulmaca ve hikayeleri okurken \u00e7ocu\u011funuza nesneleri bulmada yard\u0131mc\u0131 olun.Ayr\u0131ca bu kitapta \u00e7ocu\u011funuza ilk defa gizli objeleri bulma deneyiminde anlamas\u0131n\u0131<span class=\"excerpt-hellip\"> [\u2026]<\/span><\/p>\n","protected":false},"featured_media":0,"template":"","meta":{"_monsterinsights_skip_tracking":false,"_monsterinsights_sitenote_active":false,"_monsterinsights_sitenote_note":"","_monsterinsights_sitenote_category":0},"product_brand":[],"product_cat":[15192,12274],"product_tag":[],"class_list":{"0":"post-717487","1":"product","2":"type-product","3":"status-publish","5":"product_cat-1-3-yas-kitaplari","6":"product_cat-cocuk-ve-genclik-kitaplari","7":"pa_cilt-ciltsiz","8":"pa_tur-kitap","9":"pa_yayinevi-dikkat-atolyesi-yayinlari","10":"pa_yazar-kolektif","12":"first","13":"instock","14":"sale","15":"shipping-taxable","16":"purchasable","17":"product-type-simple"},"_links":{"self":[{"href":"https:\/\/roveyayinevi.com.tr\/index.php\/wp-json\/wp\/v2\/product\/717487","targetHints":{"allow":["GET"]}}],"collection":[{"href":"https:\/\/roveyayinevi.com.tr\/index.php\/wp-json\/wp\/v2\/product"}],"about":[{"href":"https:\/\/roveyayinevi.com.tr\/index.php\/wp-json\/wp\/v2\/types\/product"}],"wp:attachment":[{"href":"https:\/\/roveyayinevi.com.tr\/index.php\/wp-json\/wp\/v2\/media?parent=717487"}],"wp:term":[{"taxonomy":"product_brand","embeddable":true,"href":"https:\/\/roveyayinevi.com.tr\/index.php\/wp-json\/wp\/v2\/product_brand?post=717487"},{"taxonomy":"product_cat","embeddable":true,"href":"https:\/\/roveyayinevi.com.tr\/index.php\/wp-json\/wp\/v2\/product_cat?post=717487"},{"taxonomy":"product_tag","embeddable":true,"href":"https:\/\/roveyayinevi.com.tr\/index.php\/wp-json\/wp\/v2\/product_tag?post=717487"}],"curies":[{"name":"wp","href":"https:\/\/api.w.org\/{rel}","templated":true}]}}