{"id":717480,"date":"2025-08-27T17:55:59","date_gmt":"2025-08-27T14:55:59","guid":{"rendered":"https:\/\/roveyayinevi.com.tr\/index.php\/urun\/internet-bagimliligi\/"},"modified":"2026-04-16T02:25:46","modified_gmt":"2026-04-15T23:25:46","slug":"internet-bagimliligi","status":"publish","type":"product","link":"https:\/\/roveyayinevi.com.tr\/index.php\/urun\/internet-bagimliligi\/","title":{"rendered":"\u0130nternet Ba\u011f\u0131ml\u0131l\u0131\u011f\u0131"},"content":{"rendered":"<p>\u0130nternetsiz bir hayat hayal etmek art\u0131k neredeyse m\u00fcmk\u00fcn de\u011fil, en az\u0131ndan \u015fehirde ya\u015fayan geni\u015f kesimler i\u00e7in bunu rahatl\u0131kla s\u00f6yleyebiliriz. Fatura \u00f6demek, al\u0131\u015fveri\u015f yapmak, gazete okumak gibi pratik i\u015fler bir yana, sosyal medyay\u0131 takip etmek, oyun oynamak, dizi ve film izlemek i\u00e7in de her ge\u00e7en g\u00fcn daha fazla kullan\u0131yoruz interneti. \u00d6yle ki, tatilde bile sanal d\u00fcnyadan uzak kalmak bir\u00e7o\u011fumuz i\u00e7in rahats\u0131zl\u0131\u011fa, hatta bir t\u00fcr yoksunlu\u011fa sebep oluyor.  \u0130nterneti makul d\u00fczeyde ve anlaml\u0131 bir \u015fekilde kullanmak hayat\u0131 kolayla\u015ft\u0131r\u0131yor ama ya a\u015f\u0131r\u0131 kullan\u0131m\u0131? Hakikaten, ne kadardan sonras\u0131 a\u015f\u0131r\u0131 kullan\u0131m say\u0131l\u0131r? G\u00fcnde \u00fc\u00e7 ya da d\u00f6rt saat mi, daha fazlas\u0131 m\u0131? Peki i\u015f veya okul gere\u011fi internette \u201czorunlu olarak\u201d ge\u00e7irilen saatler bu s\u00fcreye dahil midir? Hangi a\u015famadan itibaren internet ba\u011f\u0131ml\u0131l\u0131\u011f\u0131ndan s\u00f6z etmek gerekir? Ma\u011fdurlar ve yak\u0131nlar\u0131 bu rahats\u0131zl\u0131ktan nas\u0131l etkilenir? \u0130nternet ba\u011f\u0131ml\u0131s\u0131 ki\u015filer ne t\u00fcr bedensel, sosyal ve psikolojik sorunlarla kar\u015f\u0131la\u015f\u0131rlar? Ki\u015fiyi internet ba\u011f\u0131ml\u0131l\u0131\u011f\u0131na s\u00fcr\u00fckleyen nedenler nelerdir? Ger\u00e7eklik ile sanall\u0131\u011f\u0131n birbirinden ayr\u0131lamaz hale geldi\u011fi noktada ba\u011f\u0131ml\u0131lar ne ya\u015far? Medya okur yazarl\u0131\u011f\u0131, internet ba\u011f\u0131ml\u0131l\u0131\u011f\u0131na kar\u015f\u0131 koruyucu bir kalkan olabilir mi? Aileler \u00e7ocuklar\u0131n\u0131 korumak i\u00e7in ba\u015fka ne t\u00fcr \u00f6nlemler alabilir? \u0130nternet ba\u011f\u0131ml\u0131l\u0131\u011f\u0131 konusunda uzman bir klinikte uzun y\u0131llard\u0131r ba\u015fhekim olarak g\u00f6rev yapan Holger Feindel, bu kitapta internet ba\u011f\u0131ml\u0131l\u0131\u011f\u0131n\u0131 normal internet kullan\u0131m\u0131ndan ay\u0131ran \u00f6zellikleri ortaya koyuyor. Bir\u00e7ok \u00f6rnek vaka e\u015fli\u011finde risk grubundaki ki\u015fileri, tedavi yollar\u0131n\u0131, sanal sarmal\u0131ndan ger\u00e7ek hayata geri d\u00f6n\u00fc\u015f yollar\u0131n\u0131 anlat\u0131yor. Bu dertten mustarip ki\u015filer ve yak\u0131nlar\u0131 i\u00e7in vazge\u00e7ilmez bir rehber\u2026 <\/p>\n","protected":false},"excerpt":{"rendered":"<p>\u0130nternetsiz bir hayat hayal etmek art\u0131k neredeyse m\u00fcmk\u00fcn de\u011fil, en az\u0131ndan \u015fehirde ya\u015fayan geni\u015f kesimler i\u00e7in bunu rahatl\u0131kla s\u00f6yleyebiliriz. Fatura \u00f6demek, al\u0131\u015fveri\u015f yapmak, gazete okumak gibi<span class=\"excerpt-hellip\"> [\u2026]<\/span><\/p>\n","protected":false},"featured_media":0,"template":"","meta":{"_monsterinsights_skip_tracking":false,"_monsterinsights_sitenote_active":false,"_monsterinsights_sitenote_note":"","_monsterinsights_sitenote_category":0},"product_brand":[],"product_cat":[12755,12357],"product_tag":[],"class_list":{"0":"post-717480","1":"product","2":"type-product","3":"status-publish","5":"product_cat-gelisim-psikolojisi","6":"product_cat-psikoloji","7":"pa_cilt-ciltsiz","8":"pa_tur-kitap","9":"pa_yayinevi-iletisim-yayinlari","10":"pa_yazar-holger-feindel","12":"first","13":"instock","14":"sale","15":"shipping-taxable","16":"purchasable","17":"product-type-simple"},"_links":{"self":[{"href":"https:\/\/roveyayinevi.com.tr\/index.php\/wp-json\/wp\/v2\/product\/717480","targetHints":{"allow":["GET"]}}],"collection":[{"href":"https:\/\/roveyayinevi.com.tr\/index.php\/wp-json\/wp\/v2\/product"}],"about":[{"href":"https:\/\/roveyayinevi.com.tr\/index.php\/wp-json\/wp\/v2\/types\/product"}],"wp:attachment":[{"href":"https:\/\/roveyayinevi.com.tr\/index.php\/wp-json\/wp\/v2\/media?parent=717480"}],"wp:term":[{"taxonomy":"product_brand","embeddable":true,"href":"https:\/\/roveyayinevi.com.tr\/index.php\/wp-json\/wp\/v2\/product_brand?post=717480"},{"taxonomy":"product_cat","embeddable":true,"href":"https:\/\/roveyayinevi.com.tr\/index.php\/wp-json\/wp\/v2\/product_cat?post=717480"},{"taxonomy":"product_tag","embeddable":true,"href":"https:\/\/roveyayinevi.com.tr\/index.php\/wp-json\/wp\/v2\/product_tag?post=717480"}],"curies":[{"name":"wp","href":"https:\/\/api.w.org\/{rel}","templated":true}]}}