{"id":717479,"date":"2025-08-27T17:55:58","date_gmt":"2025-08-27T14:55:58","guid":{"rendered":"https:\/\/roveyayinevi.com.tr\/index.php\/urun\/her-sey-hicbir-seyden\/"},"modified":"2026-04-16T02:25:46","modified_gmt":"2026-04-15T23:25:46","slug":"her-sey-hicbir-seyden","status":"publish","type":"product","link":"https:\/\/roveyayinevi.com.tr\/index.php\/urun\/her-sey-hicbir-seyden\/","title":{"rendered":"Her \u015fey Hi\u00e7bir \u015eeyden"},"content":{"rendered":"<p>&#8220;Neden bu kadar zay\u0131ft\u0131k kazan\u0131rken ve kaybederken? Ne \u00e7ok ihtiyac\u0131m\u0131z vard\u0131 b\u00f6yle, ne \u00e7ok derdimiz ve arzular\u0131m\u0131z vard\u0131&#8230; \u0130nsan \u00fcreten bir \u015firket olsayd\u0131, ilk insandan hemen sonra \u00fcretimi durdururdu muhakkak.&#8221; &#8220;\u00d6l\u00fcmden sonras\u0131 \u00f6nemli de\u011fildi. O sadece bir yok olu\u015ftu. Kesin bir son. Tekrar\u0131 olmayan bir yol&#8230; Ve bu y\u00fczden bir kurtulu\u015f ve bu y\u00fczden g\u00fczel.&#8221; <\/p>\n","protected":false},"excerpt":{"rendered":"<p>&#8220;Neden bu kadar zay\u0131ft\u0131k kazan\u0131rken ve kaybederken? Ne \u00e7ok ihtiyac\u0131m\u0131z vard\u0131 b\u00f6yle, ne \u00e7ok derdimiz ve arzular\u0131m\u0131z vard\u0131&#8230; \u0130nsan \u00fcreten bir \u015firket olsayd\u0131, ilk insandan hemen<span class=\"excerpt-hellip\"> [\u2026]<\/span><\/p>\n","protected":false},"featured_media":0,"template":"","meta":{"_monsterinsights_skip_tracking":false,"_monsterinsights_sitenote_active":false,"_monsterinsights_sitenote_note":"","_monsterinsights_sitenote_category":0},"product_brand":[],"product_cat":[12291,12711],"product_tag":[],"class_list":{"0":"post-717479","1":"product","2":"type-product","3":"status-publish","5":"product_cat-edebiyat","6":"product_cat-roman-oyku","7":"pa_cilt-ciltsiz","8":"pa_tur-kitap","9":"pa_yayinevi-luna-yayinlari","10":"pa_yazar-kadir-uslu","12":"first","13":"instock","14":"sale","15":"shipping-taxable","16":"purchasable","17":"product-type-simple"},"_links":{"self":[{"href":"https:\/\/roveyayinevi.com.tr\/index.php\/wp-json\/wp\/v2\/product\/717479","targetHints":{"allow":["GET"]}}],"collection":[{"href":"https:\/\/roveyayinevi.com.tr\/index.php\/wp-json\/wp\/v2\/product"}],"about":[{"href":"https:\/\/roveyayinevi.com.tr\/index.php\/wp-json\/wp\/v2\/types\/product"}],"wp:attachment":[{"href":"https:\/\/roveyayinevi.com.tr\/index.php\/wp-json\/wp\/v2\/media?parent=717479"}],"wp:term":[{"taxonomy":"product_brand","embeddable":true,"href":"https:\/\/roveyayinevi.com.tr\/index.php\/wp-json\/wp\/v2\/product_brand?post=717479"},{"taxonomy":"product_cat","embeddable":true,"href":"https:\/\/roveyayinevi.com.tr\/index.php\/wp-json\/wp\/v2\/product_cat?post=717479"},{"taxonomy":"product_tag","embeddable":true,"href":"https:\/\/roveyayinevi.com.tr\/index.php\/wp-json\/wp\/v2\/product_tag?post=717479"}],"curies":[{"name":"wp","href":"https:\/\/api.w.org\/{rel}","templated":true}]}}