{"id":717474,"date":"2025-08-27T17:55:54","date_gmt":"2025-08-27T14:55:54","guid":{"rendered":"https:\/\/roveyayinevi.com.tr\/index.php\/urun\/yakin-2\/"},"modified":"2026-04-06T02:37:53","modified_gmt":"2026-04-05T23:37:53","slug":"yakin-2","status":"publish","type":"product","link":"https:\/\/roveyayinevi.com.tr\/index.php\/urun\/yakin-2\/","title":{"rendered":"Yak\u0131n"},"content":{"rendered":"<p>Bilimkurgu edebiyat\u0131n\u0131n en b\u00fcy\u00fck ustalar\u0131ndan Octavia E. Butler\u2019\u0131n ba\u015fyap\u0131t\u0131 Yak\u0131n, ilk kez T\u00fcrk\u00e7ede. \u201cOctavia E. Butler upuzun bir s\u00fcre boyunca unutulmayacak bir yazar. Yak\u0131n ise nadir bulunan, b\u00fcy\u00fcl\u00fc bir eser.\u201dHarlan Ellison \u201cButler, yirminci y\u00fczy\u0131l\u0131n en b\u00fcy\u00fck edebi sanat\u00e7\u0131lar\u0131ndan biri.\u201d Junot Diaz \u201cYak\u0131n, bilimkurgu edebiyat\u0131nda neler yap\u0131labilece\u011finin en iyi kan\u0131t\u0131.\u201d Walter Mosley <\/p>\n","protected":false},"excerpt":{"rendered":"<p>Bilimkurgu edebiyat\u0131n\u0131n en b\u00fcy\u00fck ustalar\u0131ndan Octavia E. Butler\u2019\u0131n ba\u015fyap\u0131t\u0131 Yak\u0131n, ilk kez T\u00fcrk\u00e7ede. \u201cOctavia E. Butler upuzun bir s\u00fcre boyunca unutulmayacak bir yazar. Yak\u0131n ise nadir<span class=\"excerpt-hellip\"> [\u2026]<\/span><\/p>\n","protected":false},"featured_media":0,"template":"","meta":{"_monsterinsights_skip_tracking":false,"_monsterinsights_sitenote_active":false,"_monsterinsights_sitenote_note":"","_monsterinsights_sitenote_category":0},"product_brand":[],"product_cat":[12291,14777],"product_tag":[],"class_list":{"0":"post-717474","1":"product","2":"type-product","3":"status-publish","5":"product_cat-edebiyat","6":"product_cat-fantastik","7":"pa_cilt-ciltsiz","8":"pa_tur-kitap","9":"pa_yayinevi-ithaki-yayinlari","10":"pa_yazar-octavia-e-butler","12":"first","13":"instock","14":"sale","15":"shipping-taxable","16":"purchasable","17":"product-type-simple"},"_links":{"self":[{"href":"https:\/\/roveyayinevi.com.tr\/index.php\/wp-json\/wp\/v2\/product\/717474","targetHints":{"allow":["GET"]}}],"collection":[{"href":"https:\/\/roveyayinevi.com.tr\/index.php\/wp-json\/wp\/v2\/product"}],"about":[{"href":"https:\/\/roveyayinevi.com.tr\/index.php\/wp-json\/wp\/v2\/types\/product"}],"wp:attachment":[{"href":"https:\/\/roveyayinevi.com.tr\/index.php\/wp-json\/wp\/v2\/media?parent=717474"}],"wp:term":[{"taxonomy":"product_brand","embeddable":true,"href":"https:\/\/roveyayinevi.com.tr\/index.php\/wp-json\/wp\/v2\/product_brand?post=717474"},{"taxonomy":"product_cat","embeddable":true,"href":"https:\/\/roveyayinevi.com.tr\/index.php\/wp-json\/wp\/v2\/product_cat?post=717474"},{"taxonomy":"product_tag","embeddable":true,"href":"https:\/\/roveyayinevi.com.tr\/index.php\/wp-json\/wp\/v2\/product_tag?post=717474"}],"curies":[{"name":"wp","href":"https:\/\/api.w.org\/{rel}","templated":true}]}}