{"id":717472,"date":"2025-08-27T17:55:53","date_gmt":"2025-08-27T14:55:53","guid":{"rendered":"https:\/\/roveyayinevi.com.tr\/index.php\/urun\/watership-tepesi\/"},"modified":"2026-04-16T02:25:46","modified_gmt":"2026-04-15T23:25:46","slug":"watership-tepesi","status":"publish","type":"product","link":"https:\/\/roveyayinevi.com.tr\/index.php\/urun\/watership-tepesi\/","title":{"rendered":"Watership Tepesi"},"content":{"rendered":"<p>Ke\u015fif ve m\u00fccadele \u00fczerine klasikle\u015fmi\u015f bir anlat\u0131. B\u00fcy\u00fcl\u00fc bir \u015fekilde yaz\u0131lm\u0131\u015f ve unutulmayacak bir eser. The New York Times \u201cT\u00fcm d\u00fcnya sizi \u00f6ld\u00fcrmek isteyebilir, ama \u00f6nce yakalamalar\u0131 gerekecek\u2026\u201d   Richard Adams\u2019a Carnegie Madalyas\u0131 kazand\u0131ran ba\u015fyap\u0131t\u0131 Watership Tepesi, kolonilerinden ayr\u0131l\u0131p kendilerine yeni bir ya\u015fam kurmaya \u00e7al\u0131\u015fan bir grup tav\u015fan\u0131n destans\u0131 yolculu\u011funu anlat\u0131yor. Do\u011fan\u0131n ve insanlar\u0131n ac\u0131mas\u0131zl\u0131\u011f\u0131yla tav\u015fanlar\u0131n dehas\u0131 aras\u0131ndaki bu \u00f6l\u00fcm kal\u0131m m\u00fccadelesi, gizem ve gerilim y\u00fckl\u00fc bir varolu\u015f sava\u015f\u0131na d\u00f6n\u00fc\u015f\u00fcyor. Nedir yapayaln\u0131z bir koloninin hayatta kalmas\u0131n\u0131 sa\u011flayan \u015fey; bilgi mi, g\u00fc\u00e7 m\u00fc, yoksa sadece \u015fans m\u0131? Richard Adams bir koloniyi koloni yapan \u015feyin ne oldu\u011funu g\u00f6stererek \u00e7\u00f6z\u00fcyor bu karanl\u0131k problemi. Korkuyla umut aras\u0131nda sal\u0131nan, i\u00e7g\u00fcd\u00fclerinizi harekete ge\u00e7irecek bir ka\u00e7\u0131\u015f \u00f6yk\u00fcs\u00fc anlat\u0131yor. Yay\u0131mland\u0131\u011f\u0131 g\u00fcnden bu yana Watership Tepesi\u2019ni bir ziyaret merkezi haline getiren, bir\u00e7ok kez TV ve sinemaya uyarlanan ve farkl\u0131 pop\u00fcler yap\u0131mlara ilham veren, t\u00fcm zamanlar\u0131n en iyi 100 kitab\u0131ndan biri se\u00e7ilen Watership Tepesi do\u011fa ve toplumla ili\u015fkimizi masals\u0131, berrak ve \u00e7arp\u0131c\u0131 bir dille sorguluyor.  <\/p>\n","protected":false},"excerpt":{"rendered":"<p>Ke\u015fif ve m\u00fccadele \u00fczerine klasikle\u015fmi\u015f bir anlat\u0131. B\u00fcy\u00fcl\u00fc bir \u015fekilde yaz\u0131lm\u0131\u015f ve unutulmayacak bir eser. The New York Times \u201cT\u00fcm d\u00fcnya sizi \u00f6ld\u00fcrmek isteyebilir, ama \u00f6nce<span class=\"excerpt-hellip\"> [\u2026]<\/span><\/p>\n","protected":false},"featured_media":0,"template":"","meta":{"_monsterinsights_skip_tracking":false,"_monsterinsights_sitenote_active":false,"_monsterinsights_sitenote_note":"","_monsterinsights_sitenote_category":0},"product_brand":[],"product_cat":[12540,12291],"product_tag":[],"class_list":{"0":"post-717472","1":"product","2":"type-product","3":"status-publish","5":"product_cat-bilim-kurgu","6":"product_cat-edebiyat","7":"pa_cilt-ciltsiz","8":"pa_tur-kitap","9":"pa_yayinevi-epsilon-yayinlari","10":"pa_yazar-richard-adams","12":"first","13":"instock","14":"sale","15":"shipping-taxable","16":"purchasable","17":"product-type-simple"},"_links":{"self":[{"href":"https:\/\/roveyayinevi.com.tr\/index.php\/wp-json\/wp\/v2\/product\/717472","targetHints":{"allow":["GET"]}}],"collection":[{"href":"https:\/\/roveyayinevi.com.tr\/index.php\/wp-json\/wp\/v2\/product"}],"about":[{"href":"https:\/\/roveyayinevi.com.tr\/index.php\/wp-json\/wp\/v2\/types\/product"}],"wp:attachment":[{"href":"https:\/\/roveyayinevi.com.tr\/index.php\/wp-json\/wp\/v2\/media?parent=717472"}],"wp:term":[{"taxonomy":"product_brand","embeddable":true,"href":"https:\/\/roveyayinevi.com.tr\/index.php\/wp-json\/wp\/v2\/product_brand?post=717472"},{"taxonomy":"product_cat","embeddable":true,"href":"https:\/\/roveyayinevi.com.tr\/index.php\/wp-json\/wp\/v2\/product_cat?post=717472"},{"taxonomy":"product_tag","embeddable":true,"href":"https:\/\/roveyayinevi.com.tr\/index.php\/wp-json\/wp\/v2\/product_tag?post=717472"}],"curies":[{"name":"wp","href":"https:\/\/api.w.org\/{rel}","templated":true}]}}