{"id":717467,"date":"2025-08-27T17:55:49","date_gmt":"2025-08-27T14:55:49","guid":{"rendered":"https:\/\/roveyayinevi.com.tr\/index.php\/urun\/islam-tarihinin-100u\/"},"modified":"2026-04-16T02:25:46","modified_gmt":"2026-04-15T23:25:46","slug":"islam-tarihinin-100u","status":"publish","type":"product","link":"https:\/\/roveyayinevi.com.tr\/index.php\/urun\/islam-tarihinin-100u\/","title":{"rendered":"\u0130slam Tarihinin 100&#8217;\u00fc"},"content":{"rendered":"<p>\u0130slam Tarihinin 100&#8217;\u00fc, Kavram Haritalar\u0131 Serisinin kitaplar\u0131ndan biri olarak haz\u0131rland\u0131. Bu seri, din\u00ee ilimlere ait kavramlar\u0131 100, 200 ve 300 kelimelik b\u00f6l\u00fcmlere ay\u0131rarak a\u00e7\u0131klamay\u0131 hedeflemektedir. &#8211; \u0130slam Tarihinin temel kavramlar\u0131n\u0131, s\u0131k\u0131lmadan ve ak\u0131c\u0131 bir bi\u00e7imde okuyabileceksiniz. Kavramlar\u0131 k\u0131sa ve net bir bi\u00e7imde \u00f6\u011frenmenin keyfine varacaks\u0131n\u0131zHarf s\u0131ras\u0131na g\u00f6re de\u011fil, \u00f6nem s\u0131ras\u0131na g\u00f6re bir ak\u0131\u015f tercih edildi\u011fi i\u00e7in kavramlar\u0131 kolayca anlayabileceksiniz. Kavramlar\u0131n farkl\u0131 dillerdeki kar\u015f\u0131l\u0131klar\u0131n\u0131 bulabileceksiniz.Sizlere sundu\u011fumuz bu seriyle, alanla ilgili ciddi bir birikime ve \u0130slam k\u00fclt\u00fcr\u00fcn\u00fcn zihin evrenine sahip olacaks\u0131n\u0131z.<\/p>\n","protected":false},"excerpt":{"rendered":"<p>\u0130slam Tarihinin 100&#8217;\u00fc, Kavram Haritalar\u0131 Serisinin kitaplar\u0131ndan biri olarak haz\u0131rland\u0131. Bu seri, din\u00ee ilimlere ait kavramlar\u0131 100, 200 ve 300 kelimelik b\u00f6l\u00fcmlere ay\u0131rarak a\u00e7\u0131klamay\u0131 hedeflemektedir. &#8211;<span class=\"excerpt-hellip\"> [\u2026]<\/span><\/p>\n","protected":false},"featured_media":0,"template":"","meta":{"_monsterinsights_skip_tracking":false,"_monsterinsights_sitenote_active":false,"_monsterinsights_sitenote_note":"","_monsterinsights_sitenote_category":0},"product_brand":[],"product_cat":[12718,12719,18109],"product_tag":[],"class_list":{"0":"post-717467","1":"product","2":"type-product","3":"status-publish","5":"product_cat-din","6":"product_cat-islam","7":"product_cat-islam-tarihi","8":"pa_cilt-ciltsiz","9":"pa_tur-kitap","10":"pa_yayinevi-otto-yayinlari","11":"pa_yazar-nurullah-yazar","13":"first","14":"instock","15":"sale","16":"shipping-taxable","17":"purchasable","18":"product-type-simple"},"_links":{"self":[{"href":"https:\/\/roveyayinevi.com.tr\/index.php\/wp-json\/wp\/v2\/product\/717467","targetHints":{"allow":["GET"]}}],"collection":[{"href":"https:\/\/roveyayinevi.com.tr\/index.php\/wp-json\/wp\/v2\/product"}],"about":[{"href":"https:\/\/roveyayinevi.com.tr\/index.php\/wp-json\/wp\/v2\/types\/product"}],"wp:attachment":[{"href":"https:\/\/roveyayinevi.com.tr\/index.php\/wp-json\/wp\/v2\/media?parent=717467"}],"wp:term":[{"taxonomy":"product_brand","embeddable":true,"href":"https:\/\/roveyayinevi.com.tr\/index.php\/wp-json\/wp\/v2\/product_brand?post=717467"},{"taxonomy":"product_cat","embeddable":true,"href":"https:\/\/roveyayinevi.com.tr\/index.php\/wp-json\/wp\/v2\/product_cat?post=717467"},{"taxonomy":"product_tag","embeddable":true,"href":"https:\/\/roveyayinevi.com.tr\/index.php\/wp-json\/wp\/v2\/product_tag?post=717467"}],"curies":[{"name":"wp","href":"https:\/\/api.w.org\/{rel}","templated":true}]}}